{"id":1169,"date":"2021-08-08T09:24:42","date_gmt":"2021-08-08T07:24:42","guid":{"rendered":"https:\/\/akademie-tiertherapie.de\/hundeschule\/?page_id=1169"},"modified":"2023-04-06T16:49:40","modified_gmt":"2023-04-06T14:49:40","slug":"die-akademie","status":"publish","type":"page","link":"https:\/\/akademie-tiertherapie.de\/hundeschule\/die-hundeschule\/die-akademie\/","title":{"rendered":"Die Akademie"},"content":{"rendered":"\t\t<div data-elementor-type=\"wp-page\" data-elementor-id=\"1169\" class=\"elementor elementor-1169\" data-elementor-post-type=\"page\">\n\t\t\t\t\t\t<section class=\"elementor-section elementor-top-section elementor-element elementor-element-6ee7da20 elementor-section-boxed elementor-section-height-default elementor-section-height-default\" data-id=\"6ee7da20\" data-element_type=\"section\" data-e-type=\"section\">\n\t\t\t\t\t\t<div class=\"elementor-container elementor-column-gap-default\">\n\t\t\t\t\t<div class=\"elementor-column elementor-col-33 elementor-top-column elementor-element elementor-element-6ba04c9\" data-id=\"6ba04c9\" data-element_type=\"column\" data-e-type=\"column\">\n\t\t\t<div class=\"elementor-widget-wrap elementor-element-populated\">\n\t\t\t\t\t\t<div class=\"elementor-element elementor-element-e498ae2 elementor-widget elementor-widget-themedraft_image\" data-id=\"e498ae2\" data-element_type=\"widget\" data-e-type=\"widget\" data-widget_type=\"themedraft_image.default\">\n\t\t\t\t<div class=\"elementor-widget-container\">\n\t\t\t\t\t\n\t\t<div class=\"td-image-widget-wrapper\">\n\t\t\t<div class=\"td-image-container\">\n\t\t\t\t<img decoding=\"async\" src=\"https:\/\/akademie-tiertherapie.de\/hundeschule\/wp-content\/uploads\/2021\/08\/ueber-uns.png\" alt=\"\">\n\t\t\t<\/div>\n\t\t<\/div>\n\n\t\t\t\t\t\t<\/div>\n\t\t\t\t<\/div>\n\t\t\t\t\t<\/div>\n\t\t<\/div>\n\t\t\t\t<div class=\"elementor-column elementor-col-33 elementor-top-column elementor-element elementor-element-ade4a77\" data-id=\"ade4a77\" data-element_type=\"column\" data-e-type=\"column\">\n\t\t\t<div class=\"elementor-widget-wrap elementor-element-populated\">\n\t\t\t\t\t\t<div class=\"elementor-element elementor-element-a400960 elementor-widget elementor-widget-text-editor\" data-id=\"a400960\" data-element_type=\"widget\" data-e-type=\"widget\" data-widget_type=\"text-editor.default\">\n\t\t\t\t<div class=\"elementor-widget-container\">\n\t\t\t\t\t\t\t\t\t<h3><span style=\"color: #003300;\">Unsere Vorteile<\/span><\/h3><p>Artgerechter Umgang mit Tieren<br \/>Moderne Ausbildungsmethoden<\/p><ul><li><p><span style=\"color: #003300;\">professionell<\/span><\/p><\/li><li><p><span style=\"color: #003300;\">individuell<\/span><\/p><\/li><li><p><span style=\"color: #003300;\">qualifiziert<\/span><\/p><\/li><li><p><span style=\"color: #003300;\">anspruchsvoll<\/span><\/p><\/li><li><p><span style=\"color: #003300;\">gut vernetzt<\/span><\/p><\/li><li>nachhaltig<\/li><\/ul>\t\t\t\t\t\t\t\t<\/div>\n\t\t\t\t<\/div>\n\t\t\t\t\t<\/div>\n\t\t<\/div>\n\t\t\t\t<div class=\"elementor-column elementor-col-33 elementor-top-column elementor-element elementor-element-2741d2c\" data-id=\"2741d2c\" data-element_type=\"column\" data-e-type=\"column\">\n\t\t\t<div class=\"elementor-widget-wrap elementor-element-populated\">\n\t\t\t\t\t\t<div class=\"elementor-element elementor-element-7eaebdd elementor-widget elementor-widget-text-editor\" data-id=\"7eaebdd\" data-element_type=\"widget\" data-e-type=\"widget\" data-widget_type=\"text-editor.default\">\n\t\t\t\t<div class=\"elementor-widget-container\">\n\t\t\t\t\t\t\t\t\t<p>Gegr\u00fcndet im Jahr 2016 bietet die Akademie f\u00fcr Tiertherapeutische Berufe nicht nur Aus- und Fortbildungen in verschiedenen tiertherapeutischen Berufen sondern auch Hundetraining an.\u00a0<\/p><p>Die Trainingsmethoden beruhen in allen Bereichen nicht nur auf fundiertem Wissen sondern ber\u00fccksichtigen auch die Individualit\u00e4t von Hund und Mensch. Eine eindeutige Kommunikation kombiniert mit positiver Verst\u00e4rkung und klaren Grenzen f\u00fchrt hierbei mit Spa\u00df zum gemeinsamen Erfolg.<\/p><p>Im Umgang mit Kooperationspartnern und Referenten zeichnet sich die Akademie durch\u00a0 Professionalit\u00e4t, Verl\u00e4sslichkeit und Vertrauen aus. Des Weiteren wird gro\u00dfer Wert auf artgerechten Umgang mit Tieren gelegt.<\/p><p>Wir sind Mitglied im\u00a0<span style=\"color: #003300;\">Deutschen Fachverband Tiertherapeutischer Berufe e.V. <\/span>und die Veranstaltungen der Akademie sind anerkannte Fortbildungsveranstaltung der\u00a0Tier\u00e4rztekammern Schleswig-Holstein und Niedersachen.<\/p>\t\t\t\t\t\t\t\t<\/div>\n\t\t\t\t<\/div>\n\t\t\t\t\t<\/div>\n\t\t<\/div>\n\t\t\t\t\t<\/div>\n\t\t<\/section>\n\t\t\t\t<\/div>\n\t\t","protected":false},"excerpt":{"rendered":"<p>Unsere Vorteile Artgerechter Umgang mit TierenModerne Ausbildungsmethoden professionell individuell qualifiziert anspruchsvoll gut vernetzt nachhaltig Gegr\u00fcndet im Jahr 2016 bietet die Akademie f\u00fcr Tiertherapeutische Berufe nicht nur Aus- und Fortbildungen in verschiedenen tiertherapeutischen Berufen sondern auch Hundetraining an.\u00a0 Die Trainingsmethoden beruhen in allen Bereichen nicht nur auf fundiertem Wissen sondern ber\u00fccksichtigen auch die Individualit\u00e4t von Hund [&hellip;]<\/p>\n","protected":false},"author":1,"featured_media":0,"parent":993,"menu_order":0,"comment_status":"closed","ping_status":"closed","template":"","meta":{"footnotes":""},"class_list":["post-1169","page","type-page","status-publish","hentry"],"yoast_head":"<!-- This site is optimized with the Yoast SEO plugin v27.1.1 - https:\/\/yoast.com\/product\/yoast-seo-wordpress\/ -->\n<title>Die Akademie - Akademie f\u00fcr Tiertherapie - Hundeschule<\/title>\n<meta name=\"robots\" content=\"index, follow, max-snippet:-1, max-image-preview:large, max-video-preview:-1\" \/>\n<link rel=\"canonical\" href=\"https:\/\/akademie-tiertherapie.de\/hundeschule\/die-hundeschule\/die-akademie\/\" \/>\n<meta property=\"og:locale\" content=\"de_DE\" \/>\n<meta property=\"og:type\" content=\"article\" \/>\n<meta property=\"og:title\" content=\"Die Akademie - Akademie f\u00fcr Tiertherapie - Hundeschule\" \/>\n<meta property=\"og:description\" content=\"Unsere Vorteile Artgerechter Umgang mit TierenModerne Ausbildungsmethoden professionell individuell qualifiziert anspruchsvoll gut vernetzt nachhaltig Gegr\u00fcndet im Jahr 2016 bietet die Akademie f\u00fcr Tiertherapeutische Berufe nicht nur Aus- und Fortbildungen in verschiedenen tiertherapeutischen Berufen sondern auch Hundetraining an.\u00a0 Die Trainingsmethoden beruhen in allen Bereichen nicht nur auf fundiertem Wissen sondern ber\u00fccksichtigen auch die Individualit\u00e4t von Hund [&hellip;]\" \/>\n<meta property=\"og:url\" content=\"https:\/\/akademie-tiertherapie.de\/hundeschule\/die-hundeschule\/die-akademie\/\" \/>\n<meta property=\"og:site_name\" content=\"Akademie f\u00fcr Tiertherapie - Hundeschule\" \/>\n<meta property=\"article:publisher\" content=\"https:\/\/www.facebook.com\/AkademieTier\" \/>\n<meta property=\"article:modified_time\" content=\"2023-04-06T14:49:40+00:00\" \/>\n<meta property=\"og:image\" content=\"https:\/\/akademie-tiertherapie.de\/hundeschule\/wp-content\/uploads\/2021\/08\/ueber-uns.png\" \/>\n<meta name=\"twitter:card\" content=\"summary_large_image\" \/>\n<meta name=\"twitter:label1\" content=\"Gesch\u00e4tzte Lesezeit\" \/>\n\t<meta name=\"twitter:data1\" content=\"2\u00a0Minuten\" \/>\n<script type=\"application\/ld+json\" class=\"yoast-schema-graph\">{\"@context\":\"https:\/\/schema.org\",\"@graph\":[{\"@type\":\"WebPage\",\"@id\":\"https:\/\/akademie-tiertherapie.de\/hundeschule\/die-hundeschule\/die-akademie\/\",\"url\":\"https:\/\/akademie-tiertherapie.de\/hundeschule\/die-hundeschule\/die-akademie\/\",\"name\":\"Die Akademie - Akademie f\u00fcr Tiertherapie - Hundeschule\",\"isPartOf\":{\"@id\":\"https:\/\/akademie-tiertherapie.de\/hundeschule\/#website\"},\"primaryImageOfPage\":{\"@id\":\"https:\/\/akademie-tiertherapie.de\/hundeschule\/die-hundeschule\/die-akademie\/#primaryimage\"},\"image\":{\"@id\":\"https:\/\/akademie-tiertherapie.de\/hundeschule\/die-hundeschule\/die-akademie\/#primaryimage\"},\"thumbnailUrl\":\"https:\/\/akademie-tiertherapie.de\/hundeschule\/wp-content\/uploads\/2021\/08\/ueber-uns.png\",\"datePublished\":\"2021-08-08T07:24:42+00:00\",\"dateModified\":\"2023-04-06T14:49:40+00:00\",\"breadcrumb\":{\"@id\":\"https:\/\/akademie-tiertherapie.de\/hundeschule\/die-hundeschule\/die-akademie\/#breadcrumb\"},\"inLanguage\":\"de\",\"potentialAction\":[{\"@type\":\"ReadAction\",\"target\":[\"https:\/\/akademie-tiertherapie.de\/hundeschule\/die-hundeschule\/die-akademie\/\"]}]},{\"@type\":\"ImageObject\",\"inLanguage\":\"de\",\"@id\":\"https:\/\/akademie-tiertherapie.de\/hundeschule\/die-hundeschule\/die-akademie\/#primaryimage\",\"url\":\"https:\/\/akademie-tiertherapie.de\/hundeschule\/wp-content\/uploads\/2021\/08\/ueber-uns.png\",\"contentUrl\":\"https:\/\/akademie-tiertherapie.de\/hundeschule\/wp-content\/uploads\/2021\/08\/ueber-uns.png\"},{\"@type\":\"BreadcrumbList\",\"@id\":\"https:\/\/akademie-tiertherapie.de\/hundeschule\/die-hundeschule\/die-akademie\/#breadcrumb\",\"itemListElement\":[{\"@type\":\"ListItem\",\"position\":1,\"name\":\"Startseite\",\"item\":\"https:\/\/akademie-tiertherapie.de\/hundeschule\/\"},{\"@type\":\"ListItem\",\"position\":2,\"name\":\"Termine\/Preise\",\"item\":\"https:\/\/akademie-tiertherapie.de\/hundeschule\/die-hundeschule\/\"},{\"@type\":\"ListItem\",\"position\":3,\"name\":\"Die Akademie\"}]},{\"@type\":\"WebSite\",\"@id\":\"https:\/\/akademie-tiertherapie.de\/hundeschule\/#website\",\"url\":\"https:\/\/akademie-tiertherapie.de\/hundeschule\/\",\"name\":\"Akademie f\u00fcr Tiertherapie - Hundeschule\",\"description\":\"Akademie f\u00fcr Tiertherapeutische Berufe Ausbildung Hundepsychologe Hundephysiotherapeut Tiergest\u00fctzte Therapie\",\"publisher\":{\"@id\":\"https:\/\/akademie-tiertherapie.de\/hundeschule\/#organization\"},\"potentialAction\":[{\"@type\":\"SearchAction\",\"target\":{\"@type\":\"EntryPoint\",\"urlTemplate\":\"https:\/\/akademie-tiertherapie.de\/hundeschule\/?s={search_term_string}\"},\"query-input\":{\"@type\":\"PropertyValueSpecification\",\"valueRequired\":true,\"valueName\":\"search_term_string\"}}],\"inLanguage\":\"de\"},{\"@type\":\"Organization\",\"@id\":\"https:\/\/akademie-tiertherapie.de\/hundeschule\/#organization\",\"name\":\"Akademie Tiertherapie\",\"url\":\"https:\/\/akademie-tiertherapie.de\/hundeschule\/\",\"logo\":{\"@type\":\"ImageObject\",\"inLanguage\":\"de\",\"@id\":\"https:\/\/akademie-tiertherapie.de\/hundeschule\/#\/schema\/logo\/image\/\",\"url\":\"https:\/\/akademie-tiertherapie.de\/hundeschule\/wp-content\/uploads\/2022\/03\/ALogoBrown726KB.png\",\"contentUrl\":\"https:\/\/akademie-tiertherapie.de\/hundeschule\/wp-content\/uploads\/2022\/03\/ALogoBrown726KB.png\",\"width\":2233,\"height\":2173,\"caption\":\"Akademie Tiertherapie\"},\"image\":{\"@id\":\"https:\/\/akademie-tiertherapie.de\/hundeschule\/#\/schema\/logo\/image\/\"},\"sameAs\":[\"https:\/\/www.facebook.com\/AkademieTier\",\"https:\/\/www.instagram.com\/akademietier\/\"]}]}<\/script>\n<!-- \/ Yoast SEO plugin. -->","yoast_head_json":{"title":"Die Akademie - Akademie f\u00fcr Tiertherapie - Hundeschule","robots":{"index":"index","follow":"follow","max-snippet":"max-snippet:-1","max-image-preview":"max-image-preview:large","max-video-preview":"max-video-preview:-1"},"canonical":"https:\/\/akademie-tiertherapie.de\/hundeschule\/die-hundeschule\/die-akademie\/","og_locale":"de_DE","og_type":"article","og_title":"Die Akademie - Akademie f\u00fcr Tiertherapie - Hundeschule","og_description":"Unsere Vorteile Artgerechter Umgang mit TierenModerne Ausbildungsmethoden professionell individuell qualifiziert anspruchsvoll gut vernetzt nachhaltig Gegr\u00fcndet im Jahr 2016 bietet die Akademie f\u00fcr Tiertherapeutische Berufe nicht nur Aus- und Fortbildungen in verschiedenen tiertherapeutischen Berufen sondern auch Hundetraining an.\u00a0 Die Trainingsmethoden beruhen in allen Bereichen nicht nur auf fundiertem Wissen sondern ber\u00fccksichtigen auch die Individualit\u00e4t von Hund [&hellip;]","og_url":"https:\/\/akademie-tiertherapie.de\/hundeschule\/die-hundeschule\/die-akademie\/","og_site_name":"Akademie f\u00fcr Tiertherapie - Hundeschule","article_publisher":"https:\/\/www.facebook.com\/AkademieTier","article_modified_time":"2023-04-06T14:49:40+00:00","og_image":[{"url":"https:\/\/akademie-tiertherapie.de\/hundeschule\/wp-content\/uploads\/2021\/08\/ueber-uns.png","type":"","width":"","height":""}],"twitter_card":"summary_large_image","twitter_misc":{"Gesch\u00e4tzte Lesezeit":"2\u00a0Minuten"},"schema":{"@context":"https:\/\/schema.org","@graph":[{"@type":"WebPage","@id":"https:\/\/akademie-tiertherapie.de\/hundeschule\/die-hundeschule\/die-akademie\/","url":"https:\/\/akademie-tiertherapie.de\/hundeschule\/die-hundeschule\/die-akademie\/","name":"Die Akademie - Akademie f\u00fcr Tiertherapie - Hundeschule","isPartOf":{"@id":"https:\/\/akademie-tiertherapie.de\/hundeschule\/#website"},"primaryImageOfPage":{"@id":"https:\/\/akademie-tiertherapie.de\/hundeschule\/die-hundeschule\/die-akademie\/#primaryimage"},"image":{"@id":"https:\/\/akademie-tiertherapie.de\/hundeschule\/die-hundeschule\/die-akademie\/#primaryimage"},"thumbnailUrl":"https:\/\/akademie-tiertherapie.de\/hundeschule\/wp-content\/uploads\/2021\/08\/ueber-uns.png","datePublished":"2021-08-08T07:24:42+00:00","dateModified":"2023-04-06T14:49:40+00:00","breadcrumb":{"@id":"https:\/\/akademie-tiertherapie.de\/hundeschule\/die-hundeschule\/die-akademie\/#breadcrumb"},"inLanguage":"de","potentialAction":[{"@type":"ReadAction","target":["https:\/\/akademie-tiertherapie.de\/hundeschule\/die-hundeschule\/die-akademie\/"]}]},{"@type":"ImageObject","inLanguage":"de","@id":"https:\/\/akademie-tiertherapie.de\/hundeschule\/die-hundeschule\/die-akademie\/#primaryimage","url":"https:\/\/akademie-tiertherapie.de\/hundeschule\/wp-content\/uploads\/2021\/08\/ueber-uns.png","contentUrl":"https:\/\/akademie-tiertherapie.de\/hundeschule\/wp-content\/uploads\/2021\/08\/ueber-uns.png"},{"@type":"BreadcrumbList","@id":"https:\/\/akademie-tiertherapie.de\/hundeschule\/die-hundeschule\/die-akademie\/#breadcrumb","itemListElement":[{"@type":"ListItem","position":1,"name":"Startseite","item":"https:\/\/akademie-tiertherapie.de\/hundeschule\/"},{"@type":"ListItem","position":2,"name":"Termine\/Preise","item":"https:\/\/akademie-tiertherapie.de\/hundeschule\/die-hundeschule\/"},{"@type":"ListItem","position":3,"name":"Die Akademie"}]},{"@type":"WebSite","@id":"https:\/\/akademie-tiertherapie.de\/hundeschule\/#website","url":"https:\/\/akademie-tiertherapie.de\/hundeschule\/","name":"Akademie f\u00fcr Tiertherapie - Hundeschule","description":"Akademie f\u00fcr Tiertherapeutische Berufe Ausbildung Hundepsychologe Hundephysiotherapeut Tiergest\u00fctzte Therapie","publisher":{"@id":"https:\/\/akademie-tiertherapie.de\/hundeschule\/#organization"},"potentialAction":[{"@type":"SearchAction","target":{"@type":"EntryPoint","urlTemplate":"https:\/\/akademie-tiertherapie.de\/hundeschule\/?s={search_term_string}"},"query-input":{"@type":"PropertyValueSpecification","valueRequired":true,"valueName":"search_term_string"}}],"inLanguage":"de"},{"@type":"Organization","@id":"https:\/\/akademie-tiertherapie.de\/hundeschule\/#organization","name":"Akademie Tiertherapie","url":"https:\/\/akademie-tiertherapie.de\/hundeschule\/","logo":{"@type":"ImageObject","inLanguage":"de","@id":"https:\/\/akademie-tiertherapie.de\/hundeschule\/#\/schema\/logo\/image\/","url":"https:\/\/akademie-tiertherapie.de\/hundeschule\/wp-content\/uploads\/2022\/03\/ALogoBrown726KB.png","contentUrl":"https:\/\/akademie-tiertherapie.de\/hundeschule\/wp-content\/uploads\/2022\/03\/ALogoBrown726KB.png","width":2233,"height":2173,"caption":"Akademie Tiertherapie"},"image":{"@id":"https:\/\/akademie-tiertherapie.de\/hundeschule\/#\/schema\/logo\/image\/"},"sameAs":["https:\/\/www.facebook.com\/AkademieTier","https:\/\/www.instagram.com\/akademietier\/"]}]}},"_links":{"self":[{"href":"https:\/\/akademie-tiertherapie.de\/hundeschule\/wp-json\/wp\/v2\/pages\/1169","targetHints":{"allow":["GET"]}}],"collection":[{"href":"https:\/\/akademie-tiertherapie.de\/hundeschule\/wp-json\/wp\/v2\/pages"}],"about":[{"href":"https:\/\/akademie-tiertherapie.de\/hundeschule\/wp-json\/wp\/v2\/types\/page"}],"author":[{"embeddable":true,"href":"https:\/\/akademie-tiertherapie.de\/hundeschule\/wp-json\/wp\/v2\/users\/1"}],"replies":[{"embeddable":true,"href":"https:\/\/akademie-tiertherapie.de\/hundeschule\/wp-json\/wp\/v2\/comments?post=1169"}],"version-history":[{"count":37,"href":"https:\/\/akademie-tiertherapie.de\/hundeschule\/wp-json\/wp\/v2\/pages\/1169\/revisions"}],"predecessor-version":[{"id":3976,"href":"https:\/\/akademie-tiertherapie.de\/hundeschule\/wp-json\/wp\/v2\/pages\/1169\/revisions\/3976"}],"up":[{"embeddable":true,"href":"https:\/\/akademie-tiertherapie.de\/hundeschule\/wp-json\/wp\/v2\/pages\/993"}],"wp:attachment":[{"href":"https:\/\/akademie-tiertherapie.de\/hundeschule\/wp-json\/wp\/v2\/media?parent=1169"}],"curies":[{"name":"wp","href":"https:\/\/api.w.org\/{rel}","templated":true}]}}