{"id":4127,"date":"2023-04-10T11:31:27","date_gmt":"2023-04-10T09:31:27","guid":{"rendered":"https:\/\/akademie-tiertherapie.de\/hundeschule\/?page_id=4127"},"modified":"2023-05-17T10:47:21","modified_gmt":"2023-05-17T08:47:21","slug":"hunde-tests","status":"publish","type":"page","link":"https:\/\/akademie-tiertherapie.de\/hundeschule\/wir-bieten\/hunde-tests\/","title":{"rendered":"Hunde-Tests"},"content":{"rendered":"\t\t<div data-elementor-type=\"wp-page\" data-elementor-id=\"4127\" class=\"elementor elementor-4127\" data-elementor-post-type=\"page\">\n\t\t\t\t\t\t<section class=\"elementor-section elementor-top-section elementor-element elementor-element-d047206 elementor-section-boxed elementor-section-height-default elementor-section-height-default\" data-id=\"d047206\" data-element_type=\"section\" data-e-type=\"section\">\n\t\t\t\t\t\t<div class=\"elementor-container elementor-column-gap-default\">\n\t\t\t\t\t<div class=\"elementor-column elementor-col-100 elementor-top-column elementor-element elementor-element-e8b2fd3\" data-id=\"e8b2fd3\" data-element_type=\"column\" data-e-type=\"column\">\n\t\t\t<div class=\"elementor-widget-wrap elementor-element-populated\">\n\t\t\t\t\t\t<div class=\"elementor-element elementor-element-e8b3306 elementor-widget elementor-widget-themedraft_section_title\" data-id=\"e8b3306\" data-element_type=\"widget\" data-e-type=\"widget\" data-widget_type=\"themedraft_section_title.default\">\n\t\t\t\t<div class=\"elementor-widget-container\">\n\t\t\t\t\t\n        <div class=\"row\">\n            <div class=\"col-lg-12\">\n                <div class=\"td-section-title-wrap section-title-8527\">\n                    <div class=\"td-section-title-content\">\n\t\t\t\t\t\t\n\t\t\t\t\t\t                        <h6 class=\"subtitle\">Hunde-Tests<\/h6>\n\t\t\t\t\t\n                    <h2 class=\"title\">                <\/h2>\n\t\t\t\t                    <div class=\"title-description\">\n\t\t\t\t\t\t<p><strong>Einsch\u00e4tzung von Hunden\u00a0<\/strong><\/p><ul><li>Welpen-Test<\/li><li>Therapiehund-Eignungstest<\/li><li>Test zur Charakter-Einsch\u00e4tzung, gezielter Trainingsaufbau\u00a0<\/li><\/ul><p>\u00a0<\/p><p>Tests zur Einsch\u00e4tzung von Hunden dienen dazu, das Verhalten, die F\u00e4higkeiten und die mentalen Eigenschaften eines Hundes zu beurteilen und Informationen \u00fcber das Temperament, die Sozialvertr\u00e4glichkeit, die Intelligenz und die Trainierbarkeit zu gewinnen. Sie spielen eine wichtige Rolle in der Auswahl und Bewertung eines Hundes, um zu entscheiden ob dieser als Familienhund, Arbeitshund, Rettungshund oder Therapiehund eingesetzt werden kann.<\/p><p>Die verschiedenen Arten von Tests basieren auf unterschiedlichen Kriterien und Methoden. Bei allen Tests wird das Verhalten des Hundes in verschiedenen Situationen bewertet. Dabei beobachtet man Reaktionen auf Umweltreize, Interaktionen mit anderen Tieren, sowie die F\u00e4higkeiten mit seinem Menschen zu interagieren.<\/p><p>Bei unseren Tests, steht das Wohl des Hundes stets im Vordergrund, und es werden keine sch\u00e4dlichen oder belastenden Methoden eingesetzt. Wir interpretieren die Test-Ergebnisse stets angemessen und stellen sie in den Kontext des individuellen Hundes.<\/p><p>Insgesamt k\u00f6nnen Tests zur Einsch\u00e4tzung von Hunden wertvolle Informationen \u00fcber das Verhalten, die F\u00e4higkeiten und die Eigenschaften eines Hundes liefern. Sie k\u00f6nnen bei der Auswahl des richtigen Hundes f\u00fcr bestimmte Aufgaben oder Lebensumst\u00e4nde helfen und dazu beitragen, eine gute Mensch-Hund-Beziehung aufzubauen.\u00a0<\/p><p>Es ist wichtig zu beachten, dass Tests zur Einsch\u00e4tzung von Hunden zwar bei der Beurteilung des gegenw\u00e4rtigen Standes helfen, das Verhalten und die Eigenschaften jedoch stark durch Erziehung, Lebensumst\u00e4nde und Umwelteinfl\u00fcsse beeinflusst werden k\u00f6nnen.<\/p>                    <\/div>\n\t\t\t\t            <\/div>\n        <\/div>\n        <\/div>\n\n        <style>\n            .td-section-title-wrap.section-title-8527 .subtitle:before{\n                background-image: url(\"https:\/\/akademie-tiertherapie.de\/hundeschule\/wp-content\/uploads\/2021\/08\/shape-blue.png\");\n            }\n        <\/style>\n        <\/div>\n\n\t\t\t\t\t\t<\/div>\n\t\t\t\t<\/div>\n\t\t\t\t\t<\/div>\n\t\t<\/div>\n\t\t\t\t\t<\/div>\n\t\t<\/section>\n\t\t\t\t<\/div>\n\t\t","protected":false},"excerpt":{"rendered":"<p>Hunde-Tests Einsch\u00e4tzung von Hunden\u00a0 Welpen-Test Therapiehund-Eignungstest Test zur Charakter-Einsch\u00e4tzung, gezielter Trainingsaufbau\u00a0 \u00a0 Tests zur Einsch\u00e4tzung von Hunden dienen dazu, das Verhalten, die F\u00e4higkeiten und die mentalen Eigenschaften eines Hundes zu beurteilen und Informationen \u00fcber das Temperament, die Sozialvertr\u00e4glichkeit, die Intelligenz und die Trainierbarkeit zu gewinnen. Sie spielen eine wichtige Rolle in der Auswahl und Bewertung [&hellip;]<\/p>\n","protected":false},"author":2,"featured_media":0,"parent":650,"menu_order":0,"comment_status":"closed","ping_status":"closed","template":"","meta":{"footnotes":""},"class_list":["post-4127","page","type-page","status-publish","hentry"],"yoast_head":"<!-- This site is optimized with the Yoast SEO plugin v27.1.1 - https:\/\/yoast.com\/product\/yoast-seo-wordpress\/ -->\n<title>Hunde-Tests - Akademie f\u00fcr Tiertherapie - Hundeschule<\/title>\n<meta name=\"robots\" content=\"index, follow, max-snippet:-1, max-image-preview:large, max-video-preview:-1\" \/>\n<link rel=\"canonical\" href=\"https:\/\/akademie-tiertherapie.de\/hundeschule\/wir-bieten\/hunde-tests\/\" \/>\n<meta property=\"og:locale\" content=\"de_DE\" \/>\n<meta property=\"og:type\" content=\"article\" \/>\n<meta property=\"og:title\" content=\"Hunde-Tests - Akademie f\u00fcr Tiertherapie - Hundeschule\" \/>\n<meta property=\"og:description\" content=\"Hunde-Tests Einsch\u00e4tzung von Hunden\u00a0 Welpen-Test Therapiehund-Eignungstest Test zur Charakter-Einsch\u00e4tzung, gezielter Trainingsaufbau\u00a0 \u00a0 Tests zur Einsch\u00e4tzung von Hunden dienen dazu, das Verhalten, die F\u00e4higkeiten und die mentalen Eigenschaften eines Hundes zu beurteilen und Informationen \u00fcber das Temperament, die Sozialvertr\u00e4glichkeit, die Intelligenz und die Trainierbarkeit zu gewinnen. Sie spielen eine wichtige Rolle in der Auswahl und Bewertung [&hellip;]\" \/>\n<meta property=\"og:url\" content=\"https:\/\/akademie-tiertherapie.de\/hundeschule\/wir-bieten\/hunde-tests\/\" \/>\n<meta property=\"og:site_name\" content=\"Akademie f\u00fcr Tiertherapie - Hundeschule\" \/>\n<meta property=\"article:publisher\" content=\"https:\/\/www.facebook.com\/AkademieTier\" \/>\n<meta property=\"article:modified_time\" content=\"2023-05-17T08:47:21+00:00\" \/>\n<meta name=\"twitter:card\" content=\"summary_large_image\" \/>\n<meta name=\"twitter:label1\" content=\"Gesch\u00e4tzte Lesezeit\" \/>\n\t<meta name=\"twitter:data1\" content=\"1\u00a0Minute\" \/>\n<script type=\"application\/ld+json\" class=\"yoast-schema-graph\">{\"@context\":\"https:\/\/schema.org\",\"@graph\":[{\"@type\":\"WebPage\",\"@id\":\"https:\/\/akademie-tiertherapie.de\/hundeschule\/wir-bieten\/hunde-tests\/\",\"url\":\"https:\/\/akademie-tiertherapie.de\/hundeschule\/wir-bieten\/hunde-tests\/\",\"name\":\"Hunde-Tests - Akademie f\u00fcr Tiertherapie - Hundeschule\",\"isPartOf\":{\"@id\":\"https:\/\/akademie-tiertherapie.de\/hundeschule\/#website\"},\"datePublished\":\"2023-04-10T09:31:27+00:00\",\"dateModified\":\"2023-05-17T08:47:21+00:00\",\"breadcrumb\":{\"@id\":\"https:\/\/akademie-tiertherapie.de\/hundeschule\/wir-bieten\/hunde-tests\/#breadcrumb\"},\"inLanguage\":\"de\",\"potentialAction\":[{\"@type\":\"ReadAction\",\"target\":[\"https:\/\/akademie-tiertherapie.de\/hundeschule\/wir-bieten\/hunde-tests\/\"]}]},{\"@type\":\"BreadcrumbList\",\"@id\":\"https:\/\/akademie-tiertherapie.de\/hundeschule\/wir-bieten\/hunde-tests\/#breadcrumb\",\"itemListElement\":[{\"@type\":\"ListItem\",\"position\":1,\"name\":\"Startseite\",\"item\":\"https:\/\/akademie-tiertherapie.de\/hundeschule\/\"},{\"@type\":\"ListItem\",\"position\":2,\"name\":\"Wir bieten\",\"item\":\"https:\/\/akademie-tiertherapie.de\/hundeschule\/wir-bieten\/\"},{\"@type\":\"ListItem\",\"position\":3,\"name\":\"Hunde-Tests\"}]},{\"@type\":\"WebSite\",\"@id\":\"https:\/\/akademie-tiertherapie.de\/hundeschule\/#website\",\"url\":\"https:\/\/akademie-tiertherapie.de\/hundeschule\/\",\"name\":\"Akademie f\u00fcr Tiertherapie - Hundeschule\",\"description\":\"Akademie f\u00fcr Tiertherapeutische Berufe Ausbildung Hundepsychologe Hundephysiotherapeut Tiergest\u00fctzte Therapie\",\"publisher\":{\"@id\":\"https:\/\/akademie-tiertherapie.de\/hundeschule\/#organization\"},\"potentialAction\":[{\"@type\":\"SearchAction\",\"target\":{\"@type\":\"EntryPoint\",\"urlTemplate\":\"https:\/\/akademie-tiertherapie.de\/hundeschule\/?s={search_term_string}\"},\"query-input\":{\"@type\":\"PropertyValueSpecification\",\"valueRequired\":true,\"valueName\":\"search_term_string\"}}],\"inLanguage\":\"de\"},{\"@type\":\"Organization\",\"@id\":\"https:\/\/akademie-tiertherapie.de\/hundeschule\/#organization\",\"name\":\"Akademie Tiertherapie\",\"url\":\"https:\/\/akademie-tiertherapie.de\/hundeschule\/\",\"logo\":{\"@type\":\"ImageObject\",\"inLanguage\":\"de\",\"@id\":\"https:\/\/akademie-tiertherapie.de\/hundeschule\/#\/schema\/logo\/image\/\",\"url\":\"https:\/\/akademie-tiertherapie.de\/hundeschule\/wp-content\/uploads\/2022\/03\/ALogoBrown726KB.png\",\"contentUrl\":\"https:\/\/akademie-tiertherapie.de\/hundeschule\/wp-content\/uploads\/2022\/03\/ALogoBrown726KB.png\",\"width\":2233,\"height\":2173,\"caption\":\"Akademie Tiertherapie\"},\"image\":{\"@id\":\"https:\/\/akademie-tiertherapie.de\/hundeschule\/#\/schema\/logo\/image\/\"},\"sameAs\":[\"https:\/\/www.facebook.com\/AkademieTier\",\"https:\/\/www.instagram.com\/akademietier\/\"]}]}<\/script>\n<!-- \/ Yoast SEO plugin. -->","yoast_head_json":{"title":"Hunde-Tests - Akademie f\u00fcr Tiertherapie - Hundeschule","robots":{"index":"index","follow":"follow","max-snippet":"max-snippet:-1","max-image-preview":"max-image-preview:large","max-video-preview":"max-video-preview:-1"},"canonical":"https:\/\/akademie-tiertherapie.de\/hundeschule\/wir-bieten\/hunde-tests\/","og_locale":"de_DE","og_type":"article","og_title":"Hunde-Tests - Akademie f\u00fcr Tiertherapie - Hundeschule","og_description":"Hunde-Tests Einsch\u00e4tzung von Hunden\u00a0 Welpen-Test Therapiehund-Eignungstest Test zur Charakter-Einsch\u00e4tzung, gezielter Trainingsaufbau\u00a0 \u00a0 Tests zur Einsch\u00e4tzung von Hunden dienen dazu, das Verhalten, die F\u00e4higkeiten und die mentalen Eigenschaften eines Hundes zu beurteilen und Informationen \u00fcber das Temperament, die Sozialvertr\u00e4glichkeit, die Intelligenz und die Trainierbarkeit zu gewinnen. Sie spielen eine wichtige Rolle in der Auswahl und Bewertung [&hellip;]","og_url":"https:\/\/akademie-tiertherapie.de\/hundeschule\/wir-bieten\/hunde-tests\/","og_site_name":"Akademie f\u00fcr Tiertherapie - Hundeschule","article_publisher":"https:\/\/www.facebook.com\/AkademieTier","article_modified_time":"2023-05-17T08:47:21+00:00","twitter_card":"summary_large_image","twitter_misc":{"Gesch\u00e4tzte Lesezeit":"1\u00a0Minute"},"schema":{"@context":"https:\/\/schema.org","@graph":[{"@type":"WebPage","@id":"https:\/\/akademie-tiertherapie.de\/hundeschule\/wir-bieten\/hunde-tests\/","url":"https:\/\/akademie-tiertherapie.de\/hundeschule\/wir-bieten\/hunde-tests\/","name":"Hunde-Tests - Akademie f\u00fcr Tiertherapie - Hundeschule","isPartOf":{"@id":"https:\/\/akademie-tiertherapie.de\/hundeschule\/#website"},"datePublished":"2023-04-10T09:31:27+00:00","dateModified":"2023-05-17T08:47:21+00:00","breadcrumb":{"@id":"https:\/\/akademie-tiertherapie.de\/hundeschule\/wir-bieten\/hunde-tests\/#breadcrumb"},"inLanguage":"de","potentialAction":[{"@type":"ReadAction","target":["https:\/\/akademie-tiertherapie.de\/hundeschule\/wir-bieten\/hunde-tests\/"]}]},{"@type":"BreadcrumbList","@id":"https:\/\/akademie-tiertherapie.de\/hundeschule\/wir-bieten\/hunde-tests\/#breadcrumb","itemListElement":[{"@type":"ListItem","position":1,"name":"Startseite","item":"https:\/\/akademie-tiertherapie.de\/hundeschule\/"},{"@type":"ListItem","position":2,"name":"Wir bieten","item":"https:\/\/akademie-tiertherapie.de\/hundeschule\/wir-bieten\/"},{"@type":"ListItem","position":3,"name":"Hunde-Tests"}]},{"@type":"WebSite","@id":"https:\/\/akademie-tiertherapie.de\/hundeschule\/#website","url":"https:\/\/akademie-tiertherapie.de\/hundeschule\/","name":"Akademie f\u00fcr Tiertherapie - Hundeschule","description":"Akademie f\u00fcr Tiertherapeutische Berufe Ausbildung Hundepsychologe Hundephysiotherapeut Tiergest\u00fctzte Therapie","publisher":{"@id":"https:\/\/akademie-tiertherapie.de\/hundeschule\/#organization"},"potentialAction":[{"@type":"SearchAction","target":{"@type":"EntryPoint","urlTemplate":"https:\/\/akademie-tiertherapie.de\/hundeschule\/?s={search_term_string}"},"query-input":{"@type":"PropertyValueSpecification","valueRequired":true,"valueName":"search_term_string"}}],"inLanguage":"de"},{"@type":"Organization","@id":"https:\/\/akademie-tiertherapie.de\/hundeschule\/#organization","name":"Akademie Tiertherapie","url":"https:\/\/akademie-tiertherapie.de\/hundeschule\/","logo":{"@type":"ImageObject","inLanguage":"de","@id":"https:\/\/akademie-tiertherapie.de\/hundeschule\/#\/schema\/logo\/image\/","url":"https:\/\/akademie-tiertherapie.de\/hundeschule\/wp-content\/uploads\/2022\/03\/ALogoBrown726KB.png","contentUrl":"https:\/\/akademie-tiertherapie.de\/hundeschule\/wp-content\/uploads\/2022\/03\/ALogoBrown726KB.png","width":2233,"height":2173,"caption":"Akademie Tiertherapie"},"image":{"@id":"https:\/\/akademie-tiertherapie.de\/hundeschule\/#\/schema\/logo\/image\/"},"sameAs":["https:\/\/www.facebook.com\/AkademieTier","https:\/\/www.instagram.com\/akademietier\/"]}]}},"_links":{"self":[{"href":"https:\/\/akademie-tiertherapie.de\/hundeschule\/wp-json\/wp\/v2\/pages\/4127","targetHints":{"allow":["GET"]}}],"collection":[{"href":"https:\/\/akademie-tiertherapie.de\/hundeschule\/wp-json\/wp\/v2\/pages"}],"about":[{"href":"https:\/\/akademie-tiertherapie.de\/hundeschule\/wp-json\/wp\/v2\/types\/page"}],"author":[{"embeddable":true,"href":"https:\/\/akademie-tiertherapie.de\/hundeschule\/wp-json\/wp\/v2\/users\/2"}],"replies":[{"embeddable":true,"href":"https:\/\/akademie-tiertherapie.de\/hundeschule\/wp-json\/wp\/v2\/comments?post=4127"}],"version-history":[{"count":21,"href":"https:\/\/akademie-tiertherapie.de\/hundeschule\/wp-json\/wp\/v2\/pages\/4127\/revisions"}],"predecessor-version":[{"id":4194,"href":"https:\/\/akademie-tiertherapie.de\/hundeschule\/wp-json\/wp\/v2\/pages\/4127\/revisions\/4194"}],"up":[{"embeddable":true,"href":"https:\/\/akademie-tiertherapie.de\/hundeschule\/wp-json\/wp\/v2\/pages\/650"}],"wp:attachment":[{"href":"https:\/\/akademie-tiertherapie.de\/hundeschule\/wp-json\/wp\/v2\/media?parent=4127"}],"curies":[{"name":"wp","href":"https:\/\/api.w.org\/{rel}","templated":true}]}}