{"id":710,"date":"2023-04-10T11:24:32","date_gmt":"2023-04-10T09:24:32","guid":{"rendered":"https:\/\/akademie-tiertherapie.de\/hundeschule\/?page_id=710"},"modified":"2023-04-10T12:03:41","modified_gmt":"2023-04-10T10:03:41","slug":"welpenkurs","status":"publish","type":"page","link":"https:\/\/akademie-tiertherapie.de\/hundeschule\/wir-bieten\/welpenkurs\/","title":{"rendered":"Welpenkurs"},"content":{"rendered":"\t\t<div data-elementor-type=\"wp-page\" data-elementor-id=\"710\" class=\"elementor elementor-710\" data-elementor-post-type=\"page\">\n\t\t\t\t\t\t<section class=\"elementor-section elementor-top-section elementor-element elementor-element-d047206 elementor-section-boxed elementor-section-height-default elementor-section-height-default\" data-id=\"d047206\" data-element_type=\"section\" data-e-type=\"section\">\n\t\t\t\t\t\t<div class=\"elementor-container elementor-column-gap-default\">\n\t\t\t\t\t<div class=\"elementor-column elementor-col-100 elementor-top-column elementor-element elementor-element-e8b2fd3\" data-id=\"e8b2fd3\" data-element_type=\"column\" data-e-type=\"column\">\n\t\t\t<div class=\"elementor-widget-wrap elementor-element-populated\">\n\t\t\t\t\t\t<div class=\"elementor-element elementor-element-e8b3306 elementor-widget elementor-widget-themedraft_section_title\" data-id=\"e8b3306\" data-element_type=\"widget\" data-e-type=\"widget\" data-widget_type=\"themedraft_section_title.default\">\n\t\t\t\t<div class=\"elementor-widget-container\">\n\t\t\t\t\t\n        <div class=\"row\">\n            <div class=\"col-lg-12\">\n                <div class=\"td-section-title-wrap section-title-6877\">\n                    <div class=\"td-section-title-content\">\n\t\t\t\t\t\t\n\t\t\t\t\t\t                        <h6 class=\"subtitle\">Welpenkurs ab der 8. Lebenswoche<\/h6>\n\t\t\t\t\t\n                    <h2 class=\"title\">                <\/h2>\n\t\t\t\t                    <div class=\"title-description\">\n\t\t\t\t\t\t<p><span style=\"color: #1a2902;\"><strong>Was erwartet Sie?<\/strong><\/span><\/p><ul><li class=\"firstItem\"><span style=\"color: #1a2902;\">Ihr Welpe erlebt, wie man mit Artgenossen und Menschen kommuniziert (Sozialverhalten)<\/span><\/li><li><span style=\"color: #1a2902;\">was die Umwelt alles zu bieten hat (Umweltreize)<\/span><\/li><li class=\"lastItem\"><span style=\"color: #1a2902;\">erste Schritte in Sachen Leinenf\u00fchrigkeit, Sitz, Platz und Co. (Grundgehorsam)<\/span><\/li><\/ul><p><span style=\"color: #1a2902;\">Au\u00dferdem<\/span><\/p><ul><li class=\"firstItem\"><span style=\"color: #1a2902;\">Wie wird der Welpe stubenrein?<\/span><\/li><li><span style=\"color: #1a2902;\">Wie gew\u00f6hnt man den Welpen ans Alleinsein?<\/span><\/li><li><span style=\"color: #1a2902;\">Wie verh\u00e4lt man sich in Hundebegegnungen?<\/span><\/li><li class=\"lastItem\"><span style=\"color: #1a2902;\">Und was Sie sonst so auf dem Herzen haben.<\/span><\/li><\/ul><p><span style=\"color: #1a2902;\">Sie lernen<\/span><\/p><ul><li class=\"firstItem\"><span style=\"color: #1a2902;\">Ihren Hund besser kennen und einsch\u00e4tzen<\/span><\/li><li><span style=\"color: #1a2902;\">wie Sie Ihrem Hund in schwierigen Situationen helfen k\u00f6nnen<\/span><\/li><li class=\"lastItem\"><span style=\"color: #1a2902;\">wie Sie effektiv mit ihm kommunizieren (Wie sag ich`s ihm? Was will er mir sagen?)<\/span><\/li><\/ul><p><span style=\"color: #1a2902;\">Gemeinsam mit Ihrem Hund erleben und meistern Sie Alltagssituationen (z.B. in der Stadt, im Baumarkt, im Wald, im Tierpark).<\/span><\/p><p><span style=\"color: #1a2902;\">Unser Ziel ist es, eine vertrauensvolle Beziehung zwischen Ihnen und Ihrem Hund zu f\u00f6rdern und Ihnen den Weg f\u00fcr ein harmonisches Miteinander zu ebnen.<\/span><\/p><p><span style=\"color: #1a2902;\">Dabei legen wir sehr viel Wert auf die Individualit\u00e4t der einzelnen Mensch-Hund-Teams und stimmen das Training auf ihre Bed\u00fcrfnisse ab.<\/span><\/p><p><span style=\"color: #1a2902;\">Wir freuen uns auf Sie und Ihren Hund!<\/span><\/p><p><span style=\"color: #1a2902;\"><strong>Welpengruppe ist nicht gleich Welpengruppe<\/strong><\/span><\/p><p><span style=\"color: #1a2902;\">Im Vordergrund eine guten und fachgerecht angeleiteten Welpenkurses steht die Schulung des Sozialverhaltens und die Gew\u00f6hnung an Umweltreize, damit sich der Welpe zu einem angstfreien und freundlichen Hund entwickeln kann. Daf\u00fcr ist wichtig, dass er Gutes erlebt!<\/span><\/p><p><span style=\"color: #1a2902;\">Dies gilt f\u00fcr alle Bereiche:<\/span><\/p><ul><li class=\"firstItem\"><span style=\"color: #1a2902;\">Im Hinblick auf die soziale Schulung bedeutet das vor allem, dass er im Umgang mit Artgenossen und Menschen H\u00f6flichkeitsregeln lernt. Hierbei spielen vor allem die Kontrolle der Erregungslage und die Schulung der Bei\u00dfhemmung eine wichtige Rolle.<\/span><\/li><li class=\"lastItem\"><span style=\"color: #1a2902;\">In Bezug auf Umweltreize ist das Ziel, den Welpen mit m\u00f6glichst vielen allt\u00e4glichen Dingen und Situationen vertraut zu machen, so dass er die Umwelt mit ihren wechselnden Reizen grunds\u00e4tzlich nicht als bedrohlich wahrnimmt.<\/span><\/li><\/ul><p><span style=\"color: #1a2902;\">Beide Bereiche k\u00f6nnen durch das gleichzeitige Training von bestimmten Gehorsamsregeln zus\u00e4tzlich positiv beeinflusst werden.<\/span><\/p><p><span style=\"color: #1a2902;\">Viele Gehorsams\u00fcbungen dienen dem Hund n\u00e4mlich langfristig als pers\u00f6nliche Erfolgs- und L\u00f6sungsstrategie \u2013 auch wenn es sp\u00e4ter im Leben einmal schwierigere Situationen zu meistern gilt.<\/span><\/p><p><span style=\"color: #1a2902;\">Heutzutage ist das Angebot an derartigen Kursen riesig. Leider gilt das Gleiche auch f\u00fcr<\/span><\/p><p><span style=\"color: #1a2902;\">die qualitativen Unterschiede zwischen den einzelnen Kursen.<\/span><\/p><p><span style=\"color: #1a2902;\">Fachgerechte Fr\u00fchf\u00f6rderung kann jedoch etwaige M\u00e4ngel, die ein fruchtbarer N\u00e4hrboden f\u00fcr Verhaltensauff\u00e4lligkeiten sind, h\u00e4ufig noch ausgleichen.<\/span><\/p><p><span style=\"color: #1a2902;\">Strafanwendung oder gar eine strafbasierte Ausbildung, sowie ein unkontrolliertes Miteinander, in dem das Gesetz des St\u00e4rkeren gilt, k\u00f6nnen nicht den Kriterien einer fachgerechten Kursausrichtung entsprechen!<\/span><\/p>                    <\/div>\n\t\t\t\t            <\/div>\n        <\/div>\n        <\/div>\n\n        <style>\n            .td-section-title-wrap.section-title-6877 .subtitle:before{\n                background-image: url(\"https:\/\/akademie-tiertherapie.de\/hundeschule\/wp-content\/uploads\/2021\/08\/shape-blue.png\");\n            }\n        <\/style>\n        <\/div>\n\n\t\t\t\t\t\t<\/div>\n\t\t\t\t<\/div>\n\t\t\t\t\t<\/div>\n\t\t<\/div>\n\t\t\t\t\t<\/div>\n\t\t<\/section>\n\t\t\t\t<\/div>\n\t\t","protected":false},"excerpt":{"rendered":"<p>Welpenkurs ab der 8. Lebenswoche Was erwartet Sie? Ihr Welpe erlebt, wie man mit Artgenossen und Menschen kommuniziert (Sozialverhalten) was die Umwelt alles zu bieten hat (Umweltreize) erste Schritte in Sachen Leinenf\u00fchrigkeit, Sitz, Platz und Co. (Grundgehorsam) Au\u00dferdem Wie wird der Welpe stubenrein? Wie gew\u00f6hnt man den Welpen ans Alleinsein? Wie verh\u00e4lt man sich in [&hellip;]<\/p>\n","protected":false},"author":2,"featured_media":0,"parent":650,"menu_order":0,"comment_status":"closed","ping_status":"closed","template":"","meta":{"footnotes":""},"class_list":["post-710","page","type-page","status-publish","hentry"],"yoast_head":"<!-- This site is optimized with the Yoast SEO plugin v27.1.1 - https:\/\/yoast.com\/product\/yoast-seo-wordpress\/ -->\n<title>Welpenkurs - Akademie f\u00fcr Tiertherapie - Hundeschule<\/title>\n<meta name=\"robots\" content=\"index, follow, max-snippet:-1, max-image-preview:large, max-video-preview:-1\" \/>\n<link rel=\"canonical\" href=\"https:\/\/akademie-tiertherapie.de\/hundeschule\/wir-bieten\/welpenkurs\/\" \/>\n<meta property=\"og:locale\" content=\"de_DE\" \/>\n<meta property=\"og:type\" content=\"article\" \/>\n<meta property=\"og:title\" content=\"Welpenkurs - Akademie f\u00fcr Tiertherapie - Hundeschule\" \/>\n<meta property=\"og:description\" content=\"Welpenkurs ab der 8. Lebenswoche Was erwartet Sie? Ihr Welpe erlebt, wie man mit Artgenossen und Menschen kommuniziert (Sozialverhalten) was die Umwelt alles zu bieten hat (Umweltreize) erste Schritte in Sachen Leinenf\u00fchrigkeit, Sitz, Platz und Co. (Grundgehorsam) Au\u00dferdem Wie wird der Welpe stubenrein? Wie gew\u00f6hnt man den Welpen ans Alleinsein? Wie verh\u00e4lt man sich in [&hellip;]\" \/>\n<meta property=\"og:url\" content=\"https:\/\/akademie-tiertherapie.de\/hundeschule\/wir-bieten\/welpenkurs\/\" \/>\n<meta property=\"og:site_name\" content=\"Akademie f\u00fcr Tiertherapie - Hundeschule\" \/>\n<meta property=\"article:publisher\" content=\"https:\/\/www.facebook.com\/AkademieTier\" \/>\n<meta property=\"article:modified_time\" content=\"2023-04-10T10:03:41+00:00\" \/>\n<meta name=\"twitter:card\" content=\"summary_large_image\" \/>\n<meta name=\"twitter:label1\" content=\"Gesch\u00e4tzte Lesezeit\" \/>\n\t<meta name=\"twitter:data1\" content=\"2\u00a0Minuten\" \/>\n<script type=\"application\/ld+json\" class=\"yoast-schema-graph\">{\"@context\":\"https:\/\/schema.org\",\"@graph\":[{\"@type\":\"WebPage\",\"@id\":\"https:\/\/akademie-tiertherapie.de\/hundeschule\/wir-bieten\/welpenkurs\/\",\"url\":\"https:\/\/akademie-tiertherapie.de\/hundeschule\/wir-bieten\/welpenkurs\/\",\"name\":\"Welpenkurs - Akademie f\u00fcr Tiertherapie - Hundeschule\",\"isPartOf\":{\"@id\":\"https:\/\/akademie-tiertherapie.de\/hundeschule\/#website\"},\"datePublished\":\"2023-04-10T09:24:32+00:00\",\"dateModified\":\"2023-04-10T10:03:41+00:00\",\"breadcrumb\":{\"@id\":\"https:\/\/akademie-tiertherapie.de\/hundeschule\/wir-bieten\/welpenkurs\/#breadcrumb\"},\"inLanguage\":\"de\",\"potentialAction\":[{\"@type\":\"ReadAction\",\"target\":[\"https:\/\/akademie-tiertherapie.de\/hundeschule\/wir-bieten\/welpenkurs\/\"]}]},{\"@type\":\"BreadcrumbList\",\"@id\":\"https:\/\/akademie-tiertherapie.de\/hundeschule\/wir-bieten\/welpenkurs\/#breadcrumb\",\"itemListElement\":[{\"@type\":\"ListItem\",\"position\":1,\"name\":\"Startseite\",\"item\":\"https:\/\/akademie-tiertherapie.de\/hundeschule\/\"},{\"@type\":\"ListItem\",\"position\":2,\"name\":\"Wir bieten\",\"item\":\"https:\/\/akademie-tiertherapie.de\/hundeschule\/wir-bieten\/\"},{\"@type\":\"ListItem\",\"position\":3,\"name\":\"Welpenkurs\"}]},{\"@type\":\"WebSite\",\"@id\":\"https:\/\/akademie-tiertherapie.de\/hundeschule\/#website\",\"url\":\"https:\/\/akademie-tiertherapie.de\/hundeschule\/\",\"name\":\"Akademie f\u00fcr Tiertherapie - Hundeschule\",\"description\":\"Akademie f\u00fcr Tiertherapeutische Berufe Ausbildung Hundepsychologe Hundephysiotherapeut Tiergest\u00fctzte Therapie\",\"publisher\":{\"@id\":\"https:\/\/akademie-tiertherapie.de\/hundeschule\/#organization\"},\"potentialAction\":[{\"@type\":\"SearchAction\",\"target\":{\"@type\":\"EntryPoint\",\"urlTemplate\":\"https:\/\/akademie-tiertherapie.de\/hundeschule\/?s={search_term_string}\"},\"query-input\":{\"@type\":\"PropertyValueSpecification\",\"valueRequired\":true,\"valueName\":\"search_term_string\"}}],\"inLanguage\":\"de\"},{\"@type\":\"Organization\",\"@id\":\"https:\/\/akademie-tiertherapie.de\/hundeschule\/#organization\",\"name\":\"Akademie Tiertherapie\",\"url\":\"https:\/\/akademie-tiertherapie.de\/hundeschule\/\",\"logo\":{\"@type\":\"ImageObject\",\"inLanguage\":\"de\",\"@id\":\"https:\/\/akademie-tiertherapie.de\/hundeschule\/#\/schema\/logo\/image\/\",\"url\":\"https:\/\/akademie-tiertherapie.de\/hundeschule\/wp-content\/uploads\/2022\/03\/ALogoBrown726KB.png\",\"contentUrl\":\"https:\/\/akademie-tiertherapie.de\/hundeschule\/wp-content\/uploads\/2022\/03\/ALogoBrown726KB.png\",\"width\":2233,\"height\":2173,\"caption\":\"Akademie Tiertherapie\"},\"image\":{\"@id\":\"https:\/\/akademie-tiertherapie.de\/hundeschule\/#\/schema\/logo\/image\/\"},\"sameAs\":[\"https:\/\/www.facebook.com\/AkademieTier\",\"https:\/\/www.instagram.com\/akademietier\/\"]}]}<\/script>\n<!-- \/ Yoast SEO plugin. -->","yoast_head_json":{"title":"Welpenkurs - Akademie f\u00fcr Tiertherapie - Hundeschule","robots":{"index":"index","follow":"follow","max-snippet":"max-snippet:-1","max-image-preview":"max-image-preview:large","max-video-preview":"max-video-preview:-1"},"canonical":"https:\/\/akademie-tiertherapie.de\/hundeschule\/wir-bieten\/welpenkurs\/","og_locale":"de_DE","og_type":"article","og_title":"Welpenkurs - Akademie f\u00fcr Tiertherapie - Hundeschule","og_description":"Welpenkurs ab der 8. Lebenswoche Was erwartet Sie? Ihr Welpe erlebt, wie man mit Artgenossen und Menschen kommuniziert (Sozialverhalten) was die Umwelt alles zu bieten hat (Umweltreize) erste Schritte in Sachen Leinenf\u00fchrigkeit, Sitz, Platz und Co. (Grundgehorsam) Au\u00dferdem Wie wird der Welpe stubenrein? Wie gew\u00f6hnt man den Welpen ans Alleinsein? Wie verh\u00e4lt man sich in [&hellip;]","og_url":"https:\/\/akademie-tiertherapie.de\/hundeschule\/wir-bieten\/welpenkurs\/","og_site_name":"Akademie f\u00fcr Tiertherapie - Hundeschule","article_publisher":"https:\/\/www.facebook.com\/AkademieTier","article_modified_time":"2023-04-10T10:03:41+00:00","twitter_card":"summary_large_image","twitter_misc":{"Gesch\u00e4tzte Lesezeit":"2\u00a0Minuten"},"schema":{"@context":"https:\/\/schema.org","@graph":[{"@type":"WebPage","@id":"https:\/\/akademie-tiertherapie.de\/hundeschule\/wir-bieten\/welpenkurs\/","url":"https:\/\/akademie-tiertherapie.de\/hundeschule\/wir-bieten\/welpenkurs\/","name":"Welpenkurs - Akademie f\u00fcr Tiertherapie - Hundeschule","isPartOf":{"@id":"https:\/\/akademie-tiertherapie.de\/hundeschule\/#website"},"datePublished":"2023-04-10T09:24:32+00:00","dateModified":"2023-04-10T10:03:41+00:00","breadcrumb":{"@id":"https:\/\/akademie-tiertherapie.de\/hundeschule\/wir-bieten\/welpenkurs\/#breadcrumb"},"inLanguage":"de","potentialAction":[{"@type":"ReadAction","target":["https:\/\/akademie-tiertherapie.de\/hundeschule\/wir-bieten\/welpenkurs\/"]}]},{"@type":"BreadcrumbList","@id":"https:\/\/akademie-tiertherapie.de\/hundeschule\/wir-bieten\/welpenkurs\/#breadcrumb","itemListElement":[{"@type":"ListItem","position":1,"name":"Startseite","item":"https:\/\/akademie-tiertherapie.de\/hundeschule\/"},{"@type":"ListItem","position":2,"name":"Wir bieten","item":"https:\/\/akademie-tiertherapie.de\/hundeschule\/wir-bieten\/"},{"@type":"ListItem","position":3,"name":"Welpenkurs"}]},{"@type":"WebSite","@id":"https:\/\/akademie-tiertherapie.de\/hundeschule\/#website","url":"https:\/\/akademie-tiertherapie.de\/hundeschule\/","name":"Akademie f\u00fcr Tiertherapie - Hundeschule","description":"Akademie f\u00fcr Tiertherapeutische Berufe Ausbildung Hundepsychologe Hundephysiotherapeut Tiergest\u00fctzte Therapie","publisher":{"@id":"https:\/\/akademie-tiertherapie.de\/hundeschule\/#organization"},"potentialAction":[{"@type":"SearchAction","target":{"@type":"EntryPoint","urlTemplate":"https:\/\/akademie-tiertherapie.de\/hundeschule\/?s={search_term_string}"},"query-input":{"@type":"PropertyValueSpecification","valueRequired":true,"valueName":"search_term_string"}}],"inLanguage":"de"},{"@type":"Organization","@id":"https:\/\/akademie-tiertherapie.de\/hundeschule\/#organization","name":"Akademie Tiertherapie","url":"https:\/\/akademie-tiertherapie.de\/hundeschule\/","logo":{"@type":"ImageObject","inLanguage":"de","@id":"https:\/\/akademie-tiertherapie.de\/hundeschule\/#\/schema\/logo\/image\/","url":"https:\/\/akademie-tiertherapie.de\/hundeschule\/wp-content\/uploads\/2022\/03\/ALogoBrown726KB.png","contentUrl":"https:\/\/akademie-tiertherapie.de\/hundeschule\/wp-content\/uploads\/2022\/03\/ALogoBrown726KB.png","width":2233,"height":2173,"caption":"Akademie Tiertherapie"},"image":{"@id":"https:\/\/akademie-tiertherapie.de\/hundeschule\/#\/schema\/logo\/image\/"},"sameAs":["https:\/\/www.facebook.com\/AkademieTier","https:\/\/www.instagram.com\/akademietier\/"]}]}},"_links":{"self":[{"href":"https:\/\/akademie-tiertherapie.de\/hundeschule\/wp-json\/wp\/v2\/pages\/710","targetHints":{"allow":["GET"]}}],"collection":[{"href":"https:\/\/akademie-tiertherapie.de\/hundeschule\/wp-json\/wp\/v2\/pages"}],"about":[{"href":"https:\/\/akademie-tiertherapie.de\/hundeschule\/wp-json\/wp\/v2\/types\/page"}],"author":[{"embeddable":true,"href":"https:\/\/akademie-tiertherapie.de\/hundeschule\/wp-json\/wp\/v2\/users\/2"}],"replies":[{"embeddable":true,"href":"https:\/\/akademie-tiertherapie.de\/hundeschule\/wp-json\/wp\/v2\/comments?post=710"}],"version-history":[{"count":14,"href":"https:\/\/akademie-tiertherapie.de\/hundeschule\/wp-json\/wp\/v2\/pages\/710\/revisions"}],"predecessor-version":[{"id":4018,"href":"https:\/\/akademie-tiertherapie.de\/hundeschule\/wp-json\/wp\/v2\/pages\/710\/revisions\/4018"}],"up":[{"embeddable":true,"href":"https:\/\/akademie-tiertherapie.de\/hundeschule\/wp-json\/wp\/v2\/pages\/650"}],"wp:attachment":[{"href":"https:\/\/akademie-tiertherapie.de\/hundeschule\/wp-json\/wp\/v2\/media?parent=710"}],"curies":[{"name":"wp","href":"https:\/\/api.w.org\/{rel}","templated":true}]}}