{"id":717,"date":"2023-04-01T10:00:12","date_gmt":"2023-04-01T08:00:12","guid":{"rendered":"https:\/\/akademie-tiertherapie.de\/hundeschule\/?page_id=717"},"modified":"2023-04-10T11:23:43","modified_gmt":"2023-04-10T09:23:43","slug":"junghundkurs","status":"publish","type":"page","link":"https:\/\/akademie-tiertherapie.de\/hundeschule\/wir-bieten\/junghundkurs\/","title":{"rendered":"Junghundkurs"},"content":{"rendered":"\t\t<div data-elementor-type=\"wp-page\" data-elementor-id=\"717\" class=\"elementor elementor-717\" data-elementor-post-type=\"page\">\n\t\t\t\t\t\t<section class=\"elementor-section elementor-top-section elementor-element elementor-element-d047206 elementor-section-boxed elementor-section-height-default elementor-section-height-default\" data-id=\"d047206\" data-element_type=\"section\" data-e-type=\"section\">\n\t\t\t\t\t\t<div class=\"elementor-container elementor-column-gap-default\">\n\t\t\t\t\t<div class=\"elementor-column elementor-col-100 elementor-top-column elementor-element elementor-element-e8b2fd3\" data-id=\"e8b2fd3\" data-element_type=\"column\" data-e-type=\"column\">\n\t\t\t<div class=\"elementor-widget-wrap elementor-element-populated\">\n\t\t\t\t\t\t<div class=\"elementor-element elementor-element-e8b3306 elementor-widget elementor-widget-themedraft_section_title\" data-id=\"e8b3306\" data-element_type=\"widget\" data-e-type=\"widget\" data-widget_type=\"themedraft_section_title.default\">\n\t\t\t\t<div class=\"elementor-widget-container\">\n\t\t\t\t\t\n        <div class=\"row\">\n            <div class=\"col-lg-12\">\n                <div class=\"td-section-title-wrap section-title-8730\">\n                    <div class=\"td-section-title-content\">\n\t\t\t\t\t\t\n\t\t\t\t\t\t                        <h6 class=\"subtitle\">Junghundkurs ab der 16. Lebenswoche<\/h6>\n\t\t\t\t\t\n                    <h2 class=\"title\">                <\/h2>\n\t\t\t\t                    <div class=\"title-description\">\n\t\t\t\t\t\t<p><span style=\"color: #1a2902;\"><strong>Was erwartet Sie?<\/strong><\/span><\/p><ul><li class=\"firstItem\"><span style=\"color: #1a2902;\">Festigung der im Welpenkurs erlernten Signale (R\u00fcckruf\u00fcbung + Anleinen, \u201eSitz\u201c, \u201ePlatz\u201c, Abbruchsignal mit Erweiterung)<\/span><\/li><li><span style=\"color: #1a2902;\">Erlernen neuer Signale (\u201ebleib\u201c im Sitz od. Platz, Aufmerksamkeits-Signal)<\/span><\/li><li><span style=\"color: #1a2902;\">\u00dcbungen zur Leinenf\u00fchrigkeit \u2013 f\u00fcr lockeres Gehen ohne Leineziehen<\/span><\/li><li><span style=\"color: #1a2902;\">Wichtige Verhaltensthemen inkl. K\u00f6rpersprache des Hundes (Ausdrucksverhalten \u201eCalming Signals \u2013 die Beschwichtigungsgesten\u201c und \u201eErkennen &amp; Vermeiden von Stress beim Hund\u201c)<\/span><\/li><li><span style=\"color: #1a2902;\">Infos mit Besprechung aktueller Themen im Junghundealter (Pubert\u00e4t, L\u00e4ufigkeit der H\u00fcndin, geschlechtsspezifisches Verhalten des R\u00fcden, etc.)<\/span><\/li><li class=\"lastItem\"><span style=\"color: #1a2902;\">Nasenarbeit und andere sinnvolle Besch\u00e4ftigungen mit dem Hund werden vorgestellt<\/span><\/li><\/ul><p><span style=\"color: #1a2902;\">\u00a0- denn es soll auch im Alltag mit dem Hund spannend bleiben und trotzdem umsetzbar sein.<\/span><\/p><p><span style=\"color: #1a2902;\">Hund &amp; Mensch-Team sollen weiterhin Freude am gemeinsamen Zusammensein und \u00dcben haben!<\/span><\/p><p><span style=\"color: #1a2902;\">Je nach Wesensfestigkeit, pers\u00f6nlicher Entwicklung und Ausbildungsstand ist der Wechsel vom Welpen- in einen Junghundekurs sinnvoll. (Ca. ab der 16. Lebenswoche). Ggf. ist ein Wechsel auch schon etwas fr\u00fcher ratsam, wenn sich im Welpenkurs keine geeigneten Spielkumpel finden lassen, denn unter diesen Voraussetzungen steigt die Wahrscheinlichkeit fu\u0308r Mobbing.<\/span><\/p><p><span style=\"color: #1a2902;\">Junghunde sollen auch in diesem Kurs weiterhin die M\u00f6glichkeiten erhalten, regelm\u00e4\u00dfig mit ihren Artgenossen zu kommunizieren. Im Junghundekurs werden Sie neue \u00dcbungen und Herausforderungen kennen lernen, um Sie gemeinsam mit Ihrem Sch\u00fctzling zu meistern.<\/span><\/p><p><span style=\"color: #1a2902;\">Ein Lernziel wird sein die Grundsignale zu festigen und zu vertiefen. Der Junghund wird lernen, die Signale unter steigenden Anforderungen freudig und begeistert auszuf\u00fchren.<\/span><\/p><p><span style=\"color: #1a2902;\">In diesem Lebensabschnitt ist eine konsequente und durchdachte F\u00fchrung wichtig. Nicht aber durch Druck, Zwang oder gar Gewalt, sondern mit artgerechter Konsequenz.<\/span><\/p><p><span style=\"color: #1a2902;\">Sie werden erfahren, wie Sie Ihren Hund im Alltag sinnvoll besch\u00e4ftigen k\u00f6nnen, ohne zus\u00e4tzlichen Zeitaufwand bewerkstelligen zu m\u00fcssen.<\/span><\/p><p><span style=\"color: #1a2902;\">Sie lernen Begegnungen aller Art positiv zu meistern, sowie feste Rituale Ihres Alltags<\/span><\/p><p><span style=\"color: #1a2902;\">Die Erziehung und Ausbildung Ihres Junghundes erfolgt gewaltlos und verhaltensgerecht um ihm das \u00dcben und Trainieren so angenehm und lustvoll wie m\u00f6glich zu machen!<\/span><\/p><p><span style=\"color: #1a2902;\">Ein Einstieg ist auch f\u00fcr Quereinsteiger m\u00f6glich. Gegebenenfalls werden Sie je nach Wissen und des Ausbildungsstandes Ihres Hundes in Einzelstunden auf den Leistungsstand des Junghundekurses geschult und eingearbeitet.<\/span><\/p>                    <\/div>\n\t\t\t\t            <\/div>\n        <\/div>\n        <\/div>\n\n        <style>\n            .td-section-title-wrap.section-title-8730 .subtitle:before{\n                background-image: url(\"https:\/\/akademie-tiertherapie.de\/hundeschule\/wp-content\/uploads\/2021\/08\/shape-blue.png\");\n            }\n        <\/style>\n        <\/div>\n\n\t\t\t\t\t\t<\/div>\n\t\t\t\t<\/div>\n\t\t\t\t\t<\/div>\n\t\t<\/div>\n\t\t\t\t\t<\/div>\n\t\t<\/section>\n\t\t\t\t<\/div>\n\t\t","protected":false},"excerpt":{"rendered":"<p>Junghundkurs ab der 16. Lebenswoche Was erwartet Sie? Festigung der im Welpenkurs erlernten Signale (R\u00fcckruf\u00fcbung + Anleinen, \u201eSitz\u201c, \u201ePlatz\u201c, Abbruchsignal mit Erweiterung) Erlernen neuer Signale (\u201ebleib\u201c im Sitz od. Platz, Aufmerksamkeits-Signal) \u00dcbungen zur Leinenf\u00fchrigkeit \u2013 f\u00fcr lockeres Gehen ohne Leineziehen Wichtige Verhaltensthemen inkl. K\u00f6rpersprache des Hundes (Ausdrucksverhalten \u201eCalming Signals \u2013 die Beschwichtigungsgesten\u201c und \u201eErkennen &amp; [&hellip;]<\/p>\n","protected":false},"author":2,"featured_media":0,"parent":650,"menu_order":0,"comment_status":"closed","ping_status":"closed","template":"","meta":{"footnotes":""},"class_list":["post-717","page","type-page","status-publish","hentry"],"yoast_head":"<!-- This site is optimized with the Yoast SEO plugin v27.1.1 - https:\/\/yoast.com\/product\/yoast-seo-wordpress\/ -->\n<title>Junghundkurs - Akademie f\u00fcr Tiertherapie - Hundeschule<\/title>\n<meta name=\"robots\" content=\"index, follow, max-snippet:-1, max-image-preview:large, max-video-preview:-1\" \/>\n<link rel=\"canonical\" href=\"https:\/\/akademie-tiertherapie.de\/hundeschule\/wir-bieten\/junghundkurs\/\" \/>\n<meta property=\"og:locale\" content=\"de_DE\" \/>\n<meta property=\"og:type\" content=\"article\" \/>\n<meta property=\"og:title\" content=\"Junghundkurs - Akademie f\u00fcr Tiertherapie - Hundeschule\" \/>\n<meta property=\"og:description\" content=\"Junghundkurs ab der 16. Lebenswoche Was erwartet Sie? Festigung der im Welpenkurs erlernten Signale (R\u00fcckruf\u00fcbung + Anleinen, \u201eSitz\u201c, \u201ePlatz\u201c, Abbruchsignal mit Erweiterung) Erlernen neuer Signale (\u201ebleib\u201c im Sitz od. Platz, Aufmerksamkeits-Signal) \u00dcbungen zur Leinenf\u00fchrigkeit \u2013 f\u00fcr lockeres Gehen ohne Leineziehen Wichtige Verhaltensthemen inkl. K\u00f6rpersprache des Hundes (Ausdrucksverhalten \u201eCalming Signals \u2013 die Beschwichtigungsgesten\u201c und \u201eErkennen &amp; [&hellip;]\" \/>\n<meta property=\"og:url\" content=\"https:\/\/akademie-tiertherapie.de\/hundeschule\/wir-bieten\/junghundkurs\/\" \/>\n<meta property=\"og:site_name\" content=\"Akademie f\u00fcr Tiertherapie - Hundeschule\" \/>\n<meta property=\"article:publisher\" content=\"https:\/\/www.facebook.com\/AkademieTier\" \/>\n<meta property=\"article:modified_time\" content=\"2023-04-10T09:23:43+00:00\" \/>\n<meta name=\"twitter:card\" content=\"summary_large_image\" \/>\n<meta name=\"twitter:label1\" content=\"Gesch\u00e4tzte Lesezeit\" \/>\n\t<meta name=\"twitter:data1\" content=\"2\u00a0Minuten\" \/>\n<script type=\"application\/ld+json\" class=\"yoast-schema-graph\">{\"@context\":\"https:\/\/schema.org\",\"@graph\":[{\"@type\":\"WebPage\",\"@id\":\"https:\/\/akademie-tiertherapie.de\/hundeschule\/wir-bieten\/junghundkurs\/\",\"url\":\"https:\/\/akademie-tiertherapie.de\/hundeschule\/wir-bieten\/junghundkurs\/\",\"name\":\"Junghundkurs - Akademie f\u00fcr Tiertherapie - Hundeschule\",\"isPartOf\":{\"@id\":\"https:\/\/akademie-tiertherapie.de\/hundeschule\/#website\"},\"datePublished\":\"2023-04-01T08:00:12+00:00\",\"dateModified\":\"2023-04-10T09:23:43+00:00\",\"breadcrumb\":{\"@id\":\"https:\/\/akademie-tiertherapie.de\/hundeschule\/wir-bieten\/junghundkurs\/#breadcrumb\"},\"inLanguage\":\"de\",\"potentialAction\":[{\"@type\":\"ReadAction\",\"target\":[\"https:\/\/akademie-tiertherapie.de\/hundeschule\/wir-bieten\/junghundkurs\/\"]}]},{\"@type\":\"BreadcrumbList\",\"@id\":\"https:\/\/akademie-tiertherapie.de\/hundeschule\/wir-bieten\/junghundkurs\/#breadcrumb\",\"itemListElement\":[{\"@type\":\"ListItem\",\"position\":1,\"name\":\"Startseite\",\"item\":\"https:\/\/akademie-tiertherapie.de\/hundeschule\/\"},{\"@type\":\"ListItem\",\"position\":2,\"name\":\"Wir bieten\",\"item\":\"https:\/\/akademie-tiertherapie.de\/hundeschule\/wir-bieten\/\"},{\"@type\":\"ListItem\",\"position\":3,\"name\":\"Junghundkurs\"}]},{\"@type\":\"WebSite\",\"@id\":\"https:\/\/akademie-tiertherapie.de\/hundeschule\/#website\",\"url\":\"https:\/\/akademie-tiertherapie.de\/hundeschule\/\",\"name\":\"Akademie f\u00fcr Tiertherapie - Hundeschule\",\"description\":\"Akademie f\u00fcr Tiertherapeutische Berufe Ausbildung Hundepsychologe Hundephysiotherapeut Tiergest\u00fctzte Therapie\",\"publisher\":{\"@id\":\"https:\/\/akademie-tiertherapie.de\/hundeschule\/#organization\"},\"potentialAction\":[{\"@type\":\"SearchAction\",\"target\":{\"@type\":\"EntryPoint\",\"urlTemplate\":\"https:\/\/akademie-tiertherapie.de\/hundeschule\/?s={search_term_string}\"},\"query-input\":{\"@type\":\"PropertyValueSpecification\",\"valueRequired\":true,\"valueName\":\"search_term_string\"}}],\"inLanguage\":\"de\"},{\"@type\":\"Organization\",\"@id\":\"https:\/\/akademie-tiertherapie.de\/hundeschule\/#organization\",\"name\":\"Akademie Tiertherapie\",\"url\":\"https:\/\/akademie-tiertherapie.de\/hundeschule\/\",\"logo\":{\"@type\":\"ImageObject\",\"inLanguage\":\"de\",\"@id\":\"https:\/\/akademie-tiertherapie.de\/hundeschule\/#\/schema\/logo\/image\/\",\"url\":\"https:\/\/akademie-tiertherapie.de\/hundeschule\/wp-content\/uploads\/2022\/03\/ALogoBrown726KB.png\",\"contentUrl\":\"https:\/\/akademie-tiertherapie.de\/hundeschule\/wp-content\/uploads\/2022\/03\/ALogoBrown726KB.png\",\"width\":2233,\"height\":2173,\"caption\":\"Akademie Tiertherapie\"},\"image\":{\"@id\":\"https:\/\/akademie-tiertherapie.de\/hundeschule\/#\/schema\/logo\/image\/\"},\"sameAs\":[\"https:\/\/www.facebook.com\/AkademieTier\",\"https:\/\/www.instagram.com\/akademietier\/\"]}]}<\/script>\n<!-- \/ Yoast SEO plugin. -->","yoast_head_json":{"title":"Junghundkurs - Akademie f\u00fcr Tiertherapie - Hundeschule","robots":{"index":"index","follow":"follow","max-snippet":"max-snippet:-1","max-image-preview":"max-image-preview:large","max-video-preview":"max-video-preview:-1"},"canonical":"https:\/\/akademie-tiertherapie.de\/hundeschule\/wir-bieten\/junghundkurs\/","og_locale":"de_DE","og_type":"article","og_title":"Junghundkurs - Akademie f\u00fcr Tiertherapie - Hundeschule","og_description":"Junghundkurs ab der 16. Lebenswoche Was erwartet Sie? Festigung der im Welpenkurs erlernten Signale (R\u00fcckruf\u00fcbung + Anleinen, \u201eSitz\u201c, \u201ePlatz\u201c, Abbruchsignal mit Erweiterung) Erlernen neuer Signale (\u201ebleib\u201c im Sitz od. Platz, Aufmerksamkeits-Signal) \u00dcbungen zur Leinenf\u00fchrigkeit \u2013 f\u00fcr lockeres Gehen ohne Leineziehen Wichtige Verhaltensthemen inkl. K\u00f6rpersprache des Hundes (Ausdrucksverhalten \u201eCalming Signals \u2013 die Beschwichtigungsgesten\u201c und \u201eErkennen &amp; [&hellip;]","og_url":"https:\/\/akademie-tiertherapie.de\/hundeschule\/wir-bieten\/junghundkurs\/","og_site_name":"Akademie f\u00fcr Tiertherapie - Hundeschule","article_publisher":"https:\/\/www.facebook.com\/AkademieTier","article_modified_time":"2023-04-10T09:23:43+00:00","twitter_card":"summary_large_image","twitter_misc":{"Gesch\u00e4tzte Lesezeit":"2\u00a0Minuten"},"schema":{"@context":"https:\/\/schema.org","@graph":[{"@type":"WebPage","@id":"https:\/\/akademie-tiertherapie.de\/hundeschule\/wir-bieten\/junghundkurs\/","url":"https:\/\/akademie-tiertherapie.de\/hundeschule\/wir-bieten\/junghundkurs\/","name":"Junghundkurs - Akademie f\u00fcr Tiertherapie - Hundeschule","isPartOf":{"@id":"https:\/\/akademie-tiertherapie.de\/hundeschule\/#website"},"datePublished":"2023-04-01T08:00:12+00:00","dateModified":"2023-04-10T09:23:43+00:00","breadcrumb":{"@id":"https:\/\/akademie-tiertherapie.de\/hundeschule\/wir-bieten\/junghundkurs\/#breadcrumb"},"inLanguage":"de","potentialAction":[{"@type":"ReadAction","target":["https:\/\/akademie-tiertherapie.de\/hundeschule\/wir-bieten\/junghundkurs\/"]}]},{"@type":"BreadcrumbList","@id":"https:\/\/akademie-tiertherapie.de\/hundeschule\/wir-bieten\/junghundkurs\/#breadcrumb","itemListElement":[{"@type":"ListItem","position":1,"name":"Startseite","item":"https:\/\/akademie-tiertherapie.de\/hundeschule\/"},{"@type":"ListItem","position":2,"name":"Wir bieten","item":"https:\/\/akademie-tiertherapie.de\/hundeschule\/wir-bieten\/"},{"@type":"ListItem","position":3,"name":"Junghundkurs"}]},{"@type":"WebSite","@id":"https:\/\/akademie-tiertherapie.de\/hundeschule\/#website","url":"https:\/\/akademie-tiertherapie.de\/hundeschule\/","name":"Akademie f\u00fcr Tiertherapie - Hundeschule","description":"Akademie f\u00fcr Tiertherapeutische Berufe Ausbildung Hundepsychologe Hundephysiotherapeut Tiergest\u00fctzte Therapie","publisher":{"@id":"https:\/\/akademie-tiertherapie.de\/hundeschule\/#organization"},"potentialAction":[{"@type":"SearchAction","target":{"@type":"EntryPoint","urlTemplate":"https:\/\/akademie-tiertherapie.de\/hundeschule\/?s={search_term_string}"},"query-input":{"@type":"PropertyValueSpecification","valueRequired":true,"valueName":"search_term_string"}}],"inLanguage":"de"},{"@type":"Organization","@id":"https:\/\/akademie-tiertherapie.de\/hundeschule\/#organization","name":"Akademie Tiertherapie","url":"https:\/\/akademie-tiertherapie.de\/hundeschule\/","logo":{"@type":"ImageObject","inLanguage":"de","@id":"https:\/\/akademie-tiertherapie.de\/hundeschule\/#\/schema\/logo\/image\/","url":"https:\/\/akademie-tiertherapie.de\/hundeschule\/wp-content\/uploads\/2022\/03\/ALogoBrown726KB.png","contentUrl":"https:\/\/akademie-tiertherapie.de\/hundeschule\/wp-content\/uploads\/2022\/03\/ALogoBrown726KB.png","width":2233,"height":2173,"caption":"Akademie Tiertherapie"},"image":{"@id":"https:\/\/akademie-tiertherapie.de\/hundeschule\/#\/schema\/logo\/image\/"},"sameAs":["https:\/\/www.facebook.com\/AkademieTier","https:\/\/www.instagram.com\/akademietier\/"]}]}},"_links":{"self":[{"href":"https:\/\/akademie-tiertherapie.de\/hundeschule\/wp-json\/wp\/v2\/pages\/717","targetHints":{"allow":["GET"]}}],"collection":[{"href":"https:\/\/akademie-tiertherapie.de\/hundeschule\/wp-json\/wp\/v2\/pages"}],"about":[{"href":"https:\/\/akademie-tiertherapie.de\/hundeschule\/wp-json\/wp\/v2\/types\/page"}],"author":[{"embeddable":true,"href":"https:\/\/akademie-tiertherapie.de\/hundeschule\/wp-json\/wp\/v2\/users\/2"}],"replies":[{"embeddable":true,"href":"https:\/\/akademie-tiertherapie.de\/hundeschule\/wp-json\/wp\/v2\/comments?post=717"}],"version-history":[{"count":13,"href":"https:\/\/akademie-tiertherapie.de\/hundeschule\/wp-json\/wp\/v2\/pages\/717\/revisions"}],"predecessor-version":[{"id":4021,"href":"https:\/\/akademie-tiertherapie.de\/hundeschule\/wp-json\/wp\/v2\/pages\/717\/revisions\/4021"}],"up":[{"embeddable":true,"href":"https:\/\/akademie-tiertherapie.de\/hundeschule\/wp-json\/wp\/v2\/pages\/650"}],"wp:attachment":[{"href":"https:\/\/akademie-tiertherapie.de\/hundeschule\/wp-json\/wp\/v2\/media?parent=717"}],"curies":[{"name":"wp","href":"https:\/\/api.w.org\/{rel}","templated":true}]}}