{"id":723,"date":"2023-04-10T11:00:37","date_gmt":"2023-04-10T09:00:37","guid":{"rendered":"https:\/\/akademie-tiertherapie.de\/hundeschule\/?page_id=723"},"modified":"2023-04-10T11:21:55","modified_gmt":"2023-04-10T09:21:55","slug":"alltags-training","status":"publish","type":"page","link":"https:\/\/akademie-tiertherapie.de\/hundeschule\/wir-bieten\/alltags-training\/","title":{"rendered":"Alltags-Training"},"content":{"rendered":"\t\t<div data-elementor-type=\"wp-page\" data-elementor-id=\"723\" class=\"elementor elementor-723\" data-elementor-post-type=\"page\">\n\t\t\t\t\t\t<section class=\"elementor-section elementor-top-section elementor-element elementor-element-d047206 elementor-section-boxed elementor-section-height-default elementor-section-height-default\" data-id=\"d047206\" data-element_type=\"section\" data-e-type=\"section\">\n\t\t\t\t\t\t<div class=\"elementor-container elementor-column-gap-default\">\n\t\t\t\t\t<div class=\"elementor-column elementor-col-100 elementor-top-column elementor-element elementor-element-e8b2fd3\" data-id=\"e8b2fd3\" data-element_type=\"column\" data-e-type=\"column\">\n\t\t\t<div class=\"elementor-widget-wrap elementor-element-populated\">\n\t\t\t\t\t\t<div class=\"elementor-element elementor-element-e8b3306 elementor-widget elementor-widget-themedraft_section_title\" data-id=\"e8b3306\" data-element_type=\"widget\" data-e-type=\"widget\" data-widget_type=\"themedraft_section_title.default\">\n\t\t\t\t<div class=\"elementor-widget-container\">\n\t\t\t\t\t\n        <div class=\"row\">\n            <div class=\"col-lg-12\">\n                <div class=\"td-section-title-wrap section-title-697\">\n                    <div class=\"td-section-title-content\">\n\t\t\t\t\t\t\n\t\t\t\t\t\t                        <h6 class=\"subtitle\">Alltags-Training<\/h6>\n\t\t\t\t\t\n                    <h2 class=\"title\">                <\/h2>\n\t\t\t\t                    <div class=\"title-description\">\n\t\t\t\t\t\t<div id=\"content-row\"><div class=\"container\"><div class=\"content-inner row\"><div id=\"component\" class=\"span12\"><div class=\"page-item page-item__\"><div class=\"item_fulltext\"><p>Infos folgen\u00a0<\/p><\/div><\/div><\/div><\/div><\/div><\/div>                    <\/div>\n\t\t\t\t            <\/div>\n        <\/div>\n        <\/div>\n\n        <style>\n            .td-section-title-wrap.section-title-697 .subtitle:before{\n                background-image: url(\"https:\/\/akademie-tiertherapie.de\/hundeschule\/wp-content\/uploads\/2021\/08\/shape-blue.png\");\n            }\n        <\/style>\n        <\/div>\n\n\t\t\t\t\t\t<\/div>\n\t\t\t\t<\/div>\n\t\t\t\t\t<\/div>\n\t\t<\/div>\n\t\t\t\t\t<\/div>\n\t\t<\/section>\n\t\t\t\t<\/div>\n\t\t","protected":false},"excerpt":{"rendered":"<p>Alltags-Training Infos folgen\u00a0<\/p>\n","protected":false},"author":2,"featured_media":0,"parent":650,"menu_order":0,"comment_status":"closed","ping_status":"closed","template":"","meta":{"footnotes":""},"class_list":["post-723","page","type-page","status-publish","hentry"],"yoast_head":"<!-- This site is optimized with the Yoast SEO plugin v27.1.1 - https:\/\/yoast.com\/product\/yoast-seo-wordpress\/ -->\n<title>Alltags-Training - Akademie f\u00fcr Tiertherapie - Hundeschule<\/title>\n<meta name=\"robots\" content=\"index, follow, max-snippet:-1, max-image-preview:large, max-video-preview:-1\" \/>\n<link rel=\"canonical\" href=\"https:\/\/akademie-tiertherapie.de\/hundeschule\/wir-bieten\/alltags-training\/\" \/>\n<meta property=\"og:locale\" content=\"de_DE\" \/>\n<meta property=\"og:type\" content=\"article\" \/>\n<meta property=\"og:title\" content=\"Alltags-Training - Akademie f\u00fcr Tiertherapie - Hundeschule\" \/>\n<meta property=\"og:description\" content=\"Alltags-Training Infos folgen\u00a0\" \/>\n<meta property=\"og:url\" content=\"https:\/\/akademie-tiertherapie.de\/hundeschule\/wir-bieten\/alltags-training\/\" \/>\n<meta property=\"og:site_name\" content=\"Akademie f\u00fcr Tiertherapie - Hundeschule\" \/>\n<meta property=\"article:publisher\" content=\"https:\/\/www.facebook.com\/AkademieTier\" \/>\n<meta property=\"article:modified_time\" content=\"2023-04-10T09:21:55+00:00\" \/>\n<meta name=\"twitter:card\" content=\"summary_large_image\" \/>\n<script type=\"application\/ld+json\" class=\"yoast-schema-graph\">{\"@context\":\"https:\/\/schema.org\",\"@graph\":[{\"@type\":\"WebPage\",\"@id\":\"https:\/\/akademie-tiertherapie.de\/hundeschule\/wir-bieten\/alltags-training\/\",\"url\":\"https:\/\/akademie-tiertherapie.de\/hundeschule\/wir-bieten\/alltags-training\/\",\"name\":\"Alltags-Training - Akademie f\u00fcr Tiertherapie - Hundeschule\",\"isPartOf\":{\"@id\":\"https:\/\/akademie-tiertherapie.de\/hundeschule\/#website\"},\"datePublished\":\"2023-04-10T09:00:37+00:00\",\"dateModified\":\"2023-04-10T09:21:55+00:00\",\"breadcrumb\":{\"@id\":\"https:\/\/akademie-tiertherapie.de\/hundeschule\/wir-bieten\/alltags-training\/#breadcrumb\"},\"inLanguage\":\"de\",\"potentialAction\":[{\"@type\":\"ReadAction\",\"target\":[\"https:\/\/akademie-tiertherapie.de\/hundeschule\/wir-bieten\/alltags-training\/\"]}]},{\"@type\":\"BreadcrumbList\",\"@id\":\"https:\/\/akademie-tiertherapie.de\/hundeschule\/wir-bieten\/alltags-training\/#breadcrumb\",\"itemListElement\":[{\"@type\":\"ListItem\",\"position\":1,\"name\":\"Startseite\",\"item\":\"https:\/\/akademie-tiertherapie.de\/hundeschule\/\"},{\"@type\":\"ListItem\",\"position\":2,\"name\":\"Wir bieten\",\"item\":\"https:\/\/akademie-tiertherapie.de\/hundeschule\/wir-bieten\/\"},{\"@type\":\"ListItem\",\"position\":3,\"name\":\"Alltags-Training\"}]},{\"@type\":\"WebSite\",\"@id\":\"https:\/\/akademie-tiertherapie.de\/hundeschule\/#website\",\"url\":\"https:\/\/akademie-tiertherapie.de\/hundeschule\/\",\"name\":\"Akademie f\u00fcr Tiertherapie - Hundeschule\",\"description\":\"Akademie f\u00fcr Tiertherapeutische Berufe Ausbildung Hundepsychologe Hundephysiotherapeut Tiergest\u00fctzte Therapie\",\"publisher\":{\"@id\":\"https:\/\/akademie-tiertherapie.de\/hundeschule\/#organization\"},\"potentialAction\":[{\"@type\":\"SearchAction\",\"target\":{\"@type\":\"EntryPoint\",\"urlTemplate\":\"https:\/\/akademie-tiertherapie.de\/hundeschule\/?s={search_term_string}\"},\"query-input\":{\"@type\":\"PropertyValueSpecification\",\"valueRequired\":true,\"valueName\":\"search_term_string\"}}],\"inLanguage\":\"de\"},{\"@type\":\"Organization\",\"@id\":\"https:\/\/akademie-tiertherapie.de\/hundeschule\/#organization\",\"name\":\"Akademie Tiertherapie\",\"url\":\"https:\/\/akademie-tiertherapie.de\/hundeschule\/\",\"logo\":{\"@type\":\"ImageObject\",\"inLanguage\":\"de\",\"@id\":\"https:\/\/akademie-tiertherapie.de\/hundeschule\/#\/schema\/logo\/image\/\",\"url\":\"https:\/\/akademie-tiertherapie.de\/hundeschule\/wp-content\/uploads\/2022\/03\/ALogoBrown726KB.png\",\"contentUrl\":\"https:\/\/akademie-tiertherapie.de\/hundeschule\/wp-content\/uploads\/2022\/03\/ALogoBrown726KB.png\",\"width\":2233,\"height\":2173,\"caption\":\"Akademie Tiertherapie\"},\"image\":{\"@id\":\"https:\/\/akademie-tiertherapie.de\/hundeschule\/#\/schema\/logo\/image\/\"},\"sameAs\":[\"https:\/\/www.facebook.com\/AkademieTier\",\"https:\/\/www.instagram.com\/akademietier\/\"]}]}<\/script>\n<!-- \/ Yoast SEO plugin. -->","yoast_head_json":{"title":"Alltags-Training - Akademie f\u00fcr Tiertherapie - Hundeschule","robots":{"index":"index","follow":"follow","max-snippet":"max-snippet:-1","max-image-preview":"max-image-preview:large","max-video-preview":"max-video-preview:-1"},"canonical":"https:\/\/akademie-tiertherapie.de\/hundeschule\/wir-bieten\/alltags-training\/","og_locale":"de_DE","og_type":"article","og_title":"Alltags-Training - Akademie f\u00fcr Tiertherapie - Hundeschule","og_description":"Alltags-Training Infos folgen\u00a0","og_url":"https:\/\/akademie-tiertherapie.de\/hundeschule\/wir-bieten\/alltags-training\/","og_site_name":"Akademie f\u00fcr Tiertherapie - Hundeschule","article_publisher":"https:\/\/www.facebook.com\/AkademieTier","article_modified_time":"2023-04-10T09:21:55+00:00","twitter_card":"summary_large_image","schema":{"@context":"https:\/\/schema.org","@graph":[{"@type":"WebPage","@id":"https:\/\/akademie-tiertherapie.de\/hundeschule\/wir-bieten\/alltags-training\/","url":"https:\/\/akademie-tiertherapie.de\/hundeschule\/wir-bieten\/alltags-training\/","name":"Alltags-Training - Akademie f\u00fcr Tiertherapie - Hundeschule","isPartOf":{"@id":"https:\/\/akademie-tiertherapie.de\/hundeschule\/#website"},"datePublished":"2023-04-10T09:00:37+00:00","dateModified":"2023-04-10T09:21:55+00:00","breadcrumb":{"@id":"https:\/\/akademie-tiertherapie.de\/hundeschule\/wir-bieten\/alltags-training\/#breadcrumb"},"inLanguage":"de","potentialAction":[{"@type":"ReadAction","target":["https:\/\/akademie-tiertherapie.de\/hundeschule\/wir-bieten\/alltags-training\/"]}]},{"@type":"BreadcrumbList","@id":"https:\/\/akademie-tiertherapie.de\/hundeschule\/wir-bieten\/alltags-training\/#breadcrumb","itemListElement":[{"@type":"ListItem","position":1,"name":"Startseite","item":"https:\/\/akademie-tiertherapie.de\/hundeschule\/"},{"@type":"ListItem","position":2,"name":"Wir bieten","item":"https:\/\/akademie-tiertherapie.de\/hundeschule\/wir-bieten\/"},{"@type":"ListItem","position":3,"name":"Alltags-Training"}]},{"@type":"WebSite","@id":"https:\/\/akademie-tiertherapie.de\/hundeschule\/#website","url":"https:\/\/akademie-tiertherapie.de\/hundeschule\/","name":"Akademie f\u00fcr Tiertherapie - Hundeschule","description":"Akademie f\u00fcr Tiertherapeutische Berufe Ausbildung Hundepsychologe Hundephysiotherapeut Tiergest\u00fctzte Therapie","publisher":{"@id":"https:\/\/akademie-tiertherapie.de\/hundeschule\/#organization"},"potentialAction":[{"@type":"SearchAction","target":{"@type":"EntryPoint","urlTemplate":"https:\/\/akademie-tiertherapie.de\/hundeschule\/?s={search_term_string}"},"query-input":{"@type":"PropertyValueSpecification","valueRequired":true,"valueName":"search_term_string"}}],"inLanguage":"de"},{"@type":"Organization","@id":"https:\/\/akademie-tiertherapie.de\/hundeschule\/#organization","name":"Akademie Tiertherapie","url":"https:\/\/akademie-tiertherapie.de\/hundeschule\/","logo":{"@type":"ImageObject","inLanguage":"de","@id":"https:\/\/akademie-tiertherapie.de\/hundeschule\/#\/schema\/logo\/image\/","url":"https:\/\/akademie-tiertherapie.de\/hundeschule\/wp-content\/uploads\/2022\/03\/ALogoBrown726KB.png","contentUrl":"https:\/\/akademie-tiertherapie.de\/hundeschule\/wp-content\/uploads\/2022\/03\/ALogoBrown726KB.png","width":2233,"height":2173,"caption":"Akademie Tiertherapie"},"image":{"@id":"https:\/\/akademie-tiertherapie.de\/hundeschule\/#\/schema\/logo\/image\/"},"sameAs":["https:\/\/www.facebook.com\/AkademieTier","https:\/\/www.instagram.com\/akademietier\/"]}]}},"_links":{"self":[{"href":"https:\/\/akademie-tiertherapie.de\/hundeschule\/wp-json\/wp\/v2\/pages\/723","targetHints":{"allow":["GET"]}}],"collection":[{"href":"https:\/\/akademie-tiertherapie.de\/hundeschule\/wp-json\/wp\/v2\/pages"}],"about":[{"href":"https:\/\/akademie-tiertherapie.de\/hundeschule\/wp-json\/wp\/v2\/types\/page"}],"author":[{"embeddable":true,"href":"https:\/\/akademie-tiertherapie.de\/hundeschule\/wp-json\/wp\/v2\/users\/2"}],"replies":[{"embeddable":true,"href":"https:\/\/akademie-tiertherapie.de\/hundeschule\/wp-json\/wp\/v2\/comments?post=723"}],"version-history":[{"count":12,"href":"https:\/\/akademie-tiertherapie.de\/hundeschule\/wp-json\/wp\/v2\/pages\/723\/revisions"}],"predecessor-version":[{"id":4118,"href":"https:\/\/akademie-tiertherapie.de\/hundeschule\/wp-json\/wp\/v2\/pages\/723\/revisions\/4118"}],"up":[{"embeddable":true,"href":"https:\/\/akademie-tiertherapie.de\/hundeschule\/wp-json\/wp\/v2\/pages\/650"}],"wp:attachment":[{"href":"https:\/\/akademie-tiertherapie.de\/hundeschule\/wp-json\/wp\/v2\/media?parent=723"}],"curies":[{"name":"wp","href":"https:\/\/api.w.org\/{rel}","templated":true}]}}