{"id":739,"date":"2023-04-10T11:06:02","date_gmt":"2023-04-10T09:06:02","guid":{"rendered":"https:\/\/akademie-tiertherapie.de\/hundeschule\/?page_id=739"},"modified":"2023-04-10T11:22:43","modified_gmt":"2023-04-10T09:22:43","slug":"1x1-fuer-hund-und-halter","status":"publish","type":"page","link":"https:\/\/akademie-tiertherapie.de\/hundeschule\/wir-bieten\/1x1-fuer-hund-und-halter\/","title":{"rendered":"1&#215;1 f\u00fcr Hund und Halter"},"content":{"rendered":"\t\t<div data-elementor-type=\"wp-page\" data-elementor-id=\"739\" class=\"elementor elementor-739\" data-elementor-post-type=\"page\">\n\t\t\t\t\t\t<section class=\"elementor-section elementor-top-section elementor-element elementor-element-d047206 elementor-section-boxed elementor-section-height-default elementor-section-height-default\" data-id=\"d047206\" data-element_type=\"section\" data-e-type=\"section\">\n\t\t\t\t\t\t<div class=\"elementor-container elementor-column-gap-default\">\n\t\t\t\t\t<div class=\"elementor-column elementor-col-100 elementor-top-column elementor-element elementor-element-e8b2fd3\" data-id=\"e8b2fd3\" data-element_type=\"column\" data-e-type=\"column\">\n\t\t\t<div class=\"elementor-widget-wrap elementor-element-populated\">\n\t\t\t\t\t\t<div class=\"elementor-element elementor-element-e8b3306 elementor-widget elementor-widget-themedraft_section_title\" data-id=\"e8b3306\" data-element_type=\"widget\" data-e-type=\"widget\" data-widget_type=\"themedraft_section_title.default\">\n\t\t\t\t<div class=\"elementor-widget-container\">\n\t\t\t\t\t\n        <div class=\"row\">\n            <div class=\"col-lg-12\">\n                <div class=\"td-section-title-wrap section-title-4867\">\n                    <div class=\"td-section-title-content\">\n\t\t\t\t\t\t\n\t\t\t\t\t\t                        <h6 class=\"subtitle\">Das 1 x 1 der Hundeerziehung<\/h6>\n\t\t\t\t\t\n                    <h2 class=\"title\">                <\/h2>\n\t\t\t\t                    <div class=\"title-description\">\n\t\t\t\t\t\t<div id=\"content-row\"><div class=\"container\"><div class=\"content-inner row\"><div id=\"component\" class=\"span12\"><div class=\"page-item page-item__\"><div class=\"item_fulltext\"><p>Hundehalter sind f\u00fcr ihren Hund und sein Verhalten verantwortlich. Deshalb ist es wichtig, den Umgang mit dem Hund zu verstehen. Hunde kommunizieren anders als Menschen, trotzdem verstehen Sie uns meist besser als wir Sie.<\/p><p>\u00a0<\/p><p>Im 1 x 1 der Hundeerziehung gehen wir auf die Kommunikation zwischen Hund und Mensch ein, damit auch wir lernen sie besser zu verstehen. Meist l\u00e4sst sich durch Kleinigkeiten, die unbewusst stattfinden sehr viel ver\u00e4ndern.<\/p><p>\u00a0<\/p><p><strong>Inhalte<\/strong>:<\/p><ul><li>F\u00fchrung des Hundes (entspannt an der Leine laufen)<\/li><li>Signalkontrolle mit und ohne Leine (Sitz, Platz, Bleib, R\u00fcckruf, \u2026)<\/li><li>K\u00f6rpersprache und Kommunikation mit dem Hund<\/li><li>Bed\u00fcrfnisse des Hundes<\/li><\/ul><\/div><\/div><\/div><\/div><\/div><\/div>                    <\/div>\n\t\t\t\t            <\/div>\n        <\/div>\n        <\/div>\n\n        <style>\n            .td-section-title-wrap.section-title-4867 .subtitle:before{\n                background-image: url(\"https:\/\/akademie-tiertherapie.de\/hundeschule\/wp-content\/uploads\/2021\/08\/shape-blue.png\");\n            }\n        <\/style>\n        <\/div>\n\n\t\t\t\t\t\t<\/div>\n\t\t\t\t<\/div>\n\t\t\t\t\t<\/div>\n\t\t<\/div>\n\t\t\t\t\t<\/div>\n\t\t<\/section>\n\t\t\t\t<\/div>\n\t\t","protected":false},"excerpt":{"rendered":"<p>Das 1 x 1 der Hundeerziehung Hundehalter sind f\u00fcr ihren Hund und sein Verhalten verantwortlich. Deshalb ist es wichtig, den Umgang mit dem Hund zu verstehen. Hunde kommunizieren anders als Menschen, trotzdem verstehen Sie uns meist besser als wir Sie. \u00a0 Im 1 x 1 der Hundeerziehung gehen wir auf die Kommunikation zwischen Hund und [&hellip;]<\/p>\n","protected":false},"author":2,"featured_media":0,"parent":650,"menu_order":0,"comment_status":"closed","ping_status":"closed","template":"","meta":{"footnotes":""},"class_list":["post-739","page","type-page","status-publish","hentry"],"yoast_head":"<!-- This site is optimized with the Yoast SEO plugin v27.1.1 - https:\/\/yoast.com\/product\/yoast-seo-wordpress\/ -->\n<title>1x1 f\u00fcr Hund und Halter - Akademie f\u00fcr Tiertherapie - Hundeschule<\/title>\n<meta name=\"robots\" content=\"index, follow, max-snippet:-1, max-image-preview:large, max-video-preview:-1\" \/>\n<link rel=\"canonical\" href=\"https:\/\/akademie-tiertherapie.de\/hundeschule\/wir-bieten\/1x1-fuer-hund-und-halter\/\" \/>\n<meta property=\"og:locale\" content=\"de_DE\" \/>\n<meta property=\"og:type\" content=\"article\" \/>\n<meta property=\"og:title\" content=\"1x1 f\u00fcr Hund und Halter - Akademie f\u00fcr Tiertherapie - Hundeschule\" \/>\n<meta property=\"og:description\" content=\"Das 1 x 1 der Hundeerziehung Hundehalter sind f\u00fcr ihren Hund und sein Verhalten verantwortlich. Deshalb ist es wichtig, den Umgang mit dem Hund zu verstehen. Hunde kommunizieren anders als Menschen, trotzdem verstehen Sie uns meist besser als wir Sie. \u00a0 Im 1 x 1 der Hundeerziehung gehen wir auf die Kommunikation zwischen Hund und [&hellip;]\" \/>\n<meta property=\"og:url\" content=\"https:\/\/akademie-tiertherapie.de\/hundeschule\/wir-bieten\/1x1-fuer-hund-und-halter\/\" \/>\n<meta property=\"og:site_name\" content=\"Akademie f\u00fcr Tiertherapie - Hundeschule\" \/>\n<meta property=\"article:publisher\" content=\"https:\/\/www.facebook.com\/AkademieTier\" \/>\n<meta property=\"article:modified_time\" content=\"2023-04-10T09:22:43+00:00\" \/>\n<meta name=\"twitter:card\" content=\"summary_large_image\" \/>\n<meta name=\"twitter:label1\" content=\"Gesch\u00e4tzte Lesezeit\" \/>\n\t<meta name=\"twitter:data1\" content=\"1\u00a0Minute\" \/>\n<script type=\"application\/ld+json\" class=\"yoast-schema-graph\">{\"@context\":\"https:\/\/schema.org\",\"@graph\":[{\"@type\":\"WebPage\",\"@id\":\"https:\/\/akademie-tiertherapie.de\/hundeschule\/wir-bieten\/1x1-fuer-hund-und-halter\/\",\"url\":\"https:\/\/akademie-tiertherapie.de\/hundeschule\/wir-bieten\/1x1-fuer-hund-und-halter\/\",\"name\":\"1x1 f\u00fcr Hund und Halter - Akademie f\u00fcr Tiertherapie - Hundeschule\",\"isPartOf\":{\"@id\":\"https:\/\/akademie-tiertherapie.de\/hundeschule\/#website\"},\"datePublished\":\"2023-04-10T09:06:02+00:00\",\"dateModified\":\"2023-04-10T09:22:43+00:00\",\"breadcrumb\":{\"@id\":\"https:\/\/akademie-tiertherapie.de\/hundeschule\/wir-bieten\/1x1-fuer-hund-und-halter\/#breadcrumb\"},\"inLanguage\":\"de\",\"potentialAction\":[{\"@type\":\"ReadAction\",\"target\":[\"https:\/\/akademie-tiertherapie.de\/hundeschule\/wir-bieten\/1x1-fuer-hund-und-halter\/\"]}]},{\"@type\":\"BreadcrumbList\",\"@id\":\"https:\/\/akademie-tiertherapie.de\/hundeschule\/wir-bieten\/1x1-fuer-hund-und-halter\/#breadcrumb\",\"itemListElement\":[{\"@type\":\"ListItem\",\"position\":1,\"name\":\"Startseite\",\"item\":\"https:\/\/akademie-tiertherapie.de\/hundeschule\/\"},{\"@type\":\"ListItem\",\"position\":2,\"name\":\"Wir bieten\",\"item\":\"https:\/\/akademie-tiertherapie.de\/hundeschule\/wir-bieten\/\"},{\"@type\":\"ListItem\",\"position\":3,\"name\":\"1&#215;1 f\u00fcr Hund und Halter\"}]},{\"@type\":\"WebSite\",\"@id\":\"https:\/\/akademie-tiertherapie.de\/hundeschule\/#website\",\"url\":\"https:\/\/akademie-tiertherapie.de\/hundeschule\/\",\"name\":\"Akademie f\u00fcr Tiertherapie - Hundeschule\",\"description\":\"Akademie f\u00fcr Tiertherapeutische Berufe Ausbildung Hundepsychologe Hundephysiotherapeut Tiergest\u00fctzte Therapie\",\"publisher\":{\"@id\":\"https:\/\/akademie-tiertherapie.de\/hundeschule\/#organization\"},\"potentialAction\":[{\"@type\":\"SearchAction\",\"target\":{\"@type\":\"EntryPoint\",\"urlTemplate\":\"https:\/\/akademie-tiertherapie.de\/hundeschule\/?s={search_term_string}\"},\"query-input\":{\"@type\":\"PropertyValueSpecification\",\"valueRequired\":true,\"valueName\":\"search_term_string\"}}],\"inLanguage\":\"de\"},{\"@type\":\"Organization\",\"@id\":\"https:\/\/akademie-tiertherapie.de\/hundeschule\/#organization\",\"name\":\"Akademie Tiertherapie\",\"url\":\"https:\/\/akademie-tiertherapie.de\/hundeschule\/\",\"logo\":{\"@type\":\"ImageObject\",\"inLanguage\":\"de\",\"@id\":\"https:\/\/akademie-tiertherapie.de\/hundeschule\/#\/schema\/logo\/image\/\",\"url\":\"https:\/\/akademie-tiertherapie.de\/hundeschule\/wp-content\/uploads\/2022\/03\/ALogoBrown726KB.png\",\"contentUrl\":\"https:\/\/akademie-tiertherapie.de\/hundeschule\/wp-content\/uploads\/2022\/03\/ALogoBrown726KB.png\",\"width\":2233,\"height\":2173,\"caption\":\"Akademie Tiertherapie\"},\"image\":{\"@id\":\"https:\/\/akademie-tiertherapie.de\/hundeschule\/#\/schema\/logo\/image\/\"},\"sameAs\":[\"https:\/\/www.facebook.com\/AkademieTier\",\"https:\/\/www.instagram.com\/akademietier\/\"]}]}<\/script>\n<!-- \/ Yoast SEO plugin. -->","yoast_head_json":{"title":"1x1 f\u00fcr Hund und Halter - Akademie f\u00fcr Tiertherapie - Hundeschule","robots":{"index":"index","follow":"follow","max-snippet":"max-snippet:-1","max-image-preview":"max-image-preview:large","max-video-preview":"max-video-preview:-1"},"canonical":"https:\/\/akademie-tiertherapie.de\/hundeschule\/wir-bieten\/1x1-fuer-hund-und-halter\/","og_locale":"de_DE","og_type":"article","og_title":"1x1 f\u00fcr Hund und Halter - Akademie f\u00fcr Tiertherapie - Hundeschule","og_description":"Das 1 x 1 der Hundeerziehung Hundehalter sind f\u00fcr ihren Hund und sein Verhalten verantwortlich. Deshalb ist es wichtig, den Umgang mit dem Hund zu verstehen. Hunde kommunizieren anders als Menschen, trotzdem verstehen Sie uns meist besser als wir Sie. \u00a0 Im 1 x 1 der Hundeerziehung gehen wir auf die Kommunikation zwischen Hund und [&hellip;]","og_url":"https:\/\/akademie-tiertherapie.de\/hundeschule\/wir-bieten\/1x1-fuer-hund-und-halter\/","og_site_name":"Akademie f\u00fcr Tiertherapie - Hundeschule","article_publisher":"https:\/\/www.facebook.com\/AkademieTier","article_modified_time":"2023-04-10T09:22:43+00:00","twitter_card":"summary_large_image","twitter_misc":{"Gesch\u00e4tzte Lesezeit":"1\u00a0Minute"},"schema":{"@context":"https:\/\/schema.org","@graph":[{"@type":"WebPage","@id":"https:\/\/akademie-tiertherapie.de\/hundeschule\/wir-bieten\/1x1-fuer-hund-und-halter\/","url":"https:\/\/akademie-tiertherapie.de\/hundeschule\/wir-bieten\/1x1-fuer-hund-und-halter\/","name":"1x1 f\u00fcr Hund und Halter - Akademie f\u00fcr Tiertherapie - Hundeschule","isPartOf":{"@id":"https:\/\/akademie-tiertherapie.de\/hundeschule\/#website"},"datePublished":"2023-04-10T09:06:02+00:00","dateModified":"2023-04-10T09:22:43+00:00","breadcrumb":{"@id":"https:\/\/akademie-tiertherapie.de\/hundeschule\/wir-bieten\/1x1-fuer-hund-und-halter\/#breadcrumb"},"inLanguage":"de","potentialAction":[{"@type":"ReadAction","target":["https:\/\/akademie-tiertherapie.de\/hundeschule\/wir-bieten\/1x1-fuer-hund-und-halter\/"]}]},{"@type":"BreadcrumbList","@id":"https:\/\/akademie-tiertherapie.de\/hundeschule\/wir-bieten\/1x1-fuer-hund-und-halter\/#breadcrumb","itemListElement":[{"@type":"ListItem","position":1,"name":"Startseite","item":"https:\/\/akademie-tiertherapie.de\/hundeschule\/"},{"@type":"ListItem","position":2,"name":"Wir bieten","item":"https:\/\/akademie-tiertherapie.de\/hundeschule\/wir-bieten\/"},{"@type":"ListItem","position":3,"name":"1&#215;1 f\u00fcr Hund und Halter"}]},{"@type":"WebSite","@id":"https:\/\/akademie-tiertherapie.de\/hundeschule\/#website","url":"https:\/\/akademie-tiertherapie.de\/hundeschule\/","name":"Akademie f\u00fcr Tiertherapie - Hundeschule","description":"Akademie f\u00fcr Tiertherapeutische Berufe Ausbildung Hundepsychologe Hundephysiotherapeut Tiergest\u00fctzte Therapie","publisher":{"@id":"https:\/\/akademie-tiertherapie.de\/hundeschule\/#organization"},"potentialAction":[{"@type":"SearchAction","target":{"@type":"EntryPoint","urlTemplate":"https:\/\/akademie-tiertherapie.de\/hundeschule\/?s={search_term_string}"},"query-input":{"@type":"PropertyValueSpecification","valueRequired":true,"valueName":"search_term_string"}}],"inLanguage":"de"},{"@type":"Organization","@id":"https:\/\/akademie-tiertherapie.de\/hundeschule\/#organization","name":"Akademie Tiertherapie","url":"https:\/\/akademie-tiertherapie.de\/hundeschule\/","logo":{"@type":"ImageObject","inLanguage":"de","@id":"https:\/\/akademie-tiertherapie.de\/hundeschule\/#\/schema\/logo\/image\/","url":"https:\/\/akademie-tiertherapie.de\/hundeschule\/wp-content\/uploads\/2022\/03\/ALogoBrown726KB.png","contentUrl":"https:\/\/akademie-tiertherapie.de\/hundeschule\/wp-content\/uploads\/2022\/03\/ALogoBrown726KB.png","width":2233,"height":2173,"caption":"Akademie Tiertherapie"},"image":{"@id":"https:\/\/akademie-tiertherapie.de\/hundeschule\/#\/schema\/logo\/image\/"},"sameAs":["https:\/\/www.facebook.com\/AkademieTier","https:\/\/www.instagram.com\/akademietier\/"]}]}},"_links":{"self":[{"href":"https:\/\/akademie-tiertherapie.de\/hundeschule\/wp-json\/wp\/v2\/pages\/739","targetHints":{"allow":["GET"]}}],"collection":[{"href":"https:\/\/akademie-tiertherapie.de\/hundeschule\/wp-json\/wp\/v2\/pages"}],"about":[{"href":"https:\/\/akademie-tiertherapie.de\/hundeschule\/wp-json\/wp\/v2\/types\/page"}],"author":[{"embeddable":true,"href":"https:\/\/akademie-tiertherapie.de\/hundeschule\/wp-json\/wp\/v2\/users\/2"}],"replies":[{"embeddable":true,"href":"https:\/\/akademie-tiertherapie.de\/hundeschule\/wp-json\/wp\/v2\/comments?post=739"}],"version-history":[{"count":7,"href":"https:\/\/akademie-tiertherapie.de\/hundeschule\/wp-json\/wp\/v2\/pages\/739\/revisions"}],"predecessor-version":[{"id":1699,"href":"https:\/\/akademie-tiertherapie.de\/hundeschule\/wp-json\/wp\/v2\/pages\/739\/revisions\/1699"}],"up":[{"embeddable":true,"href":"https:\/\/akademie-tiertherapie.de\/hundeschule\/wp-json\/wp\/v2\/pages\/650"}],"wp:attachment":[{"href":"https:\/\/akademie-tiertherapie.de\/hundeschule\/wp-json\/wp\/v2\/media?parent=739"}],"curies":[{"name":"wp","href":"https:\/\/api.w.org\/{rel}","templated":true}]}}