{"id":965,"date":"2021-08-05T13:06:54","date_gmt":"2021-08-05T11:06:54","guid":{"rendered":"https:\/\/akademie-tiertherapie.de\/hundeschule\/?page_id=965"},"modified":"2024-02-27T19:28:55","modified_gmt":"2024-02-27T18:28:55","slug":"anmeldung","status":"publish","type":"page","link":"https:\/\/akademie-tiertherapie.de\/hundeschule\/anmeldung\/","title":{"rendered":"Anmeldung"},"content":{"rendered":"\t\t<div data-elementor-type=\"wp-page\" data-elementor-id=\"965\" class=\"elementor elementor-965\" data-elementor-post-type=\"page\">\n\t\t\t\t\t\t<section class=\"elementor-section elementor-top-section elementor-element elementor-element-4c3a694 elementor-section-boxed elementor-section-height-default elementor-section-height-default\" data-id=\"4c3a694\" data-element_type=\"section\" data-e-type=\"section\">\n\t\t\t\t\t\t<div class=\"elementor-container elementor-column-gap-default\">\n\t\t\t\t\t<div class=\"elementor-column elementor-col-100 elementor-top-column elementor-element elementor-element-d93a85f\" data-id=\"d93a85f\" data-element_type=\"column\" data-e-type=\"column\">\n\t\t\t<div class=\"elementor-widget-wrap elementor-element-populated\">\n\t\t\t\t\t\t<div class=\"elementor-element elementor-element-f291f2d elementor-widget elementor-widget-text-editor\" data-id=\"f291f2d\" data-element_type=\"widget\" data-e-type=\"widget\" data-widget_type=\"text-editor.default\">\n\t\t\t\t<div class=\"elementor-widget-container\">\n\t\t\t\t\t\t\t\t\t<p>Hier k\u00f6nnen Sie sich zu den einzelnen Kursen anmelden. Bitte alle mit * gekennzeichneten Felder ausf\u00fcllen. Wir werden uns sobald wie m\u00f6glich bei Ihnen melden.&nbsp;<\/p>\t\t\t\t\t\t\t\t<\/div>\n\t\t\t\t<\/div>\n\t\t\t\t<div class=\"elementor-element elementor-element-df4f309 elementor-button-align-end elementor-widget elementor-widget-form\" data-id=\"df4f309\" data-element_type=\"widget\" data-e-type=\"widget\" data-settings=\"{&quot;step_previous_label&quot;:&quot;Previous&quot;,&quot;button_width&quot;:&quot;100&quot;,&quot;step_type&quot;:&quot;number_text&quot;,&quot;step_icon_shape&quot;:&quot;circle&quot;}\" data-widget_type=\"form.default\">\n\t\t\t\t<div class=\"elementor-widget-container\">\n\t\t\t\t\t\t\t<form class=\"elementor-form\" method=\"post\" name=\"Seminar Formular\" aria-label=\"Seminar Formular\">\n\t\t\t<input type=\"hidden\" name=\"post_id\" value=\"965\"\/>\n\t\t\t<input type=\"hidden\" name=\"form_id\" value=\"df4f309\"\/>\n\t\t\t<input type=\"hidden\" name=\"referer_title\" value=\"Anmeldung - Akademie f\u00fcr Tiertherapie - Hundeschule\" \/>\n\n\t\t\t\t\t\t\t<input type=\"hidden\" name=\"queried_id\" value=\"965\"\/>\n\t\t\t\n\t\t\t<div class=\"elementor-form-fields-wrapper elementor-labels-above\">\n\t\t\t\t\t\t\t\t<div class=\"elementor-field-type-text elementor-field-group elementor-column elementor-field-group-field_000c567 elementor-col-100 elementor-field-required elementor-mark-required\">\n\t\t\t\t\t\t\t\t\t\t\t\t<label for=\"form-field-field_000c567\" class=\"elementor-field-label\">\n\t\t\t\t\t\t\t\tKurs\t\t\t\t\t\t\t<\/label>\n\t\t\t\t\t\t\t\t\t\t\t\t\t\t<input size=\"1\" type=\"text\" name=\"form_fields[field_000c567]\" id=\"form-field-field_000c567\" class=\"elementor-field elementor-size-sm  elementor-field-textual\" placeholder=\"Kurs\" required=\"required\">\n\t\t\t\t\t\t\t\t\t\t\t<\/div>\n\t\t\t\t\t\t\t\t<div class=\"elementor-field-type-text elementor-field-group elementor-column elementor-field-group-field_4ba8988 elementor-col-50 elementor-field-required elementor-mark-required\">\n\t\t\t\t\t\t\t\t\t\t\t\t<label for=\"form-field-field_4ba8988\" class=\"elementor-field-label\">\n\t\t\t\t\t\t\t\tVorname\t\t\t\t\t\t\t<\/label>\n\t\t\t\t\t\t\t\t\t\t\t\t\t\t<input size=\"1\" type=\"text\" name=\"form_fields[field_4ba8988]\" id=\"form-field-field_4ba8988\" class=\"elementor-field elementor-size-sm  elementor-field-textual\" placeholder=\"Vorname\" required=\"required\">\n\t\t\t\t\t\t\t\t\t\t\t<\/div>\n\t\t\t\t\t\t\t\t<div class=\"elementor-field-type-text elementor-field-group elementor-column elementor-field-group-field_a636c94 elementor-col-50 elementor-field-required elementor-mark-required\">\n\t\t\t\t\t\t\t\t\t\t\t\t<label for=\"form-field-field_a636c94\" class=\"elementor-field-label\">\n\t\t\t\t\t\t\t\tNachname des Teilnehmers\t\t\t\t\t\t\t<\/label>\n\t\t\t\t\t\t\t\t\t\t\t\t\t\t<input size=\"1\" type=\"text\" name=\"form_fields[field_a636c94]\" id=\"form-field-field_a636c94\" class=\"elementor-field elementor-size-sm  elementor-field-textual\" placeholder=\"Nachname\" required=\"required\">\n\t\t\t\t\t\t\t\t\t\t\t<\/div>\n\t\t\t\t\t\t\t\t<div class=\"elementor-field-type-text elementor-field-group elementor-column elementor-field-group-field_0adb3d7 elementor-col-100\">\n\t\t\t\t\t\t\t\t\t\t\t\t<label for=\"form-field-field_0adb3d7\" class=\"elementor-field-label\">\n\t\t\t\t\t\t\t\tStrasse + Nr\t\t\t\t\t\t\t<\/label>\n\t\t\t\t\t\t\t\t\t\t\t\t\t\t<input size=\"1\" type=\"text\" name=\"form_fields[field_0adb3d7]\" id=\"form-field-field_0adb3d7\" class=\"elementor-field elementor-size-sm  elementor-field-textual\" placeholder=\"Strasse und Hausnummer\">\n\t\t\t\t\t\t\t\t\t\t\t<\/div>\n\t\t\t\t\t\t\t\t<div class=\"elementor-field-type-text elementor-field-group elementor-column elementor-field-group-field_1648c91 elementor-col-30\">\n\t\t\t\t\t\t\t\t\t\t\t\t<label for=\"form-field-field_1648c91\" class=\"elementor-field-label\">\n\t\t\t\t\t\t\t\tPostleitzahl\t\t\t\t\t\t\t<\/label>\n\t\t\t\t\t\t\t\t\t\t\t\t\t\t<input size=\"1\" type=\"text\" name=\"form_fields[field_1648c91]\" id=\"form-field-field_1648c91\" class=\"elementor-field elementor-size-sm  elementor-field-textual\" placeholder=\"Postleitzahl\">\n\t\t\t\t\t\t\t\t\t\t\t<\/div>\n\t\t\t\t\t\t\t\t<div class=\"elementor-field-type-text elementor-field-group elementor-column elementor-field-group-field_fbfce42 elementor-col-70 elementor-field-required elementor-mark-required\">\n\t\t\t\t\t\t\t\t\t\t\t\t<label for=\"form-field-field_fbfce42\" class=\"elementor-field-label\">\n\t\t\t\t\t\t\t\tOrt\t\t\t\t\t\t\t<\/label>\n\t\t\t\t\t\t\t\t\t\t\t\t\t\t<input size=\"1\" type=\"text\" name=\"form_fields[field_fbfce42]\" id=\"form-field-field_fbfce42\" class=\"elementor-field elementor-size-sm  elementor-field-textual\" placeholder=\"Ort\" required=\"required\">\n\t\t\t\t\t\t\t\t\t\t\t<\/div>\n\t\t\t\t\t\t\t\t<div class=\"elementor-field-type-email elementor-field-group elementor-column elementor-field-group-field_6d9eb89 elementor-col-100 elementor-field-required elementor-mark-required\">\n\t\t\t\t\t\t\t\t\t\t\t\t<label for=\"form-field-field_6d9eb89\" class=\"elementor-field-label\">\n\t\t\t\t\t\t\t\tE-Mail\t\t\t\t\t\t\t<\/label>\n\t\t\t\t\t\t\t\t\t\t\t\t\t\t<input size=\"1\" type=\"email\" name=\"form_fields[field_6d9eb89]\" id=\"form-field-field_6d9eb89\" class=\"elementor-field elementor-size-sm  elementor-field-textual\" placeholder=\"E-Mail Adresse \" required=\"required\">\n\t\t\t\t\t\t\t\t\t\t\t<\/div>\n\t\t\t\t\t\t\t\t<div class=\"elementor-field-type-tel elementor-field-group elementor-column elementor-field-group-field_3801e94 elementor-col-100 elementor-field-required elementor-mark-required\">\n\t\t\t\t\t\t\t\t\t\t\t\t<label for=\"form-field-field_3801e94\" class=\"elementor-field-label\">\n\t\t\t\t\t\t\t\tTelefon\t\t\t\t\t\t\t<\/label>\n\t\t\t\t\t\t\t\t<input size=\"1\" type=\"tel\" name=\"form_fields[field_3801e94]\" id=\"form-field-field_3801e94\" class=\"elementor-field elementor-size-sm  elementor-field-textual\" placeholder=\"Telefon zur Kontaktaufnahme\" required=\"required\" pattern=\"[0-9()#&amp;+*-=.]+\" title=\"Nur Nummern oder Telefon-Zeichen (#, -, *, etc) werden akzeptiert.\">\n\n\t\t\t\t\t\t<\/div>\n\t\t\t\t\t\t\t\t<div class=\"elementor-field-type-text elementor-field-group elementor-column elementor-field-group-field_8756b57 elementor-col-40 elementor-field-required elementor-mark-required\">\n\t\t\t\t\t\t\t\t\t\t\t\t<label for=\"form-field-field_8756b57\" class=\"elementor-field-label\">\n\t\t\t\t\t\t\t\tHund*e - Name*n \t\t\t\t\t\t\t<\/label>\n\t\t\t\t\t\t\t\t\t\t\t\t\t\t<input size=\"1\" type=\"text\" name=\"form_fields[field_8756b57]\" id=\"form-field-field_8756b57\" class=\"elementor-field elementor-size-sm  elementor-field-textual\" placeholder=\"Hund*e - Name*n \" required=\"required\">\n\t\t\t\t\t\t\t\t\t\t\t<\/div>\n\t\t\t\t\t\t\t\t<div class=\"elementor-field-type-text elementor-field-group elementor-column elementor-field-group-field_9c31bfd elementor-col-60\">\n\t\t\t\t\t\t\t\t\t\t\t\t<label for=\"form-field-field_9c31bfd\" class=\"elementor-field-label\">\n\t\t\t\t\t\t\t\tHund*e - Geburtsdatum, Rasse (optional)\t\t\t\t\t\t\t<\/label>\n\t\t\t\t\t\t\t\t\t\t\t\t\t\t<input size=\"1\" type=\"text\" name=\"form_fields[field_9c31bfd]\" id=\"form-field-field_9c31bfd\" class=\"elementor-field elementor-size-sm  elementor-field-textual\" placeholder=\"Hund*e - Geburtsdatum, Rasse (optional)\">\n\t\t\t\t\t\t\t\t\t\t\t<\/div>\n\t\t\t\t\t\t\t\t<div class=\"elementor-field-type-acceptance elementor-field-group elementor-column elementor-field-group-field_329e35b elementor-col-100 elementor-field-required elementor-mark-required\">\n\t\t\t\t\t\t\t\t\t\t\t\t<label for=\"form-field-field_329e35b\" class=\"elementor-field-label\">\n\t\t\t\t\t\t\t\tBitte ankreuzen\t\t\t\t\t\t\t<\/label>\n\t\t\t\t\t\t\t\t<div class=\"elementor-field-subgroup\">\n\t\t\t<span class=\"elementor-field-option\">\n\t\t\t\t<input type=\"checkbox\" name=\"form_fields[field_329e35b]\" id=\"form-field-field_329e35b\" class=\"elementor-field elementor-size-sm  elementor-acceptance-field\" required=\"required\">\n\t\t\t\t<label for=\"form-field-field_329e35b\">Ich akzeptiere die Allgemeinen Gesch\u00e4ftsbedingungen und bin der Verarbeitung meiner freiwillig gemachten Daten einverstanden. Die Datenschutzhinweise gem\u00e4\u00df DSGVO habe ich zur Kenntnis genommen.\n\n\n<\/label>\t\t\t<\/span>\n\t\t<\/div>\n\t\t\t\t\t\t<\/div>\n\t\t\t\t\t\t\t\t<div class=\"elementor-field-type-acceptance elementor-field-group elementor-column elementor-field-group-field_89c5798 elementor-col-100\">\n\t\t\t\t\t\t\t\t\t\t\t\t<label for=\"form-field-field_89c5798\" class=\"elementor-field-label\">\n\t\t\t\t\t\t\t\tWhatsApp (optional)\t\t\t\t\t\t\t<\/label>\n\t\t\t\t\t\t\t\t<div class=\"elementor-field-subgroup\">\n\t\t\t<span class=\"elementor-field-option\">\n\t\t\t\t<input type=\"checkbox\" name=\"form_fields[field_89c5798]\" id=\"form-field-field_89c5798\" class=\"elementor-field elementor-size-sm  elementor-acceptance-field\">\n\t\t\t\t<label for=\"form-field-field_89c5798\">Ich bin mit der vereinfachten Kommunikation \u00fcber WhatsApp einverstanden. Mir ist bewusst, dass meine Daten hierf\u00fcr gespeichert werden und bin damit einverstanden. \n\n<\/label>\t\t\t<\/span>\n\t\t<\/div>\n\t\t\t\t\t\t<\/div>\n\t\t\t\t\t\t\t\t<div class=\"elementor-field-type-text elementor-field-group elementor-column elementor-field-group-field_f35f225 elementor-col-100\">\n\t\t\t\t\t\t\t\t\t\t\t\t<label for=\"form-field-field_f35f225\" class=\"elementor-field-label\">\n\t\t\t\t\t\t\t\tzus\u00e4tzliche Info\t\t\t\t\t\t\t<\/label>\n\t\t\t\t\t\t\t\t\t\t\t\t\t\t<input size=\"1\" type=\"text\" name=\"form_fields[field_f35f225]\" id=\"form-field-field_f35f225\" class=\"elementor-field elementor-size-sm  elementor-field-textual\" placeholder=\"(nur bei Bedarf ausf\u00fcllen)\">\n\t\t\t\t\t\t\t\t\t\t\t<\/div>\n\t\t\t\t\t\t\t\t<div class=\"elementor-field-group elementor-column elementor-field-type-submit elementor-col-100 e-form__buttons\">\n\t\t\t\t\t<button class=\"elementor-button elementor-size-xs\" type=\"submit\">\n\t\t\t\t\t\t<span class=\"elementor-button-content-wrapper\">\n\t\t\t\t\t\t\t\t\t\t\t\t\t\t\t<span class=\"elementor-button-icon\">\n\t\t\t\t\t\t\t\t\t<i aria-hidden=\"true\" class=\"fas fa-arrow-right\"><\/i>\t\t\t\t\t\t\t\t\t\t\t\t\t\t\t\t\t<\/span>\n\t\t\t\t\t\t\t\t\t\t\t\t\t\t\t\t\t\t\t\t\t\t<span class=\"elementor-button-text\">Anmeldung abschicken<\/span>\n\t\t\t\t\t\t\t\t\t\t\t\t\t<\/span>\n\t\t\t\t\t<\/button>\n\t\t\t\t<\/div>\n\t\t\t<\/div>\n\t\t<\/form>\n\t\t\t\t\t\t<\/div>\n\t\t\t\t<\/div>\n\t\t\t\t\t<\/div>\n\t\t<\/div>\n\t\t\t\t\t<\/div>\n\t\t<\/section>\n\t\t\t\t<\/div>\n\t\t","protected":false},"excerpt":{"rendered":"<p>Hier k\u00f6nnen Sie sich zu den einzelnen Kursen anmelden. Bitte alle mit * gekennzeichneten Felder ausf\u00fcllen. Wir werden uns sobald wie m\u00f6glich bei Ihnen melden.&nbsp;<\/p>\n","protected":false},"author":1,"featured_media":0,"parent":0,"menu_order":0,"comment_status":"closed","ping_status":"closed","template":"","meta":{"footnotes":""},"class_list":["post-965","page","type-page","status-publish","hentry"],"yoast_head":"<!-- This site is optimized with the Yoast SEO plugin v27.1.1 - https:\/\/yoast.com\/product\/yoast-seo-wordpress\/ -->\n<title>Anmeldung - Akademie f\u00fcr Tiertherapie - Hundeschule<\/title>\n<meta name=\"robots\" content=\"index, follow, max-snippet:-1, max-image-preview:large, max-video-preview:-1\" \/>\n<link rel=\"canonical\" href=\"https:\/\/akademie-tiertherapie.de\/hundeschule\/anmeldung\/\" \/>\n<meta property=\"og:locale\" content=\"de_DE\" \/>\n<meta property=\"og:type\" content=\"article\" \/>\n<meta property=\"og:title\" content=\"Anmeldung - Akademie f\u00fcr Tiertherapie - Hundeschule\" \/>\n<meta property=\"og:description\" content=\"Hier k\u00f6nnen Sie sich zu den einzelnen Kursen anmelden. Bitte alle mit * gekennzeichneten Felder ausf\u00fcllen. Wir werden uns sobald wie m\u00f6glich bei Ihnen melden.&nbsp;\" \/>\n<meta property=\"og:url\" content=\"https:\/\/akademie-tiertherapie.de\/hundeschule\/anmeldung\/\" \/>\n<meta property=\"og:site_name\" content=\"Akademie f\u00fcr Tiertherapie - Hundeschule\" \/>\n<meta property=\"article:publisher\" content=\"https:\/\/www.facebook.com\/AkademieTier\" \/>\n<meta property=\"article:modified_time\" content=\"2024-02-27T18:28:55+00:00\" \/>\n<meta name=\"twitter:card\" content=\"summary_large_image\" \/>\n<meta name=\"twitter:label1\" content=\"Gesch\u00e4tzte Lesezeit\" \/>\n\t<meta name=\"twitter:data1\" content=\"2\u00a0Minuten\" \/>\n<script type=\"application\/ld+json\" class=\"yoast-schema-graph\">{\"@context\":\"https:\/\/schema.org\",\"@graph\":[{\"@type\":\"WebPage\",\"@id\":\"https:\/\/akademie-tiertherapie.de\/hundeschule\/anmeldung\/\",\"url\":\"https:\/\/akademie-tiertherapie.de\/hundeschule\/anmeldung\/\",\"name\":\"Anmeldung - Akademie f\u00fcr Tiertherapie - Hundeschule\",\"isPartOf\":{\"@id\":\"https:\/\/akademie-tiertherapie.de\/hundeschule\/#website\"},\"datePublished\":\"2021-08-05T11:06:54+00:00\",\"dateModified\":\"2024-02-27T18:28:55+00:00\",\"breadcrumb\":{\"@id\":\"https:\/\/akademie-tiertherapie.de\/hundeschule\/anmeldung\/#breadcrumb\"},\"inLanguage\":\"de\",\"potentialAction\":[{\"@type\":\"ReadAction\",\"target\":[\"https:\/\/akademie-tiertherapie.de\/hundeschule\/anmeldung\/\"]}]},{\"@type\":\"BreadcrumbList\",\"@id\":\"https:\/\/akademie-tiertherapie.de\/hundeschule\/anmeldung\/#breadcrumb\",\"itemListElement\":[{\"@type\":\"ListItem\",\"position\":1,\"name\":\"Startseite\",\"item\":\"https:\/\/akademie-tiertherapie.de\/hundeschule\/\"},{\"@type\":\"ListItem\",\"position\":2,\"name\":\"Anmeldung\"}]},{\"@type\":\"WebSite\",\"@id\":\"https:\/\/akademie-tiertherapie.de\/hundeschule\/#website\",\"url\":\"https:\/\/akademie-tiertherapie.de\/hundeschule\/\",\"name\":\"Akademie f\u00fcr Tiertherapie - Hundeschule\",\"description\":\"Akademie f\u00fcr Tiertherapeutische Berufe Ausbildung Hundepsychologe Hundephysiotherapeut Tiergest\u00fctzte Therapie\",\"publisher\":{\"@id\":\"https:\/\/akademie-tiertherapie.de\/hundeschule\/#organization\"},\"potentialAction\":[{\"@type\":\"SearchAction\",\"target\":{\"@type\":\"EntryPoint\",\"urlTemplate\":\"https:\/\/akademie-tiertherapie.de\/hundeschule\/?s={search_term_string}\"},\"query-input\":{\"@type\":\"PropertyValueSpecification\",\"valueRequired\":true,\"valueName\":\"search_term_string\"}}],\"inLanguage\":\"de\"},{\"@type\":\"Organization\",\"@id\":\"https:\/\/akademie-tiertherapie.de\/hundeschule\/#organization\",\"name\":\"Akademie Tiertherapie\",\"url\":\"https:\/\/akademie-tiertherapie.de\/hundeschule\/\",\"logo\":{\"@type\":\"ImageObject\",\"inLanguage\":\"de\",\"@id\":\"https:\/\/akademie-tiertherapie.de\/hundeschule\/#\/schema\/logo\/image\/\",\"url\":\"https:\/\/akademie-tiertherapie.de\/hundeschule\/wp-content\/uploads\/2022\/03\/ALogoBrown726KB.png\",\"contentUrl\":\"https:\/\/akademie-tiertherapie.de\/hundeschule\/wp-content\/uploads\/2022\/03\/ALogoBrown726KB.png\",\"width\":2233,\"height\":2173,\"caption\":\"Akademie Tiertherapie\"},\"image\":{\"@id\":\"https:\/\/akademie-tiertherapie.de\/hundeschule\/#\/schema\/logo\/image\/\"},\"sameAs\":[\"https:\/\/www.facebook.com\/AkademieTier\",\"https:\/\/www.instagram.com\/akademietier\/\"]}]}<\/script>\n<!-- \/ Yoast SEO plugin. -->","yoast_head_json":{"title":"Anmeldung - Akademie f\u00fcr Tiertherapie - Hundeschule","robots":{"index":"index","follow":"follow","max-snippet":"max-snippet:-1","max-image-preview":"max-image-preview:large","max-video-preview":"max-video-preview:-1"},"canonical":"https:\/\/akademie-tiertherapie.de\/hundeschule\/anmeldung\/","og_locale":"de_DE","og_type":"article","og_title":"Anmeldung - Akademie f\u00fcr Tiertherapie - Hundeschule","og_description":"Hier k\u00f6nnen Sie sich zu den einzelnen Kursen anmelden. Bitte alle mit * gekennzeichneten Felder ausf\u00fcllen. Wir werden uns sobald wie m\u00f6glich bei Ihnen melden.&nbsp;","og_url":"https:\/\/akademie-tiertherapie.de\/hundeschule\/anmeldung\/","og_site_name":"Akademie f\u00fcr Tiertherapie - Hundeschule","article_publisher":"https:\/\/www.facebook.com\/AkademieTier","article_modified_time":"2024-02-27T18:28:55+00:00","twitter_card":"summary_large_image","twitter_misc":{"Gesch\u00e4tzte Lesezeit":"2\u00a0Minuten"},"schema":{"@context":"https:\/\/schema.org","@graph":[{"@type":"WebPage","@id":"https:\/\/akademie-tiertherapie.de\/hundeschule\/anmeldung\/","url":"https:\/\/akademie-tiertherapie.de\/hundeschule\/anmeldung\/","name":"Anmeldung - Akademie f\u00fcr Tiertherapie - Hundeschule","isPartOf":{"@id":"https:\/\/akademie-tiertherapie.de\/hundeschule\/#website"},"datePublished":"2021-08-05T11:06:54+00:00","dateModified":"2024-02-27T18:28:55+00:00","breadcrumb":{"@id":"https:\/\/akademie-tiertherapie.de\/hundeschule\/anmeldung\/#breadcrumb"},"inLanguage":"de","potentialAction":[{"@type":"ReadAction","target":["https:\/\/akademie-tiertherapie.de\/hundeschule\/anmeldung\/"]}]},{"@type":"BreadcrumbList","@id":"https:\/\/akademie-tiertherapie.de\/hundeschule\/anmeldung\/#breadcrumb","itemListElement":[{"@type":"ListItem","position":1,"name":"Startseite","item":"https:\/\/akademie-tiertherapie.de\/hundeschule\/"},{"@type":"ListItem","position":2,"name":"Anmeldung"}]},{"@type":"WebSite","@id":"https:\/\/akademie-tiertherapie.de\/hundeschule\/#website","url":"https:\/\/akademie-tiertherapie.de\/hundeschule\/","name":"Akademie f\u00fcr Tiertherapie - Hundeschule","description":"Akademie f\u00fcr Tiertherapeutische Berufe Ausbildung Hundepsychologe Hundephysiotherapeut Tiergest\u00fctzte Therapie","publisher":{"@id":"https:\/\/akademie-tiertherapie.de\/hundeschule\/#organization"},"potentialAction":[{"@type":"SearchAction","target":{"@type":"EntryPoint","urlTemplate":"https:\/\/akademie-tiertherapie.de\/hundeschule\/?s={search_term_string}"},"query-input":{"@type":"PropertyValueSpecification","valueRequired":true,"valueName":"search_term_string"}}],"inLanguage":"de"},{"@type":"Organization","@id":"https:\/\/akademie-tiertherapie.de\/hundeschule\/#organization","name":"Akademie Tiertherapie","url":"https:\/\/akademie-tiertherapie.de\/hundeschule\/","logo":{"@type":"ImageObject","inLanguage":"de","@id":"https:\/\/akademie-tiertherapie.de\/hundeschule\/#\/schema\/logo\/image\/","url":"https:\/\/akademie-tiertherapie.de\/hundeschule\/wp-content\/uploads\/2022\/03\/ALogoBrown726KB.png","contentUrl":"https:\/\/akademie-tiertherapie.de\/hundeschule\/wp-content\/uploads\/2022\/03\/ALogoBrown726KB.png","width":2233,"height":2173,"caption":"Akademie Tiertherapie"},"image":{"@id":"https:\/\/akademie-tiertherapie.de\/hundeschule\/#\/schema\/logo\/image\/"},"sameAs":["https:\/\/www.facebook.com\/AkademieTier","https:\/\/www.instagram.com\/akademietier\/"]}]}},"_links":{"self":[{"href":"https:\/\/akademie-tiertherapie.de\/hundeschule\/wp-json\/wp\/v2\/pages\/965","targetHints":{"allow":["GET"]}}],"collection":[{"href":"https:\/\/akademie-tiertherapie.de\/hundeschule\/wp-json\/wp\/v2\/pages"}],"about":[{"href":"https:\/\/akademie-tiertherapie.de\/hundeschule\/wp-json\/wp\/v2\/types\/page"}],"author":[{"embeddable":true,"href":"https:\/\/akademie-tiertherapie.de\/hundeschule\/wp-json\/wp\/v2\/users\/1"}],"replies":[{"embeddable":true,"href":"https:\/\/akademie-tiertherapie.de\/hundeschule\/wp-json\/wp\/v2\/comments?post=965"}],"version-history":[{"count":202,"href":"https:\/\/akademie-tiertherapie.de\/hundeschule\/wp-json\/wp\/v2\/pages\/965\/revisions"}],"predecessor-version":[{"id":4344,"href":"https:\/\/akademie-tiertherapie.de\/hundeschule\/wp-json\/wp\/v2\/pages\/965\/revisions\/4344"}],"wp:attachment":[{"href":"https:\/\/akademie-tiertherapie.de\/hundeschule\/wp-json\/wp\/v2\/media?parent=965"}],"curies":[{"name":"wp","href":"https:\/\/api.w.org\/{rel}","templated":true}]}}