{"id":1088,"date":"2021-08-06T14:07:33","date_gmt":"2021-08-06T12:07:33","guid":{"rendered":"https:\/\/www.akademie-tiertherapie.de\/veranstaltungen\/?page_id=1088"},"modified":"2025-01-03T16:18:01","modified_gmt":"2025-01-03T15:18:01","slug":"nicole-drueschler","status":"publish","type":"page","link":"https:\/\/akademie-tiertherapie.de\/veranstaltungen\/ueber-die-akademie\/team\/nicole-drueschler\/","title":{"rendered":"Nicole Dr\u00fcschler"},"content":{"rendered":"\t\t<div data-elementor-type=\"wp-page\" data-elementor-id=\"1088\" class=\"elementor elementor-1088\" data-elementor-post-type=\"page\">\n\t\t\t\t\t\t<section class=\"elementor-section elementor-top-section elementor-element elementor-element-47c860f3 elementor-section-boxed elementor-section-height-default elementor-section-height-default\" data-id=\"47c860f3\" data-element_type=\"section\" data-e-type=\"section\">\n\t\t\t\t\t\t<div class=\"elementor-container elementor-column-gap-extended\">\n\t\t\t\t\t<div class=\"elementor-column elementor-col-50 elementor-top-column elementor-element elementor-element-54e4dfb5\" data-id=\"54e4dfb5\" data-element_type=\"column\" data-e-type=\"column\">\n\t\t\t<div class=\"elementor-widget-wrap elementor-element-populated\">\n\t\t\t\t\t\t<div class=\"elementor-element elementor-element-2568cb71 elementor-widget elementor-widget-themedraft_section_title\" data-id=\"2568cb71\" data-element_type=\"widget\" data-e-type=\"widget\" data-widget_type=\"themedraft_section_title.default\">\n\t\t\t\t<div class=\"elementor-widget-container\">\n\t\t\t\t\t\n        <div class=\"row\">\n            <div class=\"col-lg-12\">\n                <div class=\"td-section-title-wrap section-title-7352\">\n                    <div class=\"td-section-title-content\">\n\t\t\t\t\t\t\n\t\t\t\t\t\t                        <h6 class=\"subtitle\">Gesch\u00e4ftsleitung, Dozentin<\/h6>\n\t\t\t\t\t\n                    <h2 class=\"title\">Nicole Dr\u00fcschler                <\/h2>\n\t\t\t\t                    <div class=\"title-description\">\n\t\t\t\t\t\t<ul><li>Hundeverhaltenstherapeutin\u00a0<em>(Erlaubnis gem. \u00a711 Abs. 1, Nr. 8f TierSchG)<\/em><\/li><li>Kompetenztrainerin f\u00fcr schwierige Hunde (KTS-Reihe nach Thomas Baumann)<\/li><li>Lizenz Raumdenken (nach Ursula L\u00f6ckenhoff)<\/li><li>Hundephysiotherapeutin<\/li><li>Organisation und Verwaltung<\/li><\/ul>                    <\/div>\n\t\t\t\t            <\/div>\n        <\/div>\n        <\/div>\n\n        <style>\n            .td-section-title-wrap.section-title-7352 .subtitle:before{\n                background-image: url(\"https:\/\/akademie-tiertherapie.de\/veranstaltungen\/wp-content\/uploads\/2022\/01\/shape-darkblue.png\");\n            }\n        <\/style>\n        <\/div>\n\n\t\t\t\t\t\t<\/div>\n\t\t\t\t<\/div>\n\t\t\t\t\t<\/div>\n\t\t<\/div>\n\t\t\t\t<div class=\"elementor-column elementor-col-50 elementor-top-column elementor-element elementor-element-3073e0e\" data-id=\"3073e0e\" data-element_type=\"column\" data-e-type=\"column\">\n\t\t\t<div class=\"elementor-widget-wrap elementor-element-populated\">\n\t\t\t\t\t\t<div class=\"elementor-element elementor-element-323cdff7 elementor-widget elementor-widget-themedraft_image\" data-id=\"323cdff7\" data-element_type=\"widget\" data-e-type=\"widget\" data-widget_type=\"themedraft_image.default\">\n\t\t\t\t<div class=\"elementor-widget-container\">\n\t\t\t\t\t\n\t\t<div class=\"td-image-widget-wrapper\">\n\t\t\t<div class=\"td-image-container\">\n\t\t\t\t<img decoding=\"async\" src=\"https:\/\/akademie-tiertherapie.de\/veranstaltungen\/wp-content\/uploads\/2021\/08\/PFA_5401.jpg\" alt=\"\">\n\t\t\t<\/div>\n\t\t<\/div>\n\n\t\t\t\t\t\t<\/div>\n\t\t\t\t<\/div>\n\t\t\t\t\t<\/div>\n\t\t<\/div>\n\t\t\t\t\t<\/div>\n\t\t<\/section>\n\t\t\t\t<section class=\"elementor-section elementor-top-section elementor-element elementor-element-51cc760 elementor-section-boxed elementor-section-height-default elementor-section-height-default\" data-id=\"51cc760\" data-element_type=\"section\" data-e-type=\"section\">\n\t\t\t\t\t\t<div class=\"elementor-container elementor-column-gap-default\">\n\t\t\t\t\t<div class=\"elementor-column elementor-col-100 elementor-top-column elementor-element elementor-element-b4864af\" data-id=\"b4864af\" data-element_type=\"column\" data-e-type=\"column\">\n\t\t\t<div class=\"elementor-widget-wrap elementor-element-populated\">\n\t\t\t\t\t\t<div class=\"elementor-element elementor-element-36aa41a elementor-widget elementor-widget-text-editor\" data-id=\"36aa41a\" data-element_type=\"widget\" data-e-type=\"widget\" data-widget_type=\"text-editor.default\">\n\t\t\t\t<div class=\"elementor-widget-container\">\n\t\t\t\t\t\t\t\t\t<div class=\"item_fulltext\"><section class=\"elementor-section elementor-top-section elementor-element elementor-element-51cc760 elementor-section-boxed elementor-section-height-default elementor-section-height-default\" data-id=\"51cc760\" data-element_type=\"section\"><div class=\"elementor-container elementor-column-gap-default\"><div class=\"elementor-column elementor-col-100 elementor-top-column elementor-element elementor-element-b4864af\" data-id=\"b4864af\" data-element_type=\"column\"><div class=\"elementor-widget-wrap elementor-element-populated\"><div class=\"elementor-element elementor-element-36aa41a elementor-widget elementor-widget-text-editor\" data-id=\"36aa41a\" data-element_type=\"widget\" data-widget_type=\"text-editor.default\"><div class=\"elementor-widget-container\"><div class=\"item_fulltext\"><p><strong>Leidenschaft und ein unverwechselbarer Ansatz<\/strong><\/p><p>Schon als Kind war die Welt der Tiere und der Natur meine gr\u00f6\u00dfte Faszination. Mit unerm\u00fcdlicher Neugier erkundete ich alles um mich herum \u2013 ob gro\u00df oder klein, gef\u00e4hrlich oder ungef\u00e4hrlich, erlaubt oder verboten. Dieser Drang, die Lebewesen unserer Erde zu verstehen, begleitet mich bis heute und hat letztlich meine berufliche Laufbahn entscheidend gepr\u00e4gt.<\/p><p>Nach Studium, einer erfolgreichen Karriere als Unternehmensberaterin und selbst\u00e4ndige Unternehmerin kombiniere ich heute ein breites Spektrum an fundiertem Fachwissen mit meiner jahrzehntelangen Erfahrung im Umgang mit Mensch und Tier. Ich habe mich auf die Bereiche Hundeverhalten, Raumdenken und die emotionale Beziehung zwischen Mensch und Hund spezialisiert. Dabei sch\u00f6pfe ich aus der Verbindung von Fachkompetenz und pers\u00f6nlicher Leidenschaft.<\/p><p><strong>\u00a0<\/strong><\/p><p><strong>Warum seid ihr mit mir in besten H\u00e4nden:<\/strong><strong>\u00a0<\/strong><\/p><ul><li><strong>Raumdenken (nach Ursula L\u00f6ckenhof)<\/strong><br \/>Mein Konzept basiert auf einer tiefen Verbindung zwischen Mensch und Hund. Mit der Lizenz f\u00fcr <em>Raumdenken<\/em> (nach Ursula L\u00f6ckenhof) arbeite ich daran, die Dynamik von Raum, F\u00fchrung und Vertrauen bewusst zu gestalten.<\/li><li><strong>Erfahrung mit schwierigen Hunden<br \/><\/strong>Durch meine Ausbildung zur KTS-Trainerin (<a href=\"https:\/\/www.hundezentrum-baumann.de\/Baumann-Veranstaltungen\/Trainer-Fortbildung\/\">Kompetenztrainerin f\u00fcr schwierige Hunde nach Thomas Baumann<\/a>) habe ich gelernt, auch in herausfordernden Situationen die richtigen Wege zu finden.<\/li><li><strong>Wissenschaft und Praxis<br \/><\/strong>Als Hundeverhaltenstherapeutin, Hundephysiotherapeutin und Naturparkf\u00fchrerin vereine ich wissenschaftliche Expertise mit einem praktischen Zugang zur Natur und den Bed\u00fcrfnissen der Tiere.<\/li><li><strong>Leidenschaft und Empathie<br \/><\/strong>Meine Liebe zu Tieren und mein Verst\u00e4ndnis f\u00fcr ihre feinen Signale machen mich zu einer einf\u00fchlsamen Begleiterin f\u00fcr Mensch-Hund-Teams.<\/li><\/ul><p>Meine Seminare und Vortr\u00e4ge verbinden fundiertes Fachwissen mit praxisnahen Ans\u00e4tzen, die auf einer tiefen Verbindung von Raum, F\u00fchrung und Vertrauen basieren. Dabei steht nicht nur der Hund, sondern auch ihr als Mensch im Mittelpunkt \u2013 denn eine starke Partnerschaft beginnt mit einem klaren Verst\u00e4ndnis f\u00fcreinander.<\/p><p>Mein Ansatz: Wissen teilen, neue Perspektiven \u00f6ffnen und dabei helfen, eine tiefere Verbindung zwischen Mensch und Hund zu schaffen.<\/p><p><strong>Gemeinsam gestalten wir einen Raum, in dem Vertrauen w\u00e4chst und wahre F\u00fchrung beginnt.<\/strong><\/p><\/div><\/div><\/div><\/div><\/div><\/div><\/section><section class=\"elementor-section elementor-top-section elementor-element elementor-element-cf2b14f elementor-section-boxed elementor-section-height-default elementor-section-height-default\" data-id=\"cf2b14f\" data-element_type=\"section\"><div class=\"elementor-container elementor-column-gap-default\"><div class=\"elementor-column elementor-col-100 elementor-top-column elementor-element elementor-element-c7b6d36\" data-id=\"c7b6d36\" data-element_type=\"column\"><div class=\"elementor-widget-wrap elementor-element-populated\"><div class=\"elementor-element elementor-element-ff70e75 elementor-widget elementor-widget-text-editor\" data-id=\"ff70e75\" data-element_type=\"widget\" data-widget_type=\"text-editor.default\"><div class=\"elementor-widget-container\"><p><strong>Fortbildungen<\/strong><\/p><p>24-11-25_SozialeSturkturenBei Hundeartigen-Miklosi-Online<\/p><p>24-06-01_LizenzRaumdenken-UrsulaLo\u0308ckenhoff<\/p><p>24-03-09.-10._Raumdenken-Ursula Lo\u0308ckenhoff<\/p><p>24-03-02_KastrationUndVerhaltensa\u0308nderung-CarinaKolkmeyer<\/p><p>23-11-09_DasSozialverhaltenUnsererHundeUteHeberer<\/p><p>23-10-14-15_Hu\u0308tehunde-GerdLeder<\/p><p>23-10-06.-08._1x1fu\u0308rHT-DanielHerter<\/p><p>23-05-13.-14._Arbeitssicherheit-MarcelSchlief<\/p><p>23-05-13.-14._Arbeitssicherheit-MarcelSchlief<\/p><p>23-04-29.-30._MonsterMemme-NormenMrozinski<\/p><p>23-03-13.-17._ImTunnelDerAggression-GerdSchuster<\/p><p>23-01-20_Ha\u0308uslicherBereich-EvaGrau<\/p><p>22-12-06.-09._LaKoKoWoche2-InaBaumann<\/p><p>22-11-15.-18._KTS-SchwierigeHunde-T4<\/p><p>22-10-18.-21._LaKoKoWoche_Thomas Baumann<\/p><p>22-09-04_HundeHalten-DanielHerter<\/p><p>22-08-27+09-03_Orientierung-DanielHerter<\/p><p>22-06-25-26_WasIstDennDasFu\u0308rEiner-MichaelGrewe<\/p><p>22-04-22.-26._KTS-SchwierigeHunde-T7<\/p><p>22-03-22.-25._KTS-SchwierigeHunde-T6<\/p><p>22-02-22.-25._KTS-SchwierigeHunde-T5<\/p><p>21-12-13.-17._KTS-SchwierigeHunde-T3<\/p><p>21-11-23.-26._KTS-SchwierigeHunde-T2<\/p><p>21-11-06.-07._DogWalk-Lo\u0308ckenhoff<\/p><p>21-10-26.-29._KTS-SchwierigeHunde-T1<\/p><p>21-09-26.-27._Aggression-Beutefangverhalten-Dr.Federsen-Petersen<\/p><p>21-08-28.-29._Ha\u0308uslichesProgramm+Konfliktmanagement-MichaelGrewe<\/p><p>21-08-07_DieRassenDesHaushundes-GerdLeder<\/p><p>21-07-09_Blutegeltherapie_FranziakaHelling<\/p><p>21-07-03.-04._Hundemitmigrationshintergrund_GerdLeder<\/p><p>21-04-12.-16._Aggressionsverhalten-NormanMrozsinki<\/p><p>21-03-29_KommunikationstattEskalation_HellhoundFoundation<\/p><p>20-09-28.-30._Smalltalker-SamiElAyachi<\/p><p>20-06-15.-17._Longieren-SamiElAyachi<\/p><p>20-02-29_Verhaltensentwicklung-DoritFeddersen-Petersen<\/p><p>19-01-12_Pru\u0308ferlizenzHundefu\u0308hrerschein-DFTBe.V \u00a0<\/p><\/div><\/div><\/div><\/div><\/div><\/section><\/div>\t\t\t\t\t\t\t\t<\/div>\n\t\t\t\t<\/div>\n\t\t\t\t\t<\/div>\n\t\t<\/div>\n\t\t\t\t\t<\/div>\n\t\t<\/section>\n\t\t\t\t<\/div>\n\t\t","protected":false},"excerpt":{"rendered":"<p>Gesch\u00e4ftsleitung, Dozentin Nicole Dr\u00fcschler Hundeverhaltenstherapeutin\u00a0(Erlaubnis gem. \u00a711 Abs. 1, Nr. 8f TierSchG) Kompetenztrainerin f\u00fcr schwierige Hunde (KTS-Reihe nach Thomas Baumann) Lizenz Raumdenken (nach Ursula L\u00f6ckenhoff) Hundephysiotherapeutin Organisation und Verwaltung Leidenschaft und ein unverwechselbarer Ansatz Schon als Kind war die Welt der Tiere und der Natur meine gr\u00f6\u00dfte Faszination. Mit unerm\u00fcdlicher Neugier erkundete ich alles um [&hellip;]<\/p>\n","protected":false},"author":1,"featured_media":0,"parent":1019,"menu_order":0,"comment_status":"closed","ping_status":"closed","template":"","meta":{"footnotes":""},"class_list":["post-1088","page","type-page","status-publish","hentry"],"yoast_head":"<!-- This site is optimized with the Yoast SEO plugin v27.1.1 - https:\/\/yoast.com\/product\/yoast-seo-wordpress\/ -->\n<title>Nicole Dr\u00fcschler - Akademie f\u00fcr Tiertherapie - Veranstaltungen<\/title>\n<meta name=\"robots\" content=\"index, follow, max-snippet:-1, max-image-preview:large, max-video-preview:-1\" \/>\n<link rel=\"canonical\" href=\"https:\/\/akademie-tiertherapie.de\/veranstaltungen\/ueber-die-akademie\/team\/nicole-drueschler\/\" \/>\n<meta property=\"og:locale\" content=\"de_DE\" \/>\n<meta property=\"og:type\" content=\"article\" \/>\n<meta property=\"og:title\" content=\"Nicole Dr\u00fcschler - Akademie f\u00fcr Tiertherapie - Veranstaltungen\" \/>\n<meta property=\"og:description\" content=\"Gesch\u00e4ftsleitung, Dozentin Nicole Dr\u00fcschler Hundeverhaltenstherapeutin\u00a0(Erlaubnis gem. \u00a711 Abs. 1, Nr. 8f TierSchG) Kompetenztrainerin f\u00fcr schwierige Hunde (KTS-Reihe nach Thomas Baumann) Lizenz Raumdenken (nach Ursula L\u00f6ckenhoff) Hundephysiotherapeutin Organisation und Verwaltung Leidenschaft und ein unverwechselbarer Ansatz Schon als Kind war die Welt der Tiere und der Natur meine gr\u00f6\u00dfte Faszination. Mit unerm\u00fcdlicher Neugier erkundete ich alles um [&hellip;]\" \/>\n<meta property=\"og:url\" content=\"https:\/\/akademie-tiertherapie.de\/veranstaltungen\/ueber-die-akademie\/team\/nicole-drueschler\/\" \/>\n<meta property=\"og:site_name\" content=\"Akademie f\u00fcr Tiertherapie - Veranstaltungen\" \/>\n<meta property=\"article:publisher\" content=\"https:\/\/www.facebook.com\/AkademieTier\" \/>\n<meta property=\"article:modified_time\" content=\"2025-01-03T15:18:01+00:00\" \/>\n<meta property=\"og:image\" content=\"https:\/\/akademie-tiertherapie.de\/veranstaltungen\/wp-content\/uploads\/2021\/08\/PFA_5401.jpg\" \/>\n<meta name=\"twitter:card\" content=\"summary_large_image\" \/>\n<meta name=\"twitter:label1\" content=\"Gesch\u00e4tzte Lesezeit\" \/>\n\t<meta name=\"twitter:data1\" content=\"2\u00a0Minuten\" \/>\n<script type=\"application\/ld+json\" class=\"yoast-schema-graph\">{\"@context\":\"https:\/\/schema.org\",\"@graph\":[{\"@type\":\"WebPage\",\"@id\":\"https:\/\/akademie-tiertherapie.de\/veranstaltungen\/ueber-die-akademie\/team\/nicole-drueschler\/\",\"url\":\"https:\/\/akademie-tiertherapie.de\/veranstaltungen\/ueber-die-akademie\/team\/nicole-drueschler\/\",\"name\":\"Nicole Dr\u00fcschler - Akademie f\u00fcr Tiertherapie - Veranstaltungen\",\"isPartOf\":{\"@id\":\"https:\/\/akademie-tiertherapie.de\/veranstaltungen\/#website\"},\"primaryImageOfPage\":{\"@id\":\"https:\/\/akademie-tiertherapie.de\/veranstaltungen\/ueber-die-akademie\/team\/nicole-drueschler\/#primaryimage\"},\"image\":{\"@id\":\"https:\/\/akademie-tiertherapie.de\/veranstaltungen\/ueber-die-akademie\/team\/nicole-drueschler\/#primaryimage\"},\"thumbnailUrl\":\"https:\/\/akademie-tiertherapie.de\/veranstaltungen\/wp-content\/uploads\/2021\/08\/PFA_5401.jpg\",\"datePublished\":\"2021-08-06T12:07:33+00:00\",\"dateModified\":\"2025-01-03T15:18:01+00:00\",\"breadcrumb\":{\"@id\":\"https:\/\/akademie-tiertherapie.de\/veranstaltungen\/ueber-die-akademie\/team\/nicole-drueschler\/#breadcrumb\"},\"inLanguage\":\"de\",\"potentialAction\":[{\"@type\":\"ReadAction\",\"target\":[\"https:\/\/akademie-tiertherapie.de\/veranstaltungen\/ueber-die-akademie\/team\/nicole-drueschler\/\"]}]},{\"@type\":\"ImageObject\",\"inLanguage\":\"de\",\"@id\":\"https:\/\/akademie-tiertherapie.de\/veranstaltungen\/ueber-die-akademie\/team\/nicole-drueschler\/#primaryimage\",\"url\":\"https:\/\/akademie-tiertherapie.de\/veranstaltungen\/wp-content\/uploads\/2021\/08\/PFA_5401.jpg\",\"contentUrl\":\"https:\/\/akademie-tiertherapie.de\/veranstaltungen\/wp-content\/uploads\/2021\/08\/PFA_5401.jpg\"},{\"@type\":\"BreadcrumbList\",\"@id\":\"https:\/\/akademie-tiertherapie.de\/veranstaltungen\/ueber-die-akademie\/team\/nicole-drueschler\/#breadcrumb\",\"itemListElement\":[{\"@type\":\"ListItem\",\"position\":1,\"name\":\"Startseite\",\"item\":\"https:\/\/akademie-tiertherapie.de\/veranstaltungen\/\"},{\"@type\":\"ListItem\",\"position\":2,\"name\":\"\u00dcber die Akademie\",\"item\":\"https:\/\/akademie-tiertherapie.de\/veranstaltungen\/ueber-die-akademie\/\"},{\"@type\":\"ListItem\",\"position\":3,\"name\":\"Team\",\"item\":\"https:\/\/akademie-tiertherapie.de\/veranstaltungen\/ueber-die-akademie\/team\/\"},{\"@type\":\"ListItem\",\"position\":4,\"name\":\"Nicole Dr\u00fcschler\"}]},{\"@type\":\"WebSite\",\"@id\":\"https:\/\/akademie-tiertherapie.de\/veranstaltungen\/#website\",\"url\":\"https:\/\/akademie-tiertherapie.de\/veranstaltungen\/\",\"name\":\"Akademie f\u00fcr Tiertherapie - Veranstaltungen\",\"description\":\"Akademie f\u00fcr Tiertherapeutische Berufe GmbH\",\"publisher\":{\"@id\":\"https:\/\/akademie-tiertherapie.de\/veranstaltungen\/#organization\"},\"potentialAction\":[{\"@type\":\"SearchAction\",\"target\":{\"@type\":\"EntryPoint\",\"urlTemplate\":\"https:\/\/akademie-tiertherapie.de\/veranstaltungen\/?s={search_term_string}\"},\"query-input\":{\"@type\":\"PropertyValueSpecification\",\"valueRequired\":true,\"valueName\":\"search_term_string\"}}],\"inLanguage\":\"de\"},{\"@type\":\"Organization\",\"@id\":\"https:\/\/akademie-tiertherapie.de\/veranstaltungen\/#organization\",\"name\":\"Akademie Tiertherapie\",\"url\":\"https:\/\/akademie-tiertherapie.de\/veranstaltungen\/\",\"logo\":{\"@type\":\"ImageObject\",\"inLanguage\":\"de\",\"@id\":\"https:\/\/akademie-tiertherapie.de\/veranstaltungen\/#\/schema\/logo\/image\/\",\"url\":\"https:\/\/akademie-tiertherapie.de\/veranstaltungen\/wp-content\/uploads\/2022\/03\/ALogoBrown726KB.png\",\"contentUrl\":\"https:\/\/akademie-tiertherapie.de\/veranstaltungen\/wp-content\/uploads\/2022\/03\/ALogoBrown726KB.png\",\"width\":2233,\"height\":2173,\"caption\":\"Akademie Tiertherapie\"},\"image\":{\"@id\":\"https:\/\/akademie-tiertherapie.de\/veranstaltungen\/#\/schema\/logo\/image\/\"},\"sameAs\":[\"https:\/\/www.facebook.com\/AkademieTier\",\"https:\/\/www.instagram.com\/akademietier\/\"]}]}<\/script>\n<!-- \/ Yoast SEO plugin. -->","yoast_head_json":{"title":"Nicole Dr\u00fcschler - Akademie f\u00fcr Tiertherapie - Veranstaltungen","robots":{"index":"index","follow":"follow","max-snippet":"max-snippet:-1","max-image-preview":"max-image-preview:large","max-video-preview":"max-video-preview:-1"},"canonical":"https:\/\/akademie-tiertherapie.de\/veranstaltungen\/ueber-die-akademie\/team\/nicole-drueschler\/","og_locale":"de_DE","og_type":"article","og_title":"Nicole Dr\u00fcschler - Akademie f\u00fcr Tiertherapie - Veranstaltungen","og_description":"Gesch\u00e4ftsleitung, Dozentin Nicole Dr\u00fcschler Hundeverhaltenstherapeutin\u00a0(Erlaubnis gem. \u00a711 Abs. 1, Nr. 8f TierSchG) Kompetenztrainerin f\u00fcr schwierige Hunde (KTS-Reihe nach Thomas Baumann) Lizenz Raumdenken (nach Ursula L\u00f6ckenhoff) Hundephysiotherapeutin Organisation und Verwaltung Leidenschaft und ein unverwechselbarer Ansatz Schon als Kind war die Welt der Tiere und der Natur meine gr\u00f6\u00dfte Faszination. Mit unerm\u00fcdlicher Neugier erkundete ich alles um [&hellip;]","og_url":"https:\/\/akademie-tiertherapie.de\/veranstaltungen\/ueber-die-akademie\/team\/nicole-drueschler\/","og_site_name":"Akademie f\u00fcr Tiertherapie - Veranstaltungen","article_publisher":"https:\/\/www.facebook.com\/AkademieTier","article_modified_time":"2025-01-03T15:18:01+00:00","og_image":[{"url":"https:\/\/akademie-tiertherapie.de\/veranstaltungen\/wp-content\/uploads\/2021\/08\/PFA_5401.jpg","type":"","width":"","height":""}],"twitter_card":"summary_large_image","twitter_misc":{"Gesch\u00e4tzte Lesezeit":"2\u00a0Minuten"},"schema":{"@context":"https:\/\/schema.org","@graph":[{"@type":"WebPage","@id":"https:\/\/akademie-tiertherapie.de\/veranstaltungen\/ueber-die-akademie\/team\/nicole-drueschler\/","url":"https:\/\/akademie-tiertherapie.de\/veranstaltungen\/ueber-die-akademie\/team\/nicole-drueschler\/","name":"Nicole Dr\u00fcschler - Akademie f\u00fcr Tiertherapie - Veranstaltungen","isPartOf":{"@id":"https:\/\/akademie-tiertherapie.de\/veranstaltungen\/#website"},"primaryImageOfPage":{"@id":"https:\/\/akademie-tiertherapie.de\/veranstaltungen\/ueber-die-akademie\/team\/nicole-drueschler\/#primaryimage"},"image":{"@id":"https:\/\/akademie-tiertherapie.de\/veranstaltungen\/ueber-die-akademie\/team\/nicole-drueschler\/#primaryimage"},"thumbnailUrl":"https:\/\/akademie-tiertherapie.de\/veranstaltungen\/wp-content\/uploads\/2021\/08\/PFA_5401.jpg","datePublished":"2021-08-06T12:07:33+00:00","dateModified":"2025-01-03T15:18:01+00:00","breadcrumb":{"@id":"https:\/\/akademie-tiertherapie.de\/veranstaltungen\/ueber-die-akademie\/team\/nicole-drueschler\/#breadcrumb"},"inLanguage":"de","potentialAction":[{"@type":"ReadAction","target":["https:\/\/akademie-tiertherapie.de\/veranstaltungen\/ueber-die-akademie\/team\/nicole-drueschler\/"]}]},{"@type":"ImageObject","inLanguage":"de","@id":"https:\/\/akademie-tiertherapie.de\/veranstaltungen\/ueber-die-akademie\/team\/nicole-drueschler\/#primaryimage","url":"https:\/\/akademie-tiertherapie.de\/veranstaltungen\/wp-content\/uploads\/2021\/08\/PFA_5401.jpg","contentUrl":"https:\/\/akademie-tiertherapie.de\/veranstaltungen\/wp-content\/uploads\/2021\/08\/PFA_5401.jpg"},{"@type":"BreadcrumbList","@id":"https:\/\/akademie-tiertherapie.de\/veranstaltungen\/ueber-die-akademie\/team\/nicole-drueschler\/#breadcrumb","itemListElement":[{"@type":"ListItem","position":1,"name":"Startseite","item":"https:\/\/akademie-tiertherapie.de\/veranstaltungen\/"},{"@type":"ListItem","position":2,"name":"\u00dcber die Akademie","item":"https:\/\/akademie-tiertherapie.de\/veranstaltungen\/ueber-die-akademie\/"},{"@type":"ListItem","position":3,"name":"Team","item":"https:\/\/akademie-tiertherapie.de\/veranstaltungen\/ueber-die-akademie\/team\/"},{"@type":"ListItem","position":4,"name":"Nicole Dr\u00fcschler"}]},{"@type":"WebSite","@id":"https:\/\/akademie-tiertherapie.de\/veranstaltungen\/#website","url":"https:\/\/akademie-tiertherapie.de\/veranstaltungen\/","name":"Akademie f\u00fcr Tiertherapie - Veranstaltungen","description":"Akademie f\u00fcr Tiertherapeutische Berufe GmbH","publisher":{"@id":"https:\/\/akademie-tiertherapie.de\/veranstaltungen\/#organization"},"potentialAction":[{"@type":"SearchAction","target":{"@type":"EntryPoint","urlTemplate":"https:\/\/akademie-tiertherapie.de\/veranstaltungen\/?s={search_term_string}"},"query-input":{"@type":"PropertyValueSpecification","valueRequired":true,"valueName":"search_term_string"}}],"inLanguage":"de"},{"@type":"Organization","@id":"https:\/\/akademie-tiertherapie.de\/veranstaltungen\/#organization","name":"Akademie Tiertherapie","url":"https:\/\/akademie-tiertherapie.de\/veranstaltungen\/","logo":{"@type":"ImageObject","inLanguage":"de","@id":"https:\/\/akademie-tiertherapie.de\/veranstaltungen\/#\/schema\/logo\/image\/","url":"https:\/\/akademie-tiertherapie.de\/veranstaltungen\/wp-content\/uploads\/2022\/03\/ALogoBrown726KB.png","contentUrl":"https:\/\/akademie-tiertherapie.de\/veranstaltungen\/wp-content\/uploads\/2022\/03\/ALogoBrown726KB.png","width":2233,"height":2173,"caption":"Akademie Tiertherapie"},"image":{"@id":"https:\/\/akademie-tiertherapie.de\/veranstaltungen\/#\/schema\/logo\/image\/"},"sameAs":["https:\/\/www.facebook.com\/AkademieTier","https:\/\/www.instagram.com\/akademietier\/"]}]}},"_links":{"self":[{"href":"https:\/\/akademie-tiertherapie.de\/veranstaltungen\/wp-json\/wp\/v2\/pages\/1088","targetHints":{"allow":["GET"]}}],"collection":[{"href":"https:\/\/akademie-tiertherapie.de\/veranstaltungen\/wp-json\/wp\/v2\/pages"}],"about":[{"href":"https:\/\/akademie-tiertherapie.de\/veranstaltungen\/wp-json\/wp\/v2\/types\/page"}],"author":[{"embeddable":true,"href":"https:\/\/akademie-tiertherapie.de\/veranstaltungen\/wp-json\/wp\/v2\/users\/1"}],"replies":[{"embeddable":true,"href":"https:\/\/akademie-tiertherapie.de\/veranstaltungen\/wp-json\/wp\/v2\/comments?post=1088"}],"version-history":[{"count":34,"href":"https:\/\/akademie-tiertherapie.de\/veranstaltungen\/wp-json\/wp\/v2\/pages\/1088\/revisions"}],"predecessor-version":[{"id":4663,"href":"https:\/\/akademie-tiertherapie.de\/veranstaltungen\/wp-json\/wp\/v2\/pages\/1088\/revisions\/4663"}],"up":[{"embeddable":true,"href":"https:\/\/akademie-tiertherapie.de\/veranstaltungen\/wp-json\/wp\/v2\/pages\/1019"}],"wp:attachment":[{"href":"https:\/\/akademie-tiertherapie.de\/veranstaltungen\/wp-json\/wp\/v2\/media?parent=1088"}],"curies":[{"name":"wp","href":"https:\/\/api.w.org\/{rel}","templated":true}]}}