{"id":1094,"date":"2021-08-06T14:10:44","date_gmt":"2021-08-06T12:10:44","guid":{"rendered":"https:\/\/www.akademie-tiertherapie.de\/veranstaltungen\/?page_id=1094"},"modified":"2025-01-03T16:17:30","modified_gmt":"2025-01-03T15:17:30","slug":"kerstin-mohrhardt","status":"publish","type":"page","link":"https:\/\/akademie-tiertherapie.de\/veranstaltungen\/ueber-die-akademie\/team\/kerstin-mohrhardt\/","title":{"rendered":"Kerstin Mohrhardt"},"content":{"rendered":"\t\t<div data-elementor-type=\"wp-page\" data-elementor-id=\"1094\" class=\"elementor elementor-1094\" data-elementor-post-type=\"page\">\n\t\t\t\t\t\t<section class=\"elementor-section elementor-top-section elementor-element elementor-element-47c860f3 elementor-section-boxed elementor-section-height-default elementor-section-height-default\" data-id=\"47c860f3\" data-element_type=\"section\" data-e-type=\"section\">\n\t\t\t\t\t\t<div class=\"elementor-container elementor-column-gap-extended\">\n\t\t\t\t\t<div class=\"elementor-column elementor-col-50 elementor-top-column elementor-element elementor-element-54e4dfb5\" data-id=\"54e4dfb5\" data-element_type=\"column\" data-e-type=\"column\">\n\t\t\t<div class=\"elementor-widget-wrap elementor-element-populated\">\n\t\t\t\t\t\t<div class=\"elementor-element elementor-element-2568cb71 elementor-widget elementor-widget-themedraft_section_title\" data-id=\"2568cb71\" data-element_type=\"widget\" data-e-type=\"widget\" data-widget_type=\"themedraft_section_title.default\">\n\t\t\t\t<div class=\"elementor-widget-container\">\n\t\t\t\t\t\n        <div class=\"row\">\n            <div class=\"col-lg-12\">\n                <div class=\"td-section-title-wrap section-title-5960\">\n                    <div class=\"td-section-title-content\">\n\t\t\t\t\t\t\n\t\t\t\t\t\t                        <h6 class=\"subtitle\">Gesch\u00e4ftsleitung<\/h6>\n\t\t\t\t\t\n                    <h2 class=\"title\">Kerstin Mohrhardt                <\/h2>\n\t\t\t\t                    <div class=\"title-description\">\n\t\t\t\t\t\t<ul><li>Hundeverhaltenstherapeutin <em>(Erlaubnis gem. \u00a7 11 Abs. 1 Nr. 8 f TierSchG)<\/em><\/li><li>Assistenzhundetrainerin<\/li><li>Ern\u00e4hrungsberaterin f\u00fcr Hunde<\/li><li>Organisation und Verwaltung<\/li><\/ul>                    <\/div>\n\t\t\t\t            <\/div>\n        <\/div>\n        <\/div>\n\n        <style>\n            .td-section-title-wrap.section-title-5960 .subtitle:before{\n                background-image: url(\"https:\/\/akademie-tiertherapie.de\/veranstaltungen\/wp-content\/uploads\/2022\/01\/shape-darkblue.png\");\n            }\n        <\/style>\n        <\/div>\n\n\t\t\t\t\t\t<\/div>\n\t\t\t\t<\/div>\n\t\t\t\t\t<\/div>\n\t\t<\/div>\n\t\t\t\t<div class=\"elementor-column elementor-col-50 elementor-top-column elementor-element elementor-element-3073e0e\" data-id=\"3073e0e\" data-element_type=\"column\" data-e-type=\"column\">\n\t\t\t<div class=\"elementor-widget-wrap elementor-element-populated\">\n\t\t\t\t\t\t<div class=\"elementor-element elementor-element-323cdff7 elementor-widget elementor-widget-themedraft_image\" data-id=\"323cdff7\" data-element_type=\"widget\" data-e-type=\"widget\" data-widget_type=\"themedraft_image.default\">\n\t\t\t\t<div class=\"elementor-widget-container\">\n\t\t\t\t\t\n\t\t<div class=\"td-image-widget-wrapper\">\n\t\t\t<div class=\"td-image-container\">\n\t\t\t\t<img decoding=\"async\" src=\"https:\/\/akademie-tiertherapie.de\/veranstaltungen\/wp-content\/uploads\/2023\/03\/KerstinMohrhardt-kompr-e1679645827914.png\" alt=\"\">\n\t\t\t<\/div>\n\t\t<\/div>\n\n\t\t\t\t\t\t<\/div>\n\t\t\t\t<\/div>\n\t\t\t\t\t<\/div>\n\t\t<\/div>\n\t\t\t\t\t<\/div>\n\t\t<\/section>\n\t\t\t\t<section class=\"elementor-section elementor-top-section elementor-element elementor-element-51cc760 elementor-section-boxed elementor-section-height-default elementor-section-height-default\" data-id=\"51cc760\" data-element_type=\"section\" data-e-type=\"section\">\n\t\t\t\t\t\t<div class=\"elementor-container elementor-column-gap-default\">\n\t\t\t\t\t<div class=\"elementor-column elementor-col-100 elementor-top-column elementor-element elementor-element-b4864af\" data-id=\"b4864af\" data-element_type=\"column\" data-e-type=\"column\">\n\t\t\t<div class=\"elementor-widget-wrap elementor-element-populated\">\n\t\t\t\t\t\t<div class=\"elementor-element elementor-element-36aa41a elementor-widget elementor-widget-text-editor\" data-id=\"36aa41a\" data-element_type=\"widget\" data-e-type=\"widget\" data-widget_type=\"text-editor.default\">\n\t\t\t\t<div class=\"elementor-widget-container\">\n\t\t\t\t\t\t\t\t\t<div class=\"item_fulltext\"><section class=\"elementor-section elementor-top-section elementor-element elementor-element-51cc760 elementor-section-boxed elementor-section-height-default elementor-section-height-default\" data-id=\"51cc760\" data-element_type=\"section\"><div class=\"elementor-container elementor-column-gap-default\"><div class=\"elementor-column elementor-col-100 elementor-top-column elementor-element elementor-element-b4864af\" data-id=\"b4864af\" data-element_type=\"column\"><div class=\"elementor-widget-wrap elementor-element-populated\"><div class=\"elementor-element elementor-element-36aa41a elementor-widget elementor-widget-text-editor\" data-id=\"36aa41a\" data-element_type=\"widget\" data-widget_type=\"text-editor.default\"><div class=\"elementor-widget-container\"><p><em>Zum Leidwesen meiner Eltern bin ich bereits als kleines Kind auf jeden Hund zugegangen, ohne mich zu fragen, ob er mich bei\u00dfen k\u00f6nnte. Als ich den Hund im Zwinger streichelte, der jeden gebissen hat, der dort zu nah kam, war mir noch nicht bewusst, wie wichtig die innere Einstellung im Umgang mit Hunden ist und wie gef\u00e4hrlich es trotzdem manchmal sein kann.<\/em><\/p><div><p>Urspr\u00fcnglich arbeitete ich im kaufm\u00e4nnischen Bereich. Als meine Kinder auf die Welt kamen, unterbrach ich diese T\u00e4tigkeit zu Gunsten der Erziehung meiner beiden Kinder. Dann fiel der Startschuss, mein Hobby zum Beruf zu machen und ich absolvierte ein 2-j\u00e4hriges Studium zur Hundeverhaltenstherapeutin. Seit 2016 bin ich nicht nur als Trainerin (mit Zulassung gem. \u00a711, Abs. 1, 8f) t\u00e4tig, sondern auch mit der Akademie f\u00fcr Tiertherapie selbst\u00e4ndig. Das Schulungszentrum ist zum einen ein Ausbildungsinstitut f\u00fcr Dogwalker, Hundetrainer, Hundeverhaltenstherapeuten, Fachkr\u00e4fte f\u00fcr Tiergest\u00fctzte Therapie und Hundephysiotherapeuten. Zum anderen finden dort Vortr\u00e4ge, Fachseminare und Workshops statt sowie individuelles Hundetraining f\u00fcr Hundehalter.\u00a0<\/p><\/div><div><p>Die Ausbildung zum Ern\u00e4hrungsberater habe ich 2020 abgeschlossen, da auch die Grundlagen der Ern\u00e4hrung im Training wichtig sein k\u00f6nnen. Da mich die F\u00e4higkeiten unserer Hunde, Menschen positiv zu beeinflussen extrem begeistert, habe ich mein Wissen im Assistenzhundebereich erweitert und die Ausbildung zur Assistenzhunde-Trainerin beim DAZ im Juli 2023 abgeschlossen. Mich faszinieren die Wechselwirkungen zwischen Hund und Mensch \u2013 man kann immer wieder beobachten, wie Hunde Kindern, Senioren und kranken Menschen Kraft und Halt schenken und f\u00fcr mehr Lebensqualit\u00e4t sorgen.<\/p><p>Die Erfahrung, die ich als Trainerin, Dozentin oder Teilnehmerin an einer unserer vielen Fortbildungsveranstaltungen mitnehmen darf und die 3 \u201everhaltensoriginellen\u201c Hunde, die ich 6 Jahre gemanagt habe, sind die Grundlage f\u00fcr meine besondere Art, auf Hund und Halter eingehen zu k\u00f6nnen. Empathie und zielorientiertes Training ist mein Motto.<\/p><\/div><\/div><\/div><\/div><\/div><\/div><\/section><section class=\"elementor-section elementor-top-section elementor-element elementor-element-6562209 elementor-section-boxed elementor-section-height-default elementor-section-height-default\" data-id=\"6562209\" data-element_type=\"section\"><div class=\"elementor-container elementor-column-gap-default\"><div class=\"elementor-column elementor-col-100 elementor-top-column elementor-element elementor-element-1c6f673\" data-id=\"1c6f673\" data-element_type=\"column\"><div class=\"elementor-widget-wrap elementor-element-populated\"><div class=\"elementor-element elementor-element-fa48923 elementor-widget elementor-widget-text-editor\" data-id=\"fa48923\" data-element_type=\"widget\" data-widget_type=\"text-editor.default\"><div class=\"elementor-widget-container\"><h3>Stillstand ist R\u00fcckschritt, meine absolvierten Fortbildungen:<\/h3><p>24-12-13-FuttermittelallergienBeimHund-Dr.AxelBogitzky-Online<\/p><p>24-11-25-SozialeSturkturenBei Hundeartigen-AdamMiklosi-Online<\/p><p>24-10-26-27-Leinenfu\u0308hrigkeit-DanielHerter<\/p><p>24-09-13-15-AngstBeimHund-KatjaSchumacher<\/p><p>24-08-24-25-Welpenerziehung+VonAufgeregtenUndU\u0308berdrehtenHunden-Ganslosser+Strauss<\/p><p>24-03-03-Schilddru\u0308senerkrankungenBeimHund-HannahEgner<\/p><p>24-03-02-KastrationUndVerhaltens\u00e4nderung-CarinaKolkmeyer<\/p><p>23-12-09-10-AggressionUndKonfliktmanagement-UdoGanslosser<\/p><p>23-11-09-DasSozialverhaltenUnsererHundeUteHeberer<\/p><p>23-10-14-15-Hu\u0308tehunde-GerdLeder<\/p><p>23-05-13-14-Arbeitssicherheit-MarcelSchlief<\/p><p>23-04-29-30-MonsterMemme-NormenMrozinski<\/p><p>23-04-15-BindungsbewussteArbeit-AnneTlach<\/p><p>23-02-25-OptimaleErna\u0308hrungDesHundes-Zentek<\/p><p>23-01-20-Ha\u0308uslicherBereich-EvaGrau<\/p><p>22-10-03-Workshop-Autismus-FASD-AHfuerKinder-SilkeKempfer<\/p><p>22-09-04-HundeHalten-DanielHerter<\/p><p>22-08-27+09-03-Orientierung-DanielHerter<\/p><p>22-08-07-IntensivWorkshopPTBS-Assistenzhunde-PetraK\u00f6hler<\/p><p>22-06-25-26-WasIstDennDasFu\u0308rEiner-MichaelGrewe<\/p><p>22-05-07-20-Assistenzhunde-Praxis-Seminar-PetraK\u00f6hler-SylviaGerdes<\/p><p>22-04-09JugendlicheMitPTBS-LaraKeitz<\/p><p>22-04-09-WorkshopAsthma -PTBS-NadineTeplin<\/p><p>22-03-14-BodyTalk-PetraK\u00f6hler-Online<\/p><p>22-01-05-07-WarnhundeIntensiv- SylviaGerdes-Online<\/p><p>22-01-04-Wie schule ich meine Kunden zur Hundehaltung und Sozialisierung + Gestaltung von Sozialisierungsspaziergaengen-SylviaGerdes-Online<\/p><p>22-01-03-StressfreieAusbildung-guteZu\u0308chter-SylviaGerdes-Online<\/p><p>21-11-06-Dogwalk-Lo\u0308ckenhoff<\/p><p>21-09-25-26-Aggression-Beuteangverhalten-DoritFeddersen-Petersen<\/p><p>21-08-07-DieRassenDesHaushundes-GerdLeder<\/p><p>21-07-03-04-HundeMitMigrationshintergrund-GerdLeder<\/p><p>21-04-14-A\u0308ngstlicheHundeSeminar-RobertMehl<\/p><p>21-04-12-16-Aggressionsverhalten-NormanMrozsinki-Kerstin<\/p><p>21-03-29-KommunikationStattEskalation-HellhoundFoundation<\/p><p>21-03-25-VerdauungFokusPankreas-Enterosan<\/p><p>20-09-28-30-SmalltalkerFuerHundetrainer-SamiElAyachi<\/p><p>20-08-24-28-CanisPraktischeWoche<\/p><p>20-06-15-17-Ko\u0308rpersprachlichesLongieren-SamiElAyachi<\/p><p>20-04-19-VomErstkontaktZumErna\u0308hrungsplan-Jo\u0308rgZiemer-Online<\/p><p>20-02-29-Verhaltensentwicklung-DoritFeddersen-Petersen<\/p><p>19-11-03-OptimaleErna\u0308hrungVonHunden-J\u00fcrgenZentek<\/p><p>19-05-23-ZughundesportGrundlagen-GabiDietze<\/p><p>19-01-12-Pru\u0308ferlizenzHundefu\u0308hrerschein-DFTBe.V<\/p><p>16-06-05-ErsteHilfe-DRK<\/p><\/div><\/div><\/div><\/div><\/div><\/section><\/div>\t\t\t\t\t\t\t\t<\/div>\n\t\t\t\t<\/div>\n\t\t\t\t\t<\/div>\n\t\t<\/div>\n\t\t\t\t\t<\/div>\n\t\t<\/section>\n\t\t\t\t<\/div>\n\t\t","protected":false},"excerpt":{"rendered":"<p>Gesch\u00e4ftsleitung Kerstin Mohrhardt Hundeverhaltenstherapeutin (Erlaubnis gem. \u00a7 11 Abs. 1 Nr. 8 f TierSchG) Assistenzhundetrainerin Ern\u00e4hrungsberaterin f\u00fcr Hunde Organisation und Verwaltung Zum Leidwesen meiner Eltern bin ich bereits als kleines Kind auf jeden Hund zugegangen, ohne mich zu fragen, ob er mich bei\u00dfen k\u00f6nnte. Als ich den Hund im Zwinger streichelte, der jeden gebissen hat, [&hellip;]<\/p>\n","protected":false},"author":2,"featured_media":0,"parent":1019,"menu_order":0,"comment_status":"closed","ping_status":"closed","template":"","meta":{"footnotes":""},"class_list":["post-1094","page","type-page","status-publish","hentry"],"yoast_head":"<!-- This site is optimized with the Yoast SEO plugin v27.1.1 - https:\/\/yoast.com\/product\/yoast-seo-wordpress\/ -->\n<title>Kerstin Mohrhardt - Akademie f\u00fcr Tiertherapie - Veranstaltungen<\/title>\n<meta name=\"robots\" content=\"index, follow, max-snippet:-1, max-image-preview:large, max-video-preview:-1\" \/>\n<link rel=\"canonical\" href=\"https:\/\/akademie-tiertherapie.de\/veranstaltungen\/ueber-die-akademie\/team\/kerstin-mohrhardt\/\" \/>\n<meta property=\"og:locale\" content=\"de_DE\" \/>\n<meta property=\"og:type\" content=\"article\" \/>\n<meta property=\"og:title\" content=\"Kerstin Mohrhardt - Akademie f\u00fcr Tiertherapie - Veranstaltungen\" \/>\n<meta property=\"og:description\" content=\"Gesch\u00e4ftsleitung Kerstin Mohrhardt Hundeverhaltenstherapeutin (Erlaubnis gem. \u00a7 11 Abs. 1 Nr. 8 f TierSchG) Assistenzhundetrainerin Ern\u00e4hrungsberaterin f\u00fcr Hunde Organisation und Verwaltung Zum Leidwesen meiner Eltern bin ich bereits als kleines Kind auf jeden Hund zugegangen, ohne mich zu fragen, ob er mich bei\u00dfen k\u00f6nnte. Als ich den Hund im Zwinger streichelte, der jeden gebissen hat, [&hellip;]\" \/>\n<meta property=\"og:url\" content=\"https:\/\/akademie-tiertherapie.de\/veranstaltungen\/ueber-die-akademie\/team\/kerstin-mohrhardt\/\" \/>\n<meta property=\"og:site_name\" content=\"Akademie f\u00fcr Tiertherapie - Veranstaltungen\" \/>\n<meta property=\"article:publisher\" content=\"https:\/\/www.facebook.com\/AkademieTier\" \/>\n<meta property=\"article:modified_time\" content=\"2025-01-03T15:17:30+00:00\" \/>\n<meta property=\"og:image\" content=\"https:\/\/akademie-tiertherapie.de\/veranstaltungen\/wp-content\/uploads\/2023\/03\/KerstinMohrhardt-kompr-e1679645827914.png\" \/>\n<meta name=\"twitter:card\" content=\"summary_large_image\" \/>\n<meta name=\"twitter:label1\" content=\"Gesch\u00e4tzte Lesezeit\" \/>\n\t<meta name=\"twitter:data1\" content=\"1\u00a0Minute\" \/>\n<script type=\"application\/ld+json\" class=\"yoast-schema-graph\">{\"@context\":\"https:\/\/schema.org\",\"@graph\":[{\"@type\":\"WebPage\",\"@id\":\"https:\/\/akademie-tiertherapie.de\/veranstaltungen\/ueber-die-akademie\/team\/kerstin-mohrhardt\/\",\"url\":\"https:\/\/akademie-tiertherapie.de\/veranstaltungen\/ueber-die-akademie\/team\/kerstin-mohrhardt\/\",\"name\":\"Kerstin Mohrhardt - Akademie f\u00fcr Tiertherapie - Veranstaltungen\",\"isPartOf\":{\"@id\":\"https:\/\/akademie-tiertherapie.de\/veranstaltungen\/#website\"},\"primaryImageOfPage\":{\"@id\":\"https:\/\/akademie-tiertherapie.de\/veranstaltungen\/ueber-die-akademie\/team\/kerstin-mohrhardt\/#primaryimage\"},\"image\":{\"@id\":\"https:\/\/akademie-tiertherapie.de\/veranstaltungen\/ueber-die-akademie\/team\/kerstin-mohrhardt\/#primaryimage\"},\"thumbnailUrl\":\"https:\/\/akademie-tiertherapie.de\/veranstaltungen\/wp-content\/uploads\/2023\/03\/KerstinMohrhardt-kompr-e1679645827914.png\",\"datePublished\":\"2021-08-06T12:10:44+00:00\",\"dateModified\":\"2025-01-03T15:17:30+00:00\",\"breadcrumb\":{\"@id\":\"https:\/\/akademie-tiertherapie.de\/veranstaltungen\/ueber-die-akademie\/team\/kerstin-mohrhardt\/#breadcrumb\"},\"inLanguage\":\"de\",\"potentialAction\":[{\"@type\":\"ReadAction\",\"target\":[\"https:\/\/akademie-tiertherapie.de\/veranstaltungen\/ueber-die-akademie\/team\/kerstin-mohrhardt\/\"]}]},{\"@type\":\"ImageObject\",\"inLanguage\":\"de\",\"@id\":\"https:\/\/akademie-tiertherapie.de\/veranstaltungen\/ueber-die-akademie\/team\/kerstin-mohrhardt\/#primaryimage\",\"url\":\"\",\"contentUrl\":\"\"},{\"@type\":\"BreadcrumbList\",\"@id\":\"https:\/\/akademie-tiertherapie.de\/veranstaltungen\/ueber-die-akademie\/team\/kerstin-mohrhardt\/#breadcrumb\",\"itemListElement\":[{\"@type\":\"ListItem\",\"position\":1,\"name\":\"Startseite\",\"item\":\"https:\/\/akademie-tiertherapie.de\/veranstaltungen\/\"},{\"@type\":\"ListItem\",\"position\":2,\"name\":\"\u00dcber die Akademie\",\"item\":\"https:\/\/akademie-tiertherapie.de\/veranstaltungen\/ueber-die-akademie\/\"},{\"@type\":\"ListItem\",\"position\":3,\"name\":\"Team\",\"item\":\"https:\/\/akademie-tiertherapie.de\/veranstaltungen\/ueber-die-akademie\/team\/\"},{\"@type\":\"ListItem\",\"position\":4,\"name\":\"Kerstin Mohrhardt\"}]},{\"@type\":\"WebSite\",\"@id\":\"https:\/\/akademie-tiertherapie.de\/veranstaltungen\/#website\",\"url\":\"https:\/\/akademie-tiertherapie.de\/veranstaltungen\/\",\"name\":\"Akademie f\u00fcr Tiertherapie - Veranstaltungen\",\"description\":\"Akademie f\u00fcr Tiertherapeutische Berufe GmbH\",\"publisher\":{\"@id\":\"https:\/\/akademie-tiertherapie.de\/veranstaltungen\/#organization\"},\"potentialAction\":[{\"@type\":\"SearchAction\",\"target\":{\"@type\":\"EntryPoint\",\"urlTemplate\":\"https:\/\/akademie-tiertherapie.de\/veranstaltungen\/?s={search_term_string}\"},\"query-input\":{\"@type\":\"PropertyValueSpecification\",\"valueRequired\":true,\"valueName\":\"search_term_string\"}}],\"inLanguage\":\"de\"},{\"@type\":\"Organization\",\"@id\":\"https:\/\/akademie-tiertherapie.de\/veranstaltungen\/#organization\",\"name\":\"Akademie Tiertherapie\",\"url\":\"https:\/\/akademie-tiertherapie.de\/veranstaltungen\/\",\"logo\":{\"@type\":\"ImageObject\",\"inLanguage\":\"de\",\"@id\":\"https:\/\/akademie-tiertherapie.de\/veranstaltungen\/#\/schema\/logo\/image\/\",\"url\":\"https:\/\/akademie-tiertherapie.de\/veranstaltungen\/wp-content\/uploads\/2022\/03\/ALogoBrown726KB.png\",\"contentUrl\":\"https:\/\/akademie-tiertherapie.de\/veranstaltungen\/wp-content\/uploads\/2022\/03\/ALogoBrown726KB.png\",\"width\":2233,\"height\":2173,\"caption\":\"Akademie Tiertherapie\"},\"image\":{\"@id\":\"https:\/\/akademie-tiertherapie.de\/veranstaltungen\/#\/schema\/logo\/image\/\"},\"sameAs\":[\"https:\/\/www.facebook.com\/AkademieTier\",\"https:\/\/www.instagram.com\/akademietier\/\"]}]}<\/script>\n<!-- \/ Yoast SEO plugin. -->","yoast_head_json":{"title":"Kerstin Mohrhardt - Akademie f\u00fcr Tiertherapie - Veranstaltungen","robots":{"index":"index","follow":"follow","max-snippet":"max-snippet:-1","max-image-preview":"max-image-preview:large","max-video-preview":"max-video-preview:-1"},"canonical":"https:\/\/akademie-tiertherapie.de\/veranstaltungen\/ueber-die-akademie\/team\/kerstin-mohrhardt\/","og_locale":"de_DE","og_type":"article","og_title":"Kerstin Mohrhardt - Akademie f\u00fcr Tiertherapie - Veranstaltungen","og_description":"Gesch\u00e4ftsleitung Kerstin Mohrhardt Hundeverhaltenstherapeutin (Erlaubnis gem. \u00a7 11 Abs. 1 Nr. 8 f TierSchG) Assistenzhundetrainerin Ern\u00e4hrungsberaterin f\u00fcr Hunde Organisation und Verwaltung Zum Leidwesen meiner Eltern bin ich bereits als kleines Kind auf jeden Hund zugegangen, ohne mich zu fragen, ob er mich bei\u00dfen k\u00f6nnte. Als ich den Hund im Zwinger streichelte, der jeden gebissen hat, [&hellip;]","og_url":"https:\/\/akademie-tiertherapie.de\/veranstaltungen\/ueber-die-akademie\/team\/kerstin-mohrhardt\/","og_site_name":"Akademie f\u00fcr Tiertherapie - Veranstaltungen","article_publisher":"https:\/\/www.facebook.com\/AkademieTier","article_modified_time":"2025-01-03T15:17:30+00:00","og_image":[{"url":"https:\/\/akademie-tiertherapie.de\/veranstaltungen\/wp-content\/uploads\/2023\/03\/KerstinMohrhardt-kompr-e1679645827914.png","type":"","width":"","height":""}],"twitter_card":"summary_large_image","twitter_misc":{"Gesch\u00e4tzte Lesezeit":"1\u00a0Minute"},"schema":{"@context":"https:\/\/schema.org","@graph":[{"@type":"WebPage","@id":"https:\/\/akademie-tiertherapie.de\/veranstaltungen\/ueber-die-akademie\/team\/kerstin-mohrhardt\/","url":"https:\/\/akademie-tiertherapie.de\/veranstaltungen\/ueber-die-akademie\/team\/kerstin-mohrhardt\/","name":"Kerstin Mohrhardt - Akademie f\u00fcr Tiertherapie - Veranstaltungen","isPartOf":{"@id":"https:\/\/akademie-tiertherapie.de\/veranstaltungen\/#website"},"primaryImageOfPage":{"@id":"https:\/\/akademie-tiertherapie.de\/veranstaltungen\/ueber-die-akademie\/team\/kerstin-mohrhardt\/#primaryimage"},"image":{"@id":"https:\/\/akademie-tiertherapie.de\/veranstaltungen\/ueber-die-akademie\/team\/kerstin-mohrhardt\/#primaryimage"},"thumbnailUrl":"https:\/\/akademie-tiertherapie.de\/veranstaltungen\/wp-content\/uploads\/2023\/03\/KerstinMohrhardt-kompr-e1679645827914.png","datePublished":"2021-08-06T12:10:44+00:00","dateModified":"2025-01-03T15:17:30+00:00","breadcrumb":{"@id":"https:\/\/akademie-tiertherapie.de\/veranstaltungen\/ueber-die-akademie\/team\/kerstin-mohrhardt\/#breadcrumb"},"inLanguage":"de","potentialAction":[{"@type":"ReadAction","target":["https:\/\/akademie-tiertherapie.de\/veranstaltungen\/ueber-die-akademie\/team\/kerstin-mohrhardt\/"]}]},{"@type":"ImageObject","inLanguage":"de","@id":"https:\/\/akademie-tiertherapie.de\/veranstaltungen\/ueber-die-akademie\/team\/kerstin-mohrhardt\/#primaryimage","url":"","contentUrl":""},{"@type":"BreadcrumbList","@id":"https:\/\/akademie-tiertherapie.de\/veranstaltungen\/ueber-die-akademie\/team\/kerstin-mohrhardt\/#breadcrumb","itemListElement":[{"@type":"ListItem","position":1,"name":"Startseite","item":"https:\/\/akademie-tiertherapie.de\/veranstaltungen\/"},{"@type":"ListItem","position":2,"name":"\u00dcber die Akademie","item":"https:\/\/akademie-tiertherapie.de\/veranstaltungen\/ueber-die-akademie\/"},{"@type":"ListItem","position":3,"name":"Team","item":"https:\/\/akademie-tiertherapie.de\/veranstaltungen\/ueber-die-akademie\/team\/"},{"@type":"ListItem","position":4,"name":"Kerstin Mohrhardt"}]},{"@type":"WebSite","@id":"https:\/\/akademie-tiertherapie.de\/veranstaltungen\/#website","url":"https:\/\/akademie-tiertherapie.de\/veranstaltungen\/","name":"Akademie f\u00fcr Tiertherapie - Veranstaltungen","description":"Akademie f\u00fcr Tiertherapeutische Berufe GmbH","publisher":{"@id":"https:\/\/akademie-tiertherapie.de\/veranstaltungen\/#organization"},"potentialAction":[{"@type":"SearchAction","target":{"@type":"EntryPoint","urlTemplate":"https:\/\/akademie-tiertherapie.de\/veranstaltungen\/?s={search_term_string}"},"query-input":{"@type":"PropertyValueSpecification","valueRequired":true,"valueName":"search_term_string"}}],"inLanguage":"de"},{"@type":"Organization","@id":"https:\/\/akademie-tiertherapie.de\/veranstaltungen\/#organization","name":"Akademie Tiertherapie","url":"https:\/\/akademie-tiertherapie.de\/veranstaltungen\/","logo":{"@type":"ImageObject","inLanguage":"de","@id":"https:\/\/akademie-tiertherapie.de\/veranstaltungen\/#\/schema\/logo\/image\/","url":"https:\/\/akademie-tiertherapie.de\/veranstaltungen\/wp-content\/uploads\/2022\/03\/ALogoBrown726KB.png","contentUrl":"https:\/\/akademie-tiertherapie.de\/veranstaltungen\/wp-content\/uploads\/2022\/03\/ALogoBrown726KB.png","width":2233,"height":2173,"caption":"Akademie Tiertherapie"},"image":{"@id":"https:\/\/akademie-tiertherapie.de\/veranstaltungen\/#\/schema\/logo\/image\/"},"sameAs":["https:\/\/www.facebook.com\/AkademieTier","https:\/\/www.instagram.com\/akademietier\/"]}]}},"_links":{"self":[{"href":"https:\/\/akademie-tiertherapie.de\/veranstaltungen\/wp-json\/wp\/v2\/pages\/1094","targetHints":{"allow":["GET"]}}],"collection":[{"href":"https:\/\/akademie-tiertherapie.de\/veranstaltungen\/wp-json\/wp\/v2\/pages"}],"about":[{"href":"https:\/\/akademie-tiertherapie.de\/veranstaltungen\/wp-json\/wp\/v2\/types\/page"}],"author":[{"embeddable":true,"href":"https:\/\/akademie-tiertherapie.de\/veranstaltungen\/wp-json\/wp\/v2\/users\/2"}],"replies":[{"embeddable":true,"href":"https:\/\/akademie-tiertherapie.de\/veranstaltungen\/wp-json\/wp\/v2\/comments?post=1094"}],"version-history":[{"count":36,"href":"https:\/\/akademie-tiertherapie.de\/veranstaltungen\/wp-json\/wp\/v2\/pages\/1094\/revisions"}],"predecessor-version":[{"id":4660,"href":"https:\/\/akademie-tiertherapie.de\/veranstaltungen\/wp-json\/wp\/v2\/pages\/1094\/revisions\/4660"}],"up":[{"embeddable":true,"href":"https:\/\/akademie-tiertherapie.de\/veranstaltungen\/wp-json\/wp\/v2\/pages\/1019"}],"wp:attachment":[{"href":"https:\/\/akademie-tiertherapie.de\/veranstaltungen\/wp-json\/wp\/v2\/media?parent=1094"}],"curies":[{"name":"wp","href":"https:\/\/api.w.org\/{rel}","templated":true}]}}