{"id":1157,"date":"2021-08-08T09:18:58","date_gmt":"2021-08-08T07:18:58","guid":{"rendered":"https:\/\/www.akademie-tiertherapie.de\/veranstaltungen\/?page_id=1157"},"modified":"2022-01-05T17:01:20","modified_gmt":"2022-01-05T16:01:20","slug":"ausbildungsorte","status":"publish","type":"page","link":"https:\/\/akademie-tiertherapie.de\/veranstaltungen\/ueber-die-akademie\/ausbildungsorte\/","title":{"rendered":"Ausbildungsorte"},"content":{"rendered":"\t\t<div data-elementor-type=\"wp-page\" data-elementor-id=\"1157\" class=\"elementor elementor-1157\" data-elementor-post-type=\"page\">\n\t\t\t\t\t\t<section class=\"elementor-section elementor-top-section elementor-element elementor-element-50161b59 elementor-section-boxed elementor-section-height-default elementor-section-height-default\" data-id=\"50161b59\" data-element_type=\"section\" data-e-type=\"section\">\n\t\t\t\t\t\t<div class=\"elementor-container elementor-column-gap-default\">\n\t\t\t\t\t<div class=\"elementor-column elementor-col-100 elementor-top-column elementor-element elementor-element-7d95f136\" data-id=\"7d95f136\" data-element_type=\"column\" data-e-type=\"column\">\n\t\t\t<div class=\"elementor-widget-wrap elementor-element-populated\">\n\t\t\t\t\t\t<div class=\"elementor-element elementor-element-8e6a94e elementor-widget elementor-widget-heading\" data-id=\"8e6a94e\" data-element_type=\"widget\" data-e-type=\"widget\" data-widget_type=\"heading.default\">\n\t\t\t\t<div class=\"elementor-widget-container\">\n\t\t\t\t\t<h4 class=\"elementor-heading-title elementor-size-default\">Damit Sie und Ihr Tier sich bei uns wohlf\u00fchlen, erhalten Sie hier eine \u00dcbersicht der wichtigsten Informationen zu unseren Seminarorten<\/h4>\t\t\t\t<\/div>\n\t\t\t\t<\/div>\n\t\t\t\t<div class=\"elementor-element elementor-element-17ad7ef1 elementor-widget elementor-widget-themedraft_team_member\" data-id=\"17ad7ef1\" data-element_type=\"widget\" data-e-type=\"widget\" data-widget_type=\"themedraft_team_member.default\">\n\t\t\t\t<div class=\"elementor-widget-container\">\n\t\t\t\t\t\n        <div class=\"row td-team-layout-2\">\n\n\t        \n\t\t\t        <div class=\"col-lg-4 col-md-6\">\n\t\t\t\t        <div class=\"td-single-team-member\">\n\t\t\t\t\t        <div class=\"td-team-member-image-wrapper\">\n\n                                \t\t\t\t\t\t\t        <div class=\"td-team-member-image\" style=\"background-image: url(https:\/\/akademie-tiertherapie.de\/veranstaltungen\/wp-content\/uploads\/2021\/08\/Seminarraum.jpeg)\">\n                                                                                    <a href=\"https:\/\/akademie-tiertherapie.de\/veranstaltungen\/ueber-die-akademie\/ausbildungsorte\/die-akademie\/\" class=\"td-member-details-link\">+<\/a>\n                                                                            <\/div>\n\t\t\t                    \t\t\t\t\t        <\/div>\n\n\t\t\t                                            <a href=\"https:\/\/akademie-tiertherapie.de\/veranstaltungen\/ueber-die-akademie\/ausbildungsorte\/die-akademie\/\" class=\"td-member-name\" >Die Akademie<\/a>\n                            \n\t\t\t\t\t        <span class=\"td-member-designation\">Babenhausen<\/span>\n\t\t\t\t        <\/div>\n\t\t\t        <\/div>\n\t\t    \n\t\t\t        <div class=\"col-lg-4 col-md-6\">\n\t\t\t\t        <div class=\"td-single-team-member\">\n\t\t\t\t\t        <div class=\"td-team-member-image-wrapper\">\n\n                                \t\t\t\t\t\t\t        <div class=\"td-team-member-image\" style=\"background-image: url(https:\/\/akademie-tiertherapie.de\/veranstaltungen\/wp-content\/uploads\/2021\/08\/Pfarrscheune.jpg)\">\n                                                                                    <a href=\"https:\/\/akademie-tiertherapie.de\/veranstaltungen\/ueber-die-akademie\/ausbildungsorte\/pfarrscheune\/\" class=\"td-member-details-link\">+<\/a>\n                                                                            <\/div>\n\t\t\t                    \t\t\t\t\t        <\/div>\n\n\t\t\t                                            <a href=\"https:\/\/akademie-tiertherapie.de\/veranstaltungen\/ueber-die-akademie\/ausbildungsorte\/pfarrscheune\/\" class=\"td-member-name\" >Pfarrscheune<\/a>\n                            \n\t\t\t\t\t        <span class=\"td-member-designation\">Babenhausen<\/span>\n\t\t\t\t        <\/div>\n\t\t\t        <\/div>\n\t\t    \n\t\t\t        <div class=\"col-lg-4 col-md-6\">\n\t\t\t\t        <div class=\"td-single-team-member\">\n\t\t\t\t\t        <div class=\"td-team-member-image-wrapper\">\n\n                                \t\t\t\t\t\t\t        <div class=\"td-team-member-image\" style=\"background-image: url(https:\/\/akademie-tiertherapie.de\/veranstaltungen\/wp-content\/uploads\/2021\/08\/PHOTO-2020-09-06-22-24-52.jpg)\">\n                                                                                    <a href=\"https:\/\/akademie-tiertherapie.de\/veranstaltungen\/ueber-die-akademie\/ausbildungsorte\/seminarraum-am-see\/\" class=\"td-member-details-link\">+<\/a>\n                                                                            <\/div>\n\t\t\t                    \t\t\t\t\t        <\/div>\n\n\t\t\t                                            <a href=\"https:\/\/akademie-tiertherapie.de\/veranstaltungen\/ueber-die-akademie\/ausbildungsorte\/seminarraum-am-see\/\" class=\"td-member-name\" >Seminarraum am See<\/a>\n                            \n\t\t\t\t\t        <span class=\"td-member-designation\">Babenhausen<\/span>\n\t\t\t\t        <\/div>\n\t\t\t        <\/div>\n\t\t    \n\t\t\t        <div class=\"col-lg-4 col-md-6\">\n\t\t\t\t        <div class=\"td-single-team-member\">\n\t\t\t\t\t        <div class=\"td-team-member-image-wrapper\">\n\n                                \t\t\t\t\t\t\t        <div class=\"td-team-member-image\" style=\"background-image: url(https:\/\/akademie-tiertherapie.de\/veranstaltungen\/wp-content\/uploads\/2021\/08\/IMG_6951.jpg)\">\n                                                                                    <a href=\"https:\/\/akademie-tiertherapie.de\/veranstaltungen\/ueber-die-akademie\/ausbildungsorte\/kleiner-seminarraum\/\" class=\"td-member-details-link\">+<\/a>\n                                                                            <\/div>\n\t\t\t                    \t\t\t\t\t        <\/div>\n\n\t\t\t                                            <a href=\"https:\/\/akademie-tiertherapie.de\/veranstaltungen\/ueber-die-akademie\/ausbildungsorte\/kleiner-seminarraum\/\" class=\"td-member-name\" >Kleiner Seminarraum<\/a>\n                            \n\t\t\t\t\t        <span class=\"td-member-designation\">Babenhausen<\/span>\n\t\t\t\t        <\/div>\n\t\t\t        <\/div>\n\t\t    \n\t\t\t        <div class=\"col-lg-4 col-md-6\">\n\t\t\t\t        <div class=\"td-single-team-member\">\n\t\t\t\t\t        <div class=\"td-team-member-image-wrapper\">\n\n                                \t\t\t\t\t\t\t        <div class=\"td-team-member-image\" style=\"background-image: url(https:\/\/akademie-tiertherapie.de\/veranstaltungen\/wp-content\/uploads\/2021\/08\/friedrichsdorf280x210.jpg)\">\n                                                                                    <a href=\"https:\/\/akademie-tiertherapie.de\/veranstaltungen\/ueber-die-akademie\/ausbildungsorte\/wintermuehle-friedrichdorf\/\" class=\"td-member-details-link\">+<\/a>\n                                                                            <\/div>\n\t\t\t                    \t\t\t\t\t        <\/div>\n\n\t\t\t                                            <a href=\"https:\/\/akademie-tiertherapie.de\/veranstaltungen\/ueber-die-akademie\/ausbildungsorte\/wintermuehle-friedrichdorf\/\" class=\"td-member-name\" >Winterm\u00fchle<\/a>\n                            \n\t\t\t\t\t        <span class=\"td-member-designation\">Friedrichsdorf<\/span>\n\t\t\t\t        <\/div>\n\t\t\t        <\/div>\n\t\t            <\/div>\n\t\t\t\t\t\t<\/div>\n\t\t\t\t<\/div>\n\t\t\t\t\t<\/div>\n\t\t<\/div>\n\t\t\t\t\t<\/div>\n\t\t<\/section>\n\t\t\t\t<\/div>\n\t\t","protected":false},"excerpt":{"rendered":"<p>Damit Sie und Ihr Tier sich bei uns wohlf\u00fchlen, erhalten Sie hier eine \u00dcbersicht der wichtigsten Informationen zu unseren Seminarorten + Die Akademie Babenhausen + Pfarrscheune Babenhausen + Seminarraum am See Babenhausen + Kleiner Seminarraum Babenhausen + Winterm\u00fchle Friedrichsdorf<\/p>\n","protected":false},"author":1,"featured_media":0,"parent":993,"menu_order":0,"comment_status":"closed","ping_status":"closed","template":"","meta":{"footnotes":""},"class_list":["post-1157","page","type-page","status-publish","hentry"],"yoast_head":"<!-- This site is optimized with the Yoast SEO plugin v27.1.1 - https:\/\/yoast.com\/product\/yoast-seo-wordpress\/ -->\n<title>Ausbildungsorte - Akademie f\u00fcr Tiertherapie - Veranstaltungen<\/title>\n<meta name=\"robots\" content=\"index, follow, max-snippet:-1, max-image-preview:large, max-video-preview:-1\" \/>\n<link rel=\"canonical\" href=\"https:\/\/akademie-tiertherapie.de\/veranstaltungen\/ueber-die-akademie\/ausbildungsorte\/\" \/>\n<meta property=\"og:locale\" content=\"de_DE\" \/>\n<meta property=\"og:type\" content=\"article\" \/>\n<meta property=\"og:title\" content=\"Ausbildungsorte - Akademie f\u00fcr Tiertherapie - Veranstaltungen\" \/>\n<meta property=\"og:description\" content=\"Damit Sie und Ihr Tier sich bei uns wohlf\u00fchlen, erhalten Sie hier eine \u00dcbersicht der wichtigsten Informationen zu unseren Seminarorten + Die Akademie Babenhausen + Pfarrscheune Babenhausen + Seminarraum am See Babenhausen + Kleiner Seminarraum Babenhausen + Winterm\u00fchle Friedrichsdorf\" \/>\n<meta property=\"og:url\" content=\"https:\/\/akademie-tiertherapie.de\/veranstaltungen\/ueber-die-akademie\/ausbildungsorte\/\" \/>\n<meta property=\"og:site_name\" content=\"Akademie f\u00fcr Tiertherapie - Veranstaltungen\" \/>\n<meta property=\"article:publisher\" content=\"https:\/\/www.facebook.com\/AkademieTier\" \/>\n<meta property=\"article:modified_time\" content=\"2022-01-05T16:01:20+00:00\" \/>\n<meta name=\"twitter:card\" content=\"summary_large_image\" \/>\n<meta name=\"twitter:label1\" content=\"Gesch\u00e4tzte Lesezeit\" \/>\n\t<meta name=\"twitter:data1\" content=\"1\u00a0Minute\" \/>\n<script type=\"application\/ld+json\" class=\"yoast-schema-graph\">{\"@context\":\"https:\/\/schema.org\",\"@graph\":[{\"@type\":\"WebPage\",\"@id\":\"https:\/\/akademie-tiertherapie.de\/veranstaltungen\/ueber-die-akademie\/ausbildungsorte\/\",\"url\":\"https:\/\/akademie-tiertherapie.de\/veranstaltungen\/ueber-die-akademie\/ausbildungsorte\/\",\"name\":\"Ausbildungsorte - Akademie f\u00fcr Tiertherapie - Veranstaltungen\",\"isPartOf\":{\"@id\":\"https:\/\/akademie-tiertherapie.de\/veranstaltungen\/#website\"},\"datePublished\":\"2021-08-08T07:18:58+00:00\",\"dateModified\":\"2022-01-05T16:01:20+00:00\",\"breadcrumb\":{\"@id\":\"https:\/\/akademie-tiertherapie.de\/veranstaltungen\/ueber-die-akademie\/ausbildungsorte\/#breadcrumb\"},\"inLanguage\":\"de\",\"potentialAction\":[{\"@type\":\"ReadAction\",\"target\":[\"https:\/\/akademie-tiertherapie.de\/veranstaltungen\/ueber-die-akademie\/ausbildungsorte\/\"]}]},{\"@type\":\"BreadcrumbList\",\"@id\":\"https:\/\/akademie-tiertherapie.de\/veranstaltungen\/ueber-die-akademie\/ausbildungsorte\/#breadcrumb\",\"itemListElement\":[{\"@type\":\"ListItem\",\"position\":1,\"name\":\"Startseite\",\"item\":\"https:\/\/akademie-tiertherapie.de\/veranstaltungen\/\"},{\"@type\":\"ListItem\",\"position\":2,\"name\":\"\u00dcber die Akademie\",\"item\":\"https:\/\/akademie-tiertherapie.de\/veranstaltungen\/ueber-die-akademie\/\"},{\"@type\":\"ListItem\",\"position\":3,\"name\":\"Ausbildungsorte\"}]},{\"@type\":\"WebSite\",\"@id\":\"https:\/\/akademie-tiertherapie.de\/veranstaltungen\/#website\",\"url\":\"https:\/\/akademie-tiertherapie.de\/veranstaltungen\/\",\"name\":\"Akademie f\u00fcr Tiertherapie - Veranstaltungen\",\"description\":\"Akademie f\u00fcr Tiertherapeutische Berufe GmbH\",\"publisher\":{\"@id\":\"https:\/\/akademie-tiertherapie.de\/veranstaltungen\/#organization\"},\"potentialAction\":[{\"@type\":\"SearchAction\",\"target\":{\"@type\":\"EntryPoint\",\"urlTemplate\":\"https:\/\/akademie-tiertherapie.de\/veranstaltungen\/?s={search_term_string}\"},\"query-input\":{\"@type\":\"PropertyValueSpecification\",\"valueRequired\":true,\"valueName\":\"search_term_string\"}}],\"inLanguage\":\"de\"},{\"@type\":\"Organization\",\"@id\":\"https:\/\/akademie-tiertherapie.de\/veranstaltungen\/#organization\",\"name\":\"Akademie Tiertherapie\",\"url\":\"https:\/\/akademie-tiertherapie.de\/veranstaltungen\/\",\"logo\":{\"@type\":\"ImageObject\",\"inLanguage\":\"de\",\"@id\":\"https:\/\/akademie-tiertherapie.de\/veranstaltungen\/#\/schema\/logo\/image\/\",\"url\":\"https:\/\/akademie-tiertherapie.de\/veranstaltungen\/wp-content\/uploads\/2022\/03\/ALogoBrown726KB.png\",\"contentUrl\":\"https:\/\/akademie-tiertherapie.de\/veranstaltungen\/wp-content\/uploads\/2022\/03\/ALogoBrown726KB.png\",\"width\":2233,\"height\":2173,\"caption\":\"Akademie Tiertherapie\"},\"image\":{\"@id\":\"https:\/\/akademie-tiertherapie.de\/veranstaltungen\/#\/schema\/logo\/image\/\"},\"sameAs\":[\"https:\/\/www.facebook.com\/AkademieTier\",\"https:\/\/www.instagram.com\/akademietier\/\"]}]}<\/script>\n<!-- \/ Yoast SEO plugin. -->","yoast_head_json":{"title":"Ausbildungsorte - Akademie f\u00fcr Tiertherapie - Veranstaltungen","robots":{"index":"index","follow":"follow","max-snippet":"max-snippet:-1","max-image-preview":"max-image-preview:large","max-video-preview":"max-video-preview:-1"},"canonical":"https:\/\/akademie-tiertherapie.de\/veranstaltungen\/ueber-die-akademie\/ausbildungsorte\/","og_locale":"de_DE","og_type":"article","og_title":"Ausbildungsorte - Akademie f\u00fcr Tiertherapie - Veranstaltungen","og_description":"Damit Sie und Ihr Tier sich bei uns wohlf\u00fchlen, erhalten Sie hier eine \u00dcbersicht der wichtigsten Informationen zu unseren Seminarorten + Die Akademie Babenhausen + Pfarrscheune Babenhausen + Seminarraum am See Babenhausen + Kleiner Seminarraum Babenhausen + Winterm\u00fchle Friedrichsdorf","og_url":"https:\/\/akademie-tiertherapie.de\/veranstaltungen\/ueber-die-akademie\/ausbildungsorte\/","og_site_name":"Akademie f\u00fcr Tiertherapie - Veranstaltungen","article_publisher":"https:\/\/www.facebook.com\/AkademieTier","article_modified_time":"2022-01-05T16:01:20+00:00","twitter_card":"summary_large_image","twitter_misc":{"Gesch\u00e4tzte Lesezeit":"1\u00a0Minute"},"schema":{"@context":"https:\/\/schema.org","@graph":[{"@type":"WebPage","@id":"https:\/\/akademie-tiertherapie.de\/veranstaltungen\/ueber-die-akademie\/ausbildungsorte\/","url":"https:\/\/akademie-tiertherapie.de\/veranstaltungen\/ueber-die-akademie\/ausbildungsorte\/","name":"Ausbildungsorte - Akademie f\u00fcr Tiertherapie - Veranstaltungen","isPartOf":{"@id":"https:\/\/akademie-tiertherapie.de\/veranstaltungen\/#website"},"datePublished":"2021-08-08T07:18:58+00:00","dateModified":"2022-01-05T16:01:20+00:00","breadcrumb":{"@id":"https:\/\/akademie-tiertherapie.de\/veranstaltungen\/ueber-die-akademie\/ausbildungsorte\/#breadcrumb"},"inLanguage":"de","potentialAction":[{"@type":"ReadAction","target":["https:\/\/akademie-tiertherapie.de\/veranstaltungen\/ueber-die-akademie\/ausbildungsorte\/"]}]},{"@type":"BreadcrumbList","@id":"https:\/\/akademie-tiertherapie.de\/veranstaltungen\/ueber-die-akademie\/ausbildungsorte\/#breadcrumb","itemListElement":[{"@type":"ListItem","position":1,"name":"Startseite","item":"https:\/\/akademie-tiertherapie.de\/veranstaltungen\/"},{"@type":"ListItem","position":2,"name":"\u00dcber die Akademie","item":"https:\/\/akademie-tiertherapie.de\/veranstaltungen\/ueber-die-akademie\/"},{"@type":"ListItem","position":3,"name":"Ausbildungsorte"}]},{"@type":"WebSite","@id":"https:\/\/akademie-tiertherapie.de\/veranstaltungen\/#website","url":"https:\/\/akademie-tiertherapie.de\/veranstaltungen\/","name":"Akademie f\u00fcr Tiertherapie - Veranstaltungen","description":"Akademie f\u00fcr Tiertherapeutische Berufe GmbH","publisher":{"@id":"https:\/\/akademie-tiertherapie.de\/veranstaltungen\/#organization"},"potentialAction":[{"@type":"SearchAction","target":{"@type":"EntryPoint","urlTemplate":"https:\/\/akademie-tiertherapie.de\/veranstaltungen\/?s={search_term_string}"},"query-input":{"@type":"PropertyValueSpecification","valueRequired":true,"valueName":"search_term_string"}}],"inLanguage":"de"},{"@type":"Organization","@id":"https:\/\/akademie-tiertherapie.de\/veranstaltungen\/#organization","name":"Akademie Tiertherapie","url":"https:\/\/akademie-tiertherapie.de\/veranstaltungen\/","logo":{"@type":"ImageObject","inLanguage":"de","@id":"https:\/\/akademie-tiertherapie.de\/veranstaltungen\/#\/schema\/logo\/image\/","url":"https:\/\/akademie-tiertherapie.de\/veranstaltungen\/wp-content\/uploads\/2022\/03\/ALogoBrown726KB.png","contentUrl":"https:\/\/akademie-tiertherapie.de\/veranstaltungen\/wp-content\/uploads\/2022\/03\/ALogoBrown726KB.png","width":2233,"height":2173,"caption":"Akademie Tiertherapie"},"image":{"@id":"https:\/\/akademie-tiertherapie.de\/veranstaltungen\/#\/schema\/logo\/image\/"},"sameAs":["https:\/\/www.facebook.com\/AkademieTier","https:\/\/www.instagram.com\/akademietier\/"]}]}},"_links":{"self":[{"href":"https:\/\/akademie-tiertherapie.de\/veranstaltungen\/wp-json\/wp\/v2\/pages\/1157","targetHints":{"allow":["GET"]}}],"collection":[{"href":"https:\/\/akademie-tiertherapie.de\/veranstaltungen\/wp-json\/wp\/v2\/pages"}],"about":[{"href":"https:\/\/akademie-tiertherapie.de\/veranstaltungen\/wp-json\/wp\/v2\/types\/page"}],"author":[{"embeddable":true,"href":"https:\/\/akademie-tiertherapie.de\/veranstaltungen\/wp-json\/wp\/v2\/users\/1"}],"replies":[{"embeddable":true,"href":"https:\/\/akademie-tiertherapie.de\/veranstaltungen\/wp-json\/wp\/v2\/comments?post=1157"}],"version-history":[{"count":25,"href":"https:\/\/akademie-tiertherapie.de\/veranstaltungen\/wp-json\/wp\/v2\/pages\/1157\/revisions"}],"predecessor-version":[{"id":3306,"href":"https:\/\/akademie-tiertherapie.de\/veranstaltungen\/wp-json\/wp\/v2\/pages\/1157\/revisions\/3306"}],"up":[{"embeddable":true,"href":"https:\/\/akademie-tiertherapie.de\/veranstaltungen\/wp-json\/wp\/v2\/pages\/993"}],"wp:attachment":[{"href":"https:\/\/akademie-tiertherapie.de\/veranstaltungen\/wp-json\/wp\/v2\/media?parent=1157"}],"curies":[{"name":"wp","href":"https:\/\/api.w.org\/{rel}","templated":true}]}}