{"id":1169,"date":"2021-08-08T09:24:42","date_gmt":"2021-08-08T07:24:42","guid":{"rendered":"https:\/\/www.akademie-tiertherapie.de\/veranstaltungen\/?page_id=1169"},"modified":"2022-02-20T12:27:28","modified_gmt":"2022-02-20T11:27:28","slug":"die-akademie","status":"publish","type":"page","link":"https:\/\/akademie-tiertherapie.de\/veranstaltungen\/ueber-die-akademie\/die-akademie\/","title":{"rendered":"Akademie"},"content":{"rendered":"\t\t<div data-elementor-type=\"wp-page\" data-elementor-id=\"1169\" class=\"elementor elementor-1169\" data-elementor-post-type=\"page\">\n\t\t\t\t\t\t<section class=\"elementor-section elementor-top-section elementor-element elementor-element-6ee7da20 elementor-section-boxed elementor-section-height-default elementor-section-height-default\" data-id=\"6ee7da20\" data-element_type=\"section\" data-e-type=\"section\">\n\t\t\t\t\t\t<div class=\"elementor-container elementor-column-gap-default\">\n\t\t\t\t\t<div class=\"elementor-column elementor-col-33 elementor-top-column elementor-element elementor-element-6ba04c9\" data-id=\"6ba04c9\" data-element_type=\"column\" data-e-type=\"column\">\n\t\t\t<div class=\"elementor-widget-wrap elementor-element-populated\">\n\t\t\t\t\t\t<div class=\"elementor-element elementor-element-e498ae2 elementor-widget elementor-widget-themedraft_image\" data-id=\"e498ae2\" data-element_type=\"widget\" data-e-type=\"widget\" data-widget_type=\"themedraft_image.default\">\n\t\t\t\t<div class=\"elementor-widget-container\">\n\t\t\t\t\t\n\t\t<div class=\"td-image-widget-wrapper\">\n\t\t\t<div class=\"td-image-container\">\n\t\t\t\t<img decoding=\"async\" src=\"https:\/\/akademie-tiertherapie.de\/veranstaltungen\/wp-content\/uploads\/2021\/08\/ueber-uns.png\" alt=\"\">\n\t\t\t<\/div>\n\t\t<\/div>\n\n\t\t\t\t\t\t<\/div>\n\t\t\t\t<\/div>\n\t\t\t\t\t<\/div>\n\t\t<\/div>\n\t\t\t\t<div class=\"elementor-column elementor-col-33 elementor-top-column elementor-element elementor-element-ade4a77\" data-id=\"ade4a77\" data-element_type=\"column\" data-e-type=\"column\">\n\t\t\t<div class=\"elementor-widget-wrap elementor-element-populated\">\n\t\t\t\t\t\t<div class=\"elementor-element elementor-element-a400960 elementor-widget elementor-widget-text-editor\" data-id=\"a400960\" data-element_type=\"widget\" data-e-type=\"widget\" data-widget_type=\"text-editor.default\">\n\t\t\t\t<div class=\"elementor-widget-container\">\n\t\t\t\t\t\t\t\t\t<h4>Unsere Vorteile<\/h4><p><strong>Artgerechter Umgang mit Tieren<\/strong><br \/>Moderne Ausbildungsmethoden<\/p><ul><li>professionell<\/li><li>individuell<\/li><li>qualifiziert<\/li><li>anspruchsvoll<\/li><li>gut vernetzt<\/li><li>nachhaltig<\/li><\/ul>\t\t\t\t\t\t\t\t<\/div>\n\t\t\t\t<\/div>\n\t\t\t\t\t<\/div>\n\t\t<\/div>\n\t\t\t\t<div class=\"elementor-column elementor-col-33 elementor-top-column elementor-element elementor-element-2741d2c\" data-id=\"2741d2c\" data-element_type=\"column\" data-e-type=\"column\">\n\t\t\t<div class=\"elementor-widget-wrap elementor-element-populated\">\n\t\t\t\t\t\t<div class=\"elementor-element elementor-element-7eaebdd elementor-widget elementor-widget-text-editor\" data-id=\"7eaebdd\" data-element_type=\"widget\" data-e-type=\"widget\" data-widget_type=\"text-editor.default\">\n\t\t\t\t<div class=\"elementor-widget-container\">\n\t\t\t\t\t\t\t\t\t<p>Gegr\u00fcndet im Jahr 2016 bietet die Akademie f\u00fcr Tiertherapeutische Berufe nicht nur Ausbildungen in verschiedenen tiertherapeutischen Berufen sondern auch Fortbildungen an. Die Institution f\u00fcr Ausbildungsberufe in den Bereichen Hundephysiotherapie, Tierpsychologie, Tierverhaltenstherapie, Hundetraining, tiergest\u00fctzter Arbeit und Dogwalk\u00a0bildet qualifiziert aus und verfolgt bei der Ausbildung ein anspruchsvolles Konzept.<\/p><p><br \/>Absolventen werden nach den neuesten biologischen und wissenschaftlichen Erkenntnissen ausgebildet und optimal auf Ihre T\u00e4tigkeit vorbereitet.<\/p><p><br \/>Die Trainingsmethoden beruhen in allen Bereichen nicht nur auf fundiertem Wissen sondern ber\u00fccksichtigen auch die Individualit\u00e4t von Hund und Mensch. Eine eindeutige Kommunikation kombiniert mit positiver Verst\u00e4rkung und klaren Grenzen f\u00fchrt hierbei mit Spa\u00df zum gemeinsamen Erfolg.<\/p><p>Im Umgang mit Kooperationspartnern und Referenten zeichnet sich die Akademie durch\u00a0 Professionalit\u00e4t, Verl\u00e4sslichkeit und Vertrauen aus. Des Weiteren wird gro\u00dfer Wert auf artgerechten Umgang mit Tieren gelegt.<\/p><p>Die Veranstaltungen sind vom\u00a0<strong>Deutschen Fachverband Tiertherapeutischer Berufe e.V.\u00a0<\/strong>als Fortbildungsveranstaltung f\u00fcr Tiertherapeuten anerkannt sowie von den <strong>Tier\u00e4rztekammern Schleswig-Holstein<\/strong> und <strong>Niedersachen<\/strong> nach Angabe bei der jeweiligen Veranstaltung.<\/p>\t\t\t\t\t\t\t\t<\/div>\n\t\t\t\t<\/div>\n\t\t\t\t\t<\/div>\n\t\t<\/div>\n\t\t\t\t\t<\/div>\n\t\t<\/section>\n\t\t\t\t<\/div>\n\t\t","protected":false},"excerpt":{"rendered":"<p>Unsere Vorteile Artgerechter Umgang mit TierenModerne Ausbildungsmethoden professionell individuell qualifiziert anspruchsvoll gut vernetzt nachhaltig Gegr\u00fcndet im Jahr 2016 bietet die Akademie f\u00fcr Tiertherapeutische Berufe nicht nur Ausbildungen in verschiedenen tiertherapeutischen Berufen sondern auch Fortbildungen an. Die Institution f\u00fcr Ausbildungsberufe in den Bereichen Hundephysiotherapie, Tierpsychologie, Tierverhaltenstherapie, Hundetraining, tiergest\u00fctzter Arbeit und Dogwalk\u00a0bildet qualifiziert aus und verfolgt bei [&hellip;]<\/p>\n","protected":false},"author":1,"featured_media":0,"parent":993,"menu_order":0,"comment_status":"closed","ping_status":"closed","template":"","meta":{"footnotes":""},"class_list":["post-1169","page","type-page","status-publish","hentry"],"yoast_head":"<!-- This site is optimized with the Yoast SEO plugin v27.1.1 - https:\/\/yoast.com\/product\/yoast-seo-wordpress\/ -->\n<title>Akademie - Akademie f\u00fcr Tiertherapie - Veranstaltungen<\/title>\n<meta name=\"robots\" content=\"index, follow, max-snippet:-1, max-image-preview:large, max-video-preview:-1\" \/>\n<link rel=\"canonical\" href=\"https:\/\/akademie-tiertherapie.de\/veranstaltungen\/ueber-die-akademie\/die-akademie\/\" \/>\n<meta property=\"og:locale\" content=\"de_DE\" \/>\n<meta property=\"og:type\" content=\"article\" \/>\n<meta property=\"og:title\" content=\"Akademie - Akademie f\u00fcr Tiertherapie - Veranstaltungen\" \/>\n<meta property=\"og:description\" content=\"Unsere Vorteile Artgerechter Umgang mit TierenModerne Ausbildungsmethoden professionell individuell qualifiziert anspruchsvoll gut vernetzt nachhaltig Gegr\u00fcndet im Jahr 2016 bietet die Akademie f\u00fcr Tiertherapeutische Berufe nicht nur Ausbildungen in verschiedenen tiertherapeutischen Berufen sondern auch Fortbildungen an. Die Institution f\u00fcr Ausbildungsberufe in den Bereichen Hundephysiotherapie, Tierpsychologie, Tierverhaltenstherapie, Hundetraining, tiergest\u00fctzter Arbeit und Dogwalk\u00a0bildet qualifiziert aus und verfolgt bei [&hellip;]\" \/>\n<meta property=\"og:url\" content=\"https:\/\/akademie-tiertherapie.de\/veranstaltungen\/ueber-die-akademie\/die-akademie\/\" \/>\n<meta property=\"og:site_name\" content=\"Akademie f\u00fcr Tiertherapie - Veranstaltungen\" \/>\n<meta property=\"article:publisher\" content=\"https:\/\/www.facebook.com\/AkademieTier\" \/>\n<meta property=\"article:modified_time\" content=\"2022-02-20T11:27:28+00:00\" \/>\n<meta property=\"og:image\" content=\"https:\/\/www.akademie-tiertherapie.de\/wp-content\/uploads\/2021\/08\/ueber-uns.png\" \/>\n<meta name=\"twitter:card\" content=\"summary_large_image\" \/>\n<meta name=\"twitter:label1\" content=\"Gesch\u00e4tzte Lesezeit\" \/>\n\t<meta name=\"twitter:data1\" content=\"2\u00a0Minuten\" \/>\n<script type=\"application\/ld+json\" class=\"yoast-schema-graph\">{\"@context\":\"https:\/\/schema.org\",\"@graph\":[{\"@type\":\"WebPage\",\"@id\":\"https:\/\/akademie-tiertherapie.de\/veranstaltungen\/ueber-die-akademie\/die-akademie\/\",\"url\":\"https:\/\/akademie-tiertherapie.de\/veranstaltungen\/ueber-die-akademie\/die-akademie\/\",\"name\":\"Akademie - Akademie f\u00fcr Tiertherapie - Veranstaltungen\",\"isPartOf\":{\"@id\":\"https:\/\/akademie-tiertherapie.de\/veranstaltungen\/#website\"},\"primaryImageOfPage\":{\"@id\":\"https:\/\/akademie-tiertherapie.de\/veranstaltungen\/ueber-die-akademie\/die-akademie\/#primaryimage\"},\"image\":{\"@id\":\"https:\/\/akademie-tiertherapie.de\/veranstaltungen\/ueber-die-akademie\/die-akademie\/#primaryimage\"},\"thumbnailUrl\":\"https:\/\/www.akademie-tiertherapie.de\/wp-content\/uploads\/2021\/08\/ueber-uns.png\",\"datePublished\":\"2021-08-08T07:24:42+00:00\",\"dateModified\":\"2022-02-20T11:27:28+00:00\",\"breadcrumb\":{\"@id\":\"https:\/\/akademie-tiertherapie.de\/veranstaltungen\/ueber-die-akademie\/die-akademie\/#breadcrumb\"},\"inLanguage\":\"de\",\"potentialAction\":[{\"@type\":\"ReadAction\",\"target\":[\"https:\/\/akademie-tiertherapie.de\/veranstaltungen\/ueber-die-akademie\/die-akademie\/\"]}]},{\"@type\":\"ImageObject\",\"inLanguage\":\"de\",\"@id\":\"https:\/\/akademie-tiertherapie.de\/veranstaltungen\/ueber-die-akademie\/die-akademie\/#primaryimage\",\"url\":\"https:\/\/www.akademie-tiertherapie.de\/wp-content\/uploads\/2021\/08\/ueber-uns.png\",\"contentUrl\":\"https:\/\/www.akademie-tiertherapie.de\/wp-content\/uploads\/2021\/08\/ueber-uns.png\"},{\"@type\":\"BreadcrumbList\",\"@id\":\"https:\/\/akademie-tiertherapie.de\/veranstaltungen\/ueber-die-akademie\/die-akademie\/#breadcrumb\",\"itemListElement\":[{\"@type\":\"ListItem\",\"position\":1,\"name\":\"Startseite\",\"item\":\"https:\/\/akademie-tiertherapie.de\/veranstaltungen\/\"},{\"@type\":\"ListItem\",\"position\":2,\"name\":\"\u00dcber die Akademie\",\"item\":\"https:\/\/akademie-tiertherapie.de\/veranstaltungen\/ueber-die-akademie\/\"},{\"@type\":\"ListItem\",\"position\":3,\"name\":\"Akademie\"}]},{\"@type\":\"WebSite\",\"@id\":\"https:\/\/akademie-tiertherapie.de\/veranstaltungen\/#website\",\"url\":\"https:\/\/akademie-tiertherapie.de\/veranstaltungen\/\",\"name\":\"Akademie f\u00fcr Tiertherapie - Veranstaltungen\",\"description\":\"Akademie f\u00fcr Tiertherapeutische Berufe GmbH\",\"publisher\":{\"@id\":\"https:\/\/akademie-tiertherapie.de\/veranstaltungen\/#organization\"},\"potentialAction\":[{\"@type\":\"SearchAction\",\"target\":{\"@type\":\"EntryPoint\",\"urlTemplate\":\"https:\/\/akademie-tiertherapie.de\/veranstaltungen\/?s={search_term_string}\"},\"query-input\":{\"@type\":\"PropertyValueSpecification\",\"valueRequired\":true,\"valueName\":\"search_term_string\"}}],\"inLanguage\":\"de\"},{\"@type\":\"Organization\",\"@id\":\"https:\/\/akademie-tiertherapie.de\/veranstaltungen\/#organization\",\"name\":\"Akademie Tiertherapie\",\"url\":\"https:\/\/akademie-tiertherapie.de\/veranstaltungen\/\",\"logo\":{\"@type\":\"ImageObject\",\"inLanguage\":\"de\",\"@id\":\"https:\/\/akademie-tiertherapie.de\/veranstaltungen\/#\/schema\/logo\/image\/\",\"url\":\"https:\/\/akademie-tiertherapie.de\/veranstaltungen\/wp-content\/uploads\/2022\/03\/ALogoBrown726KB.png\",\"contentUrl\":\"https:\/\/akademie-tiertherapie.de\/veranstaltungen\/wp-content\/uploads\/2022\/03\/ALogoBrown726KB.png\",\"width\":2233,\"height\":2173,\"caption\":\"Akademie Tiertherapie\"},\"image\":{\"@id\":\"https:\/\/akademie-tiertherapie.de\/veranstaltungen\/#\/schema\/logo\/image\/\"},\"sameAs\":[\"https:\/\/www.facebook.com\/AkademieTier\",\"https:\/\/www.instagram.com\/akademietier\/\"]}]}<\/script>\n<!-- \/ Yoast SEO plugin. -->","yoast_head_json":{"title":"Akademie - Akademie f\u00fcr Tiertherapie - Veranstaltungen","robots":{"index":"index","follow":"follow","max-snippet":"max-snippet:-1","max-image-preview":"max-image-preview:large","max-video-preview":"max-video-preview:-1"},"canonical":"https:\/\/akademie-tiertherapie.de\/veranstaltungen\/ueber-die-akademie\/die-akademie\/","og_locale":"de_DE","og_type":"article","og_title":"Akademie - Akademie f\u00fcr Tiertherapie - Veranstaltungen","og_description":"Unsere Vorteile Artgerechter Umgang mit TierenModerne Ausbildungsmethoden professionell individuell qualifiziert anspruchsvoll gut vernetzt nachhaltig Gegr\u00fcndet im Jahr 2016 bietet die Akademie f\u00fcr Tiertherapeutische Berufe nicht nur Ausbildungen in verschiedenen tiertherapeutischen Berufen sondern auch Fortbildungen an. Die Institution f\u00fcr Ausbildungsberufe in den Bereichen Hundephysiotherapie, Tierpsychologie, Tierverhaltenstherapie, Hundetraining, tiergest\u00fctzter Arbeit und Dogwalk\u00a0bildet qualifiziert aus und verfolgt bei [&hellip;]","og_url":"https:\/\/akademie-tiertherapie.de\/veranstaltungen\/ueber-die-akademie\/die-akademie\/","og_site_name":"Akademie f\u00fcr Tiertherapie - Veranstaltungen","article_publisher":"https:\/\/www.facebook.com\/AkademieTier","article_modified_time":"2022-02-20T11:27:28+00:00","og_image":[{"url":"https:\/\/www.akademie-tiertherapie.de\/wp-content\/uploads\/2021\/08\/ueber-uns.png","type":"","width":"","height":""}],"twitter_card":"summary_large_image","twitter_misc":{"Gesch\u00e4tzte Lesezeit":"2\u00a0Minuten"},"schema":{"@context":"https:\/\/schema.org","@graph":[{"@type":"WebPage","@id":"https:\/\/akademie-tiertherapie.de\/veranstaltungen\/ueber-die-akademie\/die-akademie\/","url":"https:\/\/akademie-tiertherapie.de\/veranstaltungen\/ueber-die-akademie\/die-akademie\/","name":"Akademie - Akademie f\u00fcr Tiertherapie - Veranstaltungen","isPartOf":{"@id":"https:\/\/akademie-tiertherapie.de\/veranstaltungen\/#website"},"primaryImageOfPage":{"@id":"https:\/\/akademie-tiertherapie.de\/veranstaltungen\/ueber-die-akademie\/die-akademie\/#primaryimage"},"image":{"@id":"https:\/\/akademie-tiertherapie.de\/veranstaltungen\/ueber-die-akademie\/die-akademie\/#primaryimage"},"thumbnailUrl":"https:\/\/www.akademie-tiertherapie.de\/wp-content\/uploads\/2021\/08\/ueber-uns.png","datePublished":"2021-08-08T07:24:42+00:00","dateModified":"2022-02-20T11:27:28+00:00","breadcrumb":{"@id":"https:\/\/akademie-tiertherapie.de\/veranstaltungen\/ueber-die-akademie\/die-akademie\/#breadcrumb"},"inLanguage":"de","potentialAction":[{"@type":"ReadAction","target":["https:\/\/akademie-tiertherapie.de\/veranstaltungen\/ueber-die-akademie\/die-akademie\/"]}]},{"@type":"ImageObject","inLanguage":"de","@id":"https:\/\/akademie-tiertherapie.de\/veranstaltungen\/ueber-die-akademie\/die-akademie\/#primaryimage","url":"https:\/\/www.akademie-tiertherapie.de\/wp-content\/uploads\/2021\/08\/ueber-uns.png","contentUrl":"https:\/\/www.akademie-tiertherapie.de\/wp-content\/uploads\/2021\/08\/ueber-uns.png"},{"@type":"BreadcrumbList","@id":"https:\/\/akademie-tiertherapie.de\/veranstaltungen\/ueber-die-akademie\/die-akademie\/#breadcrumb","itemListElement":[{"@type":"ListItem","position":1,"name":"Startseite","item":"https:\/\/akademie-tiertherapie.de\/veranstaltungen\/"},{"@type":"ListItem","position":2,"name":"\u00dcber die Akademie","item":"https:\/\/akademie-tiertherapie.de\/veranstaltungen\/ueber-die-akademie\/"},{"@type":"ListItem","position":3,"name":"Akademie"}]},{"@type":"WebSite","@id":"https:\/\/akademie-tiertherapie.de\/veranstaltungen\/#website","url":"https:\/\/akademie-tiertherapie.de\/veranstaltungen\/","name":"Akademie f\u00fcr Tiertherapie - Veranstaltungen","description":"Akademie f\u00fcr Tiertherapeutische Berufe GmbH","publisher":{"@id":"https:\/\/akademie-tiertherapie.de\/veranstaltungen\/#organization"},"potentialAction":[{"@type":"SearchAction","target":{"@type":"EntryPoint","urlTemplate":"https:\/\/akademie-tiertherapie.de\/veranstaltungen\/?s={search_term_string}"},"query-input":{"@type":"PropertyValueSpecification","valueRequired":true,"valueName":"search_term_string"}}],"inLanguage":"de"},{"@type":"Organization","@id":"https:\/\/akademie-tiertherapie.de\/veranstaltungen\/#organization","name":"Akademie Tiertherapie","url":"https:\/\/akademie-tiertherapie.de\/veranstaltungen\/","logo":{"@type":"ImageObject","inLanguage":"de","@id":"https:\/\/akademie-tiertherapie.de\/veranstaltungen\/#\/schema\/logo\/image\/","url":"https:\/\/akademie-tiertherapie.de\/veranstaltungen\/wp-content\/uploads\/2022\/03\/ALogoBrown726KB.png","contentUrl":"https:\/\/akademie-tiertherapie.de\/veranstaltungen\/wp-content\/uploads\/2022\/03\/ALogoBrown726KB.png","width":2233,"height":2173,"caption":"Akademie Tiertherapie"},"image":{"@id":"https:\/\/akademie-tiertherapie.de\/veranstaltungen\/#\/schema\/logo\/image\/"},"sameAs":["https:\/\/www.facebook.com\/AkademieTier","https:\/\/www.instagram.com\/akademietier\/"]}]}},"_links":{"self":[{"href":"https:\/\/akademie-tiertherapie.de\/veranstaltungen\/wp-json\/wp\/v2\/pages\/1169","targetHints":{"allow":["GET"]}}],"collection":[{"href":"https:\/\/akademie-tiertherapie.de\/veranstaltungen\/wp-json\/wp\/v2\/pages"}],"about":[{"href":"https:\/\/akademie-tiertherapie.de\/veranstaltungen\/wp-json\/wp\/v2\/types\/page"}],"author":[{"embeddable":true,"href":"https:\/\/akademie-tiertherapie.de\/veranstaltungen\/wp-json\/wp\/v2\/users\/1"}],"replies":[{"embeddable":true,"href":"https:\/\/akademie-tiertherapie.de\/veranstaltungen\/wp-json\/wp\/v2\/comments?post=1169"}],"version-history":[{"count":18,"href":"https:\/\/akademie-tiertherapie.de\/veranstaltungen\/wp-json\/wp\/v2\/pages\/1169\/revisions"}],"predecessor-version":[{"id":3445,"href":"https:\/\/akademie-tiertherapie.de\/veranstaltungen\/wp-json\/wp\/v2\/pages\/1169\/revisions\/3445"}],"up":[{"embeddable":true,"href":"https:\/\/akademie-tiertherapie.de\/veranstaltungen\/wp-json\/wp\/v2\/pages\/993"}],"wp:attachment":[{"href":"https:\/\/akademie-tiertherapie.de\/veranstaltungen\/wp-json\/wp\/v2\/media?parent=1169"}],"curies":[{"name":"wp","href":"https:\/\/api.w.org\/{rel}","templated":true}]}}