{"id":1187,"date":"2021-08-08T10:16:49","date_gmt":"2021-08-08T08:16:49","guid":{"rendered":"https:\/\/www.akademie-tiertherapie.de\/veranstaltungen\/?page_id=1187"},"modified":"2021-08-08T10:17:18","modified_gmt":"2021-08-08T08:17:18","slug":"seminarraum-am-see","status":"publish","type":"page","link":"https:\/\/akademie-tiertherapie.de\/veranstaltungen\/ueber-die-akademie\/ausbildungsorte\/seminarraum-am-see\/","title":{"rendered":"Seminarraum am See"},"content":{"rendered":"\t\t<div data-elementor-type=\"wp-page\" data-elementor-id=\"1187\" class=\"elementor elementor-1187\" data-elementor-post-type=\"page\">\n\t\t\t\t\t\t<section class=\"elementor-section elementor-top-section elementor-element elementor-element-6ee7da20 elementor-section-boxed elementor-section-height-default elementor-section-height-default\" data-id=\"6ee7da20\" data-element_type=\"section\" data-e-type=\"section\">\n\t\t\t\t\t\t<div class=\"elementor-container elementor-column-gap-default\">\n\t\t\t\t\t<div class=\"elementor-column elementor-col-100 elementor-top-column elementor-element elementor-element-2690073f\" data-id=\"2690073f\" data-element_type=\"column\" data-e-type=\"column\">\n\t\t\t<div class=\"elementor-widget-wrap elementor-element-populated\">\n\t\t\t\t\t\t<div class=\"elementor-element elementor-element-bba8f06 elementor-widget elementor-widget-image\" data-id=\"bba8f06\" data-element_type=\"widget\" data-e-type=\"widget\" data-widget_type=\"image.default\">\n\t\t\t\t<div class=\"elementor-widget-container\">\n\t\t\t\t\t\t\t\t\t\t\t\t\t\t\t<img fetchpriority=\"high\" decoding=\"async\" width=\"1024\" height=\"957\" src=\"https:\/\/akademie-tiertherapie.de\/veranstaltungen\/wp-content\/uploads\/2021\/08\/PHOTO-2020-09-06-22-24-52-e1634151601572-1024x957.jpg\" class=\"attachment-large size-large wp-image-1160\" alt=\"Hunde am See\" srcset=\"https:\/\/akademie-tiertherapie.de\/veranstaltungen\/wp-content\/uploads\/2021\/08\/PHOTO-2020-09-06-22-24-52-e1634151601572-1024x957.jpg 1024w, https:\/\/akademie-tiertherapie.de\/veranstaltungen\/wp-content\/uploads\/2021\/08\/PHOTO-2020-09-06-22-24-52-e1634151601572-300x280.jpg 300w, https:\/\/akademie-tiertherapie.de\/veranstaltungen\/wp-content\/uploads\/2021\/08\/PHOTO-2020-09-06-22-24-52-e1634151601572-768x718.jpg 768w, https:\/\/akademie-tiertherapie.de\/veranstaltungen\/wp-content\/uploads\/2021\/08\/PHOTO-2020-09-06-22-24-52-e1634151601572.jpg 1274w\" sizes=\"(max-width: 1024px) 100vw, 1024px\" \/>\t\t\t\t\t\t\t\t\t\t\t\t\t\t\t<\/div>\n\t\t\t\t<\/div>\n\t\t\t\t<div class=\"elementor-element elementor-element-d9e8ae9 elementor-widget elementor-widget-text-editor\" data-id=\"d9e8ae9\" data-element_type=\"widget\" data-e-type=\"widget\" data-widget_type=\"text-editor.default\">\n\t\t\t\t<div class=\"elementor-widget-container\">\n\t\t\t\t\t\t\t\t\t<p id=\"u37685-18\"><strong>\u00dcberblick<\/strong><\/p><ul><li id=\"u37685-20\" class=\"firstItem\">Seminarraum\u00a0<\/li><li id=\"u37685-22\">K\u00fcchenzeile mit K\u00fchlschrank<\/li><li id=\"u37685-24\">Supermarkt, B\u00e4ckereien, Imbiss oder diverse Restaurants in der N\u00e4he<\/li><li id=\"u37685-26\">der am Seminarraum gelegene See ist ein Paradies f\u00fcr Hund und Halter<\/li><li id=\"u37685-28\" class=\"lastItem\">falls Sie Unterbringung in Babenhausen w\u00fcnschen, lassen wir Ihnen gerne Kontaktdaten zu kommen.<\/li><\/ul><p id=\"u37685-54\"><strong>Die R\u00e4umlichkeiten<\/strong><\/p><p id=\"u37685-56\">Der\u00a0Seminarraum befindet sich im B\u00fcrogeb\u00e4ude der Firma Hardt. Der Raum bietet Platz f\u00fcr gr\u00f6\u00dfere Gruppen. Der Spaziergang am See entlang, der nicht f\u00fcr die \u00d6ffentlichkeit zug\u00e4ngig ist, erinnert an Urlaub. Hunde d\u00fcrfen dort schwimmen. Im Seminarraum\u00a0gibt es warme und kalte Getr\u00e4nke sowie kleine Snacks f\u00fcr die Teilnehmer. Hier gibt es auch einen K\u00fchlschrank, in dem man mitgebrachte Verpflegung unterbringen kann.<\/p><p id=\"u37685-57\">Rings um das Geb\u00e4ude ist gen\u00fcgend Platz f\u00fcr \u00dcbungen mit den Vierbeinern. Wird einmal ein eingez\u00e4untes Gel\u00e4nde ben\u00f6tigt, so befindet sich das Grundst\u00fcck der Hundeschule MoreSmartDogs\u00a0in der N\u00e4he.<\/p><p id=\"u37685-60\">Ausreichende Parkm\u00f6glichkeiten, Freigel\u00e4nde, Gastronomie und umliegende \u00dcbernachtungsm\u00f6glichkeiten sind in allen Kategorien vorhanden.\u00a0 F\u00fcr eine\u00a0 angenehme Lern-Atmosph\u00e4re ist also gesorgt.<\/p>\t\t\t\t\t\t\t\t<\/div>\n\t\t\t\t<\/div>\n\t\t\t\t\t<\/div>\n\t\t<\/div>\n\t\t\t\t\t<\/div>\n\t\t<\/section>\n\t\t\t\t<\/div>\n\t\t","protected":false},"excerpt":{"rendered":"<p>\u00dcberblick Seminarraum\u00a0 K\u00fcchenzeile mit K\u00fchlschrank Supermarkt, B\u00e4ckereien, Imbiss oder diverse Restaurants in der N\u00e4he der am Seminarraum gelegene See ist ein Paradies f\u00fcr Hund und Halter falls Sie Unterbringung in Babenhausen w\u00fcnschen, lassen wir Ihnen gerne Kontaktdaten zu kommen. Die R\u00e4umlichkeiten Der\u00a0Seminarraum befindet sich im B\u00fcrogeb\u00e4ude der Firma Hardt. Der Raum bietet Platz f\u00fcr gr\u00f6\u00dfere [&hellip;]<\/p>\n","protected":false},"author":1,"featured_media":0,"parent":1157,"menu_order":0,"comment_status":"closed","ping_status":"closed","template":"","meta":{"footnotes":""},"class_list":["post-1187","page","type-page","status-publish","hentry"],"yoast_head":"<!-- This site is optimized with the Yoast SEO plugin v27.1.1 - https:\/\/yoast.com\/product\/yoast-seo-wordpress\/ -->\n<title>Seminarraum am See - Akademie f\u00fcr Tiertherapie - Veranstaltungen<\/title>\n<meta name=\"robots\" content=\"index, follow, max-snippet:-1, max-image-preview:large, max-video-preview:-1\" \/>\n<link rel=\"canonical\" href=\"https:\/\/akademie-tiertherapie.de\/veranstaltungen\/ueber-die-akademie\/ausbildungsorte\/seminarraum-am-see\/\" \/>\n<meta property=\"og:locale\" content=\"de_DE\" \/>\n<meta property=\"og:type\" content=\"article\" \/>\n<meta property=\"og:title\" content=\"Seminarraum am See - Akademie f\u00fcr Tiertherapie - Veranstaltungen\" \/>\n<meta property=\"og:description\" content=\"\u00dcberblick Seminarraum\u00a0 K\u00fcchenzeile mit K\u00fchlschrank Supermarkt, B\u00e4ckereien, Imbiss oder diverse Restaurants in der N\u00e4he der am Seminarraum gelegene See ist ein Paradies f\u00fcr Hund und Halter falls Sie Unterbringung in Babenhausen w\u00fcnschen, lassen wir Ihnen gerne Kontaktdaten zu kommen. Die R\u00e4umlichkeiten Der\u00a0Seminarraum befindet sich im B\u00fcrogeb\u00e4ude der Firma Hardt. Der Raum bietet Platz f\u00fcr gr\u00f6\u00dfere [&hellip;]\" \/>\n<meta property=\"og:url\" content=\"https:\/\/akademie-tiertherapie.de\/veranstaltungen\/ueber-die-akademie\/ausbildungsorte\/seminarraum-am-see\/\" \/>\n<meta property=\"og:site_name\" content=\"Akademie f\u00fcr Tiertherapie - Veranstaltungen\" \/>\n<meta property=\"article:publisher\" content=\"https:\/\/www.facebook.com\/AkademieTier\" \/>\n<meta property=\"article:modified_time\" content=\"2021-08-08T08:17:18+00:00\" \/>\n<meta property=\"og:image\" content=\"https:\/\/akademie-tiertherapie.de\/veranstaltungen\/wp-content\/uploads\/2021\/08\/PHOTO-2020-09-06-22-24-52-1024x768.jpg\" \/>\n<meta name=\"twitter:card\" content=\"summary_large_image\" \/>\n<meta name=\"twitter:label1\" content=\"Gesch\u00e4tzte Lesezeit\" \/>\n\t<meta name=\"twitter:data1\" content=\"1\u00a0Minute\" \/>\n<script type=\"application\/ld+json\" class=\"yoast-schema-graph\">{\"@context\":\"https:\/\/schema.org\",\"@graph\":[{\"@type\":\"WebPage\",\"@id\":\"https:\/\/akademie-tiertherapie.de\/veranstaltungen\/ueber-die-akademie\/ausbildungsorte\/seminarraum-am-see\/\",\"url\":\"https:\/\/akademie-tiertherapie.de\/veranstaltungen\/ueber-die-akademie\/ausbildungsorte\/seminarraum-am-see\/\",\"name\":\"Seminarraum am See - Akademie f\u00fcr Tiertherapie - Veranstaltungen\",\"isPartOf\":{\"@id\":\"https:\/\/akademie-tiertherapie.de\/veranstaltungen\/#website\"},\"primaryImageOfPage\":{\"@id\":\"https:\/\/akademie-tiertherapie.de\/veranstaltungen\/ueber-die-akademie\/ausbildungsorte\/seminarraum-am-see\/#primaryimage\"},\"image\":{\"@id\":\"https:\/\/akademie-tiertherapie.de\/veranstaltungen\/ueber-die-akademie\/ausbildungsorte\/seminarraum-am-see\/#primaryimage\"},\"thumbnailUrl\":\"https:\/\/akademie-tiertherapie.de\/veranstaltungen\/wp-content\/uploads\/2021\/08\/PHOTO-2020-09-06-22-24-52-1024x768.jpg\",\"datePublished\":\"2021-08-08T08:16:49+00:00\",\"dateModified\":\"2021-08-08T08:17:18+00:00\",\"breadcrumb\":{\"@id\":\"https:\/\/akademie-tiertherapie.de\/veranstaltungen\/ueber-die-akademie\/ausbildungsorte\/seminarraum-am-see\/#breadcrumb\"},\"inLanguage\":\"de\",\"potentialAction\":[{\"@type\":\"ReadAction\",\"target\":[\"https:\/\/akademie-tiertherapie.de\/veranstaltungen\/ueber-die-akademie\/ausbildungsorte\/seminarraum-am-see\/\"]}]},{\"@type\":\"ImageObject\",\"inLanguage\":\"de\",\"@id\":\"https:\/\/akademie-tiertherapie.de\/veranstaltungen\/ueber-die-akademie\/ausbildungsorte\/seminarraum-am-see\/#primaryimage\",\"url\":\"https:\/\/akademie-tiertherapie.de\/veranstaltungen\/wp-content\/uploads\/2021\/08\/PHOTO-2020-09-06-22-24-52-1024x768.jpg\",\"contentUrl\":\"https:\/\/akademie-tiertherapie.de\/veranstaltungen\/wp-content\/uploads\/2021\/08\/PHOTO-2020-09-06-22-24-52-1024x768.jpg\"},{\"@type\":\"BreadcrumbList\",\"@id\":\"https:\/\/akademie-tiertherapie.de\/veranstaltungen\/ueber-die-akademie\/ausbildungsorte\/seminarraum-am-see\/#breadcrumb\",\"itemListElement\":[{\"@type\":\"ListItem\",\"position\":1,\"name\":\"Startseite\",\"item\":\"https:\/\/akademie-tiertherapie.de\/veranstaltungen\/\"},{\"@type\":\"ListItem\",\"position\":2,\"name\":\"\u00dcber die Akademie\",\"item\":\"https:\/\/akademie-tiertherapie.de\/veranstaltungen\/ueber-die-akademie\/\"},{\"@type\":\"ListItem\",\"position\":3,\"name\":\"Ausbildungsorte\",\"item\":\"https:\/\/akademie-tiertherapie.de\/veranstaltungen\/ueber-die-akademie\/ausbildungsorte\/\"},{\"@type\":\"ListItem\",\"position\":4,\"name\":\"Seminarraum am See\"}]},{\"@type\":\"WebSite\",\"@id\":\"https:\/\/akademie-tiertherapie.de\/veranstaltungen\/#website\",\"url\":\"https:\/\/akademie-tiertherapie.de\/veranstaltungen\/\",\"name\":\"Akademie f\u00fcr Tiertherapie - Veranstaltungen\",\"description\":\"Akademie f\u00fcr Tiertherapeutische Berufe GmbH\",\"publisher\":{\"@id\":\"https:\/\/akademie-tiertherapie.de\/veranstaltungen\/#organization\"},\"potentialAction\":[{\"@type\":\"SearchAction\",\"target\":{\"@type\":\"EntryPoint\",\"urlTemplate\":\"https:\/\/akademie-tiertherapie.de\/veranstaltungen\/?s={search_term_string}\"},\"query-input\":{\"@type\":\"PropertyValueSpecification\",\"valueRequired\":true,\"valueName\":\"search_term_string\"}}],\"inLanguage\":\"de\"},{\"@type\":\"Organization\",\"@id\":\"https:\/\/akademie-tiertherapie.de\/veranstaltungen\/#organization\",\"name\":\"Akademie Tiertherapie\",\"url\":\"https:\/\/akademie-tiertherapie.de\/veranstaltungen\/\",\"logo\":{\"@type\":\"ImageObject\",\"inLanguage\":\"de\",\"@id\":\"https:\/\/akademie-tiertherapie.de\/veranstaltungen\/#\/schema\/logo\/image\/\",\"url\":\"https:\/\/akademie-tiertherapie.de\/veranstaltungen\/wp-content\/uploads\/2022\/03\/ALogoBrown726KB.png\",\"contentUrl\":\"https:\/\/akademie-tiertherapie.de\/veranstaltungen\/wp-content\/uploads\/2022\/03\/ALogoBrown726KB.png\",\"width\":2233,\"height\":2173,\"caption\":\"Akademie Tiertherapie\"},\"image\":{\"@id\":\"https:\/\/akademie-tiertherapie.de\/veranstaltungen\/#\/schema\/logo\/image\/\"},\"sameAs\":[\"https:\/\/www.facebook.com\/AkademieTier\",\"https:\/\/www.instagram.com\/akademietier\/\"]}]}<\/script>\n<!-- \/ Yoast SEO plugin. -->","yoast_head_json":{"title":"Seminarraum am See - Akademie f\u00fcr Tiertherapie - Veranstaltungen","robots":{"index":"index","follow":"follow","max-snippet":"max-snippet:-1","max-image-preview":"max-image-preview:large","max-video-preview":"max-video-preview:-1"},"canonical":"https:\/\/akademie-tiertherapie.de\/veranstaltungen\/ueber-die-akademie\/ausbildungsorte\/seminarraum-am-see\/","og_locale":"de_DE","og_type":"article","og_title":"Seminarraum am See - Akademie f\u00fcr Tiertherapie - Veranstaltungen","og_description":"\u00dcberblick Seminarraum\u00a0 K\u00fcchenzeile mit K\u00fchlschrank Supermarkt, B\u00e4ckereien, Imbiss oder diverse Restaurants in der N\u00e4he der am Seminarraum gelegene See ist ein Paradies f\u00fcr Hund und Halter falls Sie Unterbringung in Babenhausen w\u00fcnschen, lassen wir Ihnen gerne Kontaktdaten zu kommen. Die R\u00e4umlichkeiten Der\u00a0Seminarraum befindet sich im B\u00fcrogeb\u00e4ude der Firma Hardt. Der Raum bietet Platz f\u00fcr gr\u00f6\u00dfere [&hellip;]","og_url":"https:\/\/akademie-tiertherapie.de\/veranstaltungen\/ueber-die-akademie\/ausbildungsorte\/seminarraum-am-see\/","og_site_name":"Akademie f\u00fcr Tiertherapie - Veranstaltungen","article_publisher":"https:\/\/www.facebook.com\/AkademieTier","article_modified_time":"2021-08-08T08:17:18+00:00","og_image":[{"url":"https:\/\/akademie-tiertherapie.de\/veranstaltungen\/wp-content\/uploads\/2021\/08\/PHOTO-2020-09-06-22-24-52-1024x768.jpg","type":"","width":"","height":""}],"twitter_card":"summary_large_image","twitter_misc":{"Gesch\u00e4tzte Lesezeit":"1\u00a0Minute"},"schema":{"@context":"https:\/\/schema.org","@graph":[{"@type":"WebPage","@id":"https:\/\/akademie-tiertherapie.de\/veranstaltungen\/ueber-die-akademie\/ausbildungsorte\/seminarraum-am-see\/","url":"https:\/\/akademie-tiertherapie.de\/veranstaltungen\/ueber-die-akademie\/ausbildungsorte\/seminarraum-am-see\/","name":"Seminarraum am See - Akademie f\u00fcr Tiertherapie - Veranstaltungen","isPartOf":{"@id":"https:\/\/akademie-tiertherapie.de\/veranstaltungen\/#website"},"primaryImageOfPage":{"@id":"https:\/\/akademie-tiertherapie.de\/veranstaltungen\/ueber-die-akademie\/ausbildungsorte\/seminarraum-am-see\/#primaryimage"},"image":{"@id":"https:\/\/akademie-tiertherapie.de\/veranstaltungen\/ueber-die-akademie\/ausbildungsorte\/seminarraum-am-see\/#primaryimage"},"thumbnailUrl":"https:\/\/akademie-tiertherapie.de\/veranstaltungen\/wp-content\/uploads\/2021\/08\/PHOTO-2020-09-06-22-24-52-1024x768.jpg","datePublished":"2021-08-08T08:16:49+00:00","dateModified":"2021-08-08T08:17:18+00:00","breadcrumb":{"@id":"https:\/\/akademie-tiertherapie.de\/veranstaltungen\/ueber-die-akademie\/ausbildungsorte\/seminarraum-am-see\/#breadcrumb"},"inLanguage":"de","potentialAction":[{"@type":"ReadAction","target":["https:\/\/akademie-tiertherapie.de\/veranstaltungen\/ueber-die-akademie\/ausbildungsorte\/seminarraum-am-see\/"]}]},{"@type":"ImageObject","inLanguage":"de","@id":"https:\/\/akademie-tiertherapie.de\/veranstaltungen\/ueber-die-akademie\/ausbildungsorte\/seminarraum-am-see\/#primaryimage","url":"https:\/\/akademie-tiertherapie.de\/veranstaltungen\/wp-content\/uploads\/2021\/08\/PHOTO-2020-09-06-22-24-52-1024x768.jpg","contentUrl":"https:\/\/akademie-tiertherapie.de\/veranstaltungen\/wp-content\/uploads\/2021\/08\/PHOTO-2020-09-06-22-24-52-1024x768.jpg"},{"@type":"BreadcrumbList","@id":"https:\/\/akademie-tiertherapie.de\/veranstaltungen\/ueber-die-akademie\/ausbildungsorte\/seminarraum-am-see\/#breadcrumb","itemListElement":[{"@type":"ListItem","position":1,"name":"Startseite","item":"https:\/\/akademie-tiertherapie.de\/veranstaltungen\/"},{"@type":"ListItem","position":2,"name":"\u00dcber die Akademie","item":"https:\/\/akademie-tiertherapie.de\/veranstaltungen\/ueber-die-akademie\/"},{"@type":"ListItem","position":3,"name":"Ausbildungsorte","item":"https:\/\/akademie-tiertherapie.de\/veranstaltungen\/ueber-die-akademie\/ausbildungsorte\/"},{"@type":"ListItem","position":4,"name":"Seminarraum am See"}]},{"@type":"WebSite","@id":"https:\/\/akademie-tiertherapie.de\/veranstaltungen\/#website","url":"https:\/\/akademie-tiertherapie.de\/veranstaltungen\/","name":"Akademie f\u00fcr Tiertherapie - Veranstaltungen","description":"Akademie f\u00fcr Tiertherapeutische Berufe GmbH","publisher":{"@id":"https:\/\/akademie-tiertherapie.de\/veranstaltungen\/#organization"},"potentialAction":[{"@type":"SearchAction","target":{"@type":"EntryPoint","urlTemplate":"https:\/\/akademie-tiertherapie.de\/veranstaltungen\/?s={search_term_string}"},"query-input":{"@type":"PropertyValueSpecification","valueRequired":true,"valueName":"search_term_string"}}],"inLanguage":"de"},{"@type":"Organization","@id":"https:\/\/akademie-tiertherapie.de\/veranstaltungen\/#organization","name":"Akademie Tiertherapie","url":"https:\/\/akademie-tiertherapie.de\/veranstaltungen\/","logo":{"@type":"ImageObject","inLanguage":"de","@id":"https:\/\/akademie-tiertherapie.de\/veranstaltungen\/#\/schema\/logo\/image\/","url":"https:\/\/akademie-tiertherapie.de\/veranstaltungen\/wp-content\/uploads\/2022\/03\/ALogoBrown726KB.png","contentUrl":"https:\/\/akademie-tiertherapie.de\/veranstaltungen\/wp-content\/uploads\/2022\/03\/ALogoBrown726KB.png","width":2233,"height":2173,"caption":"Akademie Tiertherapie"},"image":{"@id":"https:\/\/akademie-tiertherapie.de\/veranstaltungen\/#\/schema\/logo\/image\/"},"sameAs":["https:\/\/www.facebook.com\/AkademieTier","https:\/\/www.instagram.com\/akademietier\/"]}]}},"_links":{"self":[{"href":"https:\/\/akademie-tiertherapie.de\/veranstaltungen\/wp-json\/wp\/v2\/pages\/1187","targetHints":{"allow":["GET"]}}],"collection":[{"href":"https:\/\/akademie-tiertherapie.de\/veranstaltungen\/wp-json\/wp\/v2\/pages"}],"about":[{"href":"https:\/\/akademie-tiertherapie.de\/veranstaltungen\/wp-json\/wp\/v2\/types\/page"}],"author":[{"embeddable":true,"href":"https:\/\/akademie-tiertherapie.de\/veranstaltungen\/wp-json\/wp\/v2\/users\/1"}],"replies":[{"embeddable":true,"href":"https:\/\/akademie-tiertherapie.de\/veranstaltungen\/wp-json\/wp\/v2\/comments?post=1187"}],"version-history":[{"count":4,"href":"https:\/\/akademie-tiertherapie.de\/veranstaltungen\/wp-json\/wp\/v2\/pages\/1187\/revisions"}],"predecessor-version":[{"id":1191,"href":"https:\/\/akademie-tiertherapie.de\/veranstaltungen\/wp-json\/wp\/v2\/pages\/1187\/revisions\/1191"}],"up":[{"embeddable":true,"href":"https:\/\/akademie-tiertherapie.de\/veranstaltungen\/wp-json\/wp\/v2\/pages\/1157"}],"wp:attachment":[{"href":"https:\/\/akademie-tiertherapie.de\/veranstaltungen\/wp-json\/wp\/v2\/media?parent=1187"}],"curies":[{"name":"wp","href":"https:\/\/api.w.org\/{rel}","templated":true}]}}