{"id":1192,"date":"2021-08-08T10:18:09","date_gmt":"2021-08-08T08:18:09","guid":{"rendered":"https:\/\/www.akademie-tiertherapie.de\/veranstaltungen\/?page_id=1192"},"modified":"2021-10-09T18:32:21","modified_gmt":"2021-10-09T16:32:21","slug":"kleiner-seminarraum","status":"publish","type":"page","link":"https:\/\/akademie-tiertherapie.de\/veranstaltungen\/ueber-die-akademie\/ausbildungsorte\/kleiner-seminarraum\/","title":{"rendered":"Kleiner Seminarraum"},"content":{"rendered":"\t\t<div data-elementor-type=\"wp-page\" data-elementor-id=\"1192\" class=\"elementor elementor-1192\" data-elementor-post-type=\"page\">\n\t\t\t\t\t\t<section class=\"elementor-section elementor-top-section elementor-element elementor-element-cb823d0 elementor-section-boxed elementor-section-height-default elementor-section-height-default\" data-id=\"cb823d0\" data-element_type=\"section\" data-e-type=\"section\">\n\t\t\t\t\t\t<div class=\"elementor-container elementor-column-gap-default\">\n\t\t\t\t\t<div class=\"elementor-column elementor-col-50 elementor-top-column elementor-element elementor-element-979d9ee\" data-id=\"979d9ee\" data-element_type=\"column\" data-e-type=\"column\">\n\t\t\t<div class=\"elementor-widget-wrap elementor-element-populated\">\n\t\t\t\t\t\t<div class=\"elementor-element elementor-element-bba8f06 elementor-widget elementor-widget-image\" data-id=\"bba8f06\" data-element_type=\"widget\" data-e-type=\"widget\" data-widget_type=\"image.default\">\n\t\t\t\t<div class=\"elementor-widget-container\">\n\t\t\t\t\t\t\t\t\t\t\t\t\t\t\t<img fetchpriority=\"high\" decoding=\"async\" width=\"400\" height=\"300\" src=\"https:\/\/akademie-tiertherapie.de\/veranstaltungen\/wp-content\/uploads\/2021\/10\/KlSeminarraum1.jpg\" class=\"attachment-large size-large wp-image-1997\" alt=\"\" srcset=\"https:\/\/akademie-tiertherapie.de\/veranstaltungen\/wp-content\/uploads\/2021\/10\/KlSeminarraum1.jpg 400w, https:\/\/akademie-tiertherapie.de\/veranstaltungen\/wp-content\/uploads\/2021\/10\/KlSeminarraum1-300x225.jpg 300w\" sizes=\"(max-width: 400px) 100vw, 400px\" \/>\t\t\t\t\t\t\t\t\t\t\t\t\t\t\t<\/div>\n\t\t\t\t<\/div>\n\t\t\t\t\t<\/div>\n\t\t<\/div>\n\t\t\t\t<div class=\"elementor-column elementor-col-50 elementor-top-column elementor-element elementor-element-a138f9f\" data-id=\"a138f9f\" data-element_type=\"column\" data-e-type=\"column\">\n\t\t\t<div class=\"elementor-widget-wrap elementor-element-populated\">\n\t\t\t\t\t\t<div class=\"elementor-element elementor-element-d9e8ae9 elementor-widget elementor-widget-text-editor\" data-id=\"d9e8ae9\" data-element_type=\"widget\" data-e-type=\"widget\" data-widget_type=\"text-editor.default\">\n\t\t\t\t<div class=\"elementor-widget-container\">\n\t\t\t\t\t\t\t\t\t<p id=\"u37685-18\"><strong>\u00dcberblick<\/strong><\/p><ul><li id=\"u37685-20\" class=\"firstItem\">hauseigener Seminarraum mit LED-Bildschirm f\u00fcr den theoretischen Unterricht<\/li><li id=\"u37685-22\">angrenzende K\u00fcche mit K\u00fchlschrank<\/li><li id=\"u37685-24\">nahegelegene B\u00e4ckereien, Imbiss oder diverse Restaurants<\/li><li id=\"u37685-26\">die angrenzenden Wiesen und die Feldrandlage laden zu Spazierg\u00e4ngen ein<\/li><li id=\"u37685-28\" class=\"lastItem\">falls Sie Unterbringung in Babenhausen w\u00fcnschen, lassen wir Ihnen gerne Kontaktdaten zu kommen.<\/li><\/ul>\t\t\t\t\t\t\t\t<\/div>\n\t\t\t\t<\/div>\n\t\t\t\t\t<\/div>\n\t\t<\/div>\n\t\t\t\t\t<\/div>\n\t\t<\/section>\n\t\t\t\t<section class=\"elementor-section elementor-top-section elementor-element elementor-element-6ee7da20 elementor-section-boxed elementor-section-height-default elementor-section-height-default\" data-id=\"6ee7da20\" data-element_type=\"section\" data-e-type=\"section\">\n\t\t\t\t\t\t<div class=\"elementor-container elementor-column-gap-default\">\n\t\t\t\t\t<div class=\"elementor-column elementor-col-100 elementor-top-column elementor-element elementor-element-60087db\" data-id=\"60087db\" data-element_type=\"column\" data-e-type=\"column\">\n\t\t\t<div class=\"elementor-widget-wrap elementor-element-populated\">\n\t\t\t\t\t\t<div class=\"elementor-element elementor-element-9c3f2e7 elementor-widget elementor-widget-text-editor\" data-id=\"9c3f2e7\" data-element_type=\"widget\" data-e-type=\"widget\" data-widget_type=\"text-editor.default\">\n\t\t\t\t<div class=\"elementor-widget-container\">\n\t\t\t\t\t\t\t\t\t<p id=\"u37685-54\"><strong>Die R\u00e4umlichkeiten<\/strong><\/p><p id=\"u37685-56\">Unser hauseigener Seminarraum ist f\u00fcr kleine Gruppen vorgesehen. Der Raum f\u00fcr die theoretischen Unterrichtseinheiten ist ausgestattet mit einem 55&#8243; LED-Bildschirm f\u00fcr PowerPoint Pr\u00e4sentationen. F\u00fcr die Vierbeiner haben wir Liegematten vorgesehen und f\u00fcr die Zweibeiner gibt es warme und kalte Getr\u00e4nke sowie kleine Snacks in der angrenzenden K\u00fcche. Hier gibt es auch einen K\u00fchlschrank, in dem man mitgebrachte Verpflegung unterbringen kann.<\/p><p id=\"u37685-57\">Das eingez\u00e4unte Grundst\u00fcck der Hundeschule in Babenhausen bietet sich an f\u00fcr praktische \u00dcbungen und befindet sich direkt neben dem Seminarraum.<\/p><p id=\"u37685-60\">Ausreichende Parkm\u00f6glichkeiten, Freigel\u00e4nde, Gastronomie und umliegende \u00dcbernachtungsm\u00f6glichkeiten sind in allen Kategorien vorhanden.\u00a0 F\u00fcr eine\u00a0 angenehme Lern-Atmosph\u00e4re ist also gesorgt.<\/p>\t\t\t\t\t\t\t\t<\/div>\n\t\t\t\t<\/div>\n\t\t\t\t\t<\/div>\n\t\t<\/div>\n\t\t\t\t\t<\/div>\n\t\t<\/section>\n\t\t\t\t<\/div>\n\t\t","protected":false},"excerpt":{"rendered":"<p>\u00dcberblick hauseigener Seminarraum mit LED-Bildschirm f\u00fcr den theoretischen Unterricht angrenzende K\u00fcche mit K\u00fchlschrank nahegelegene B\u00e4ckereien, Imbiss oder diverse Restaurants die angrenzenden Wiesen und die Feldrandlage laden zu Spazierg\u00e4ngen ein falls Sie Unterbringung in Babenhausen w\u00fcnschen, lassen wir Ihnen gerne Kontaktdaten zu kommen. Die R\u00e4umlichkeiten Unser hauseigener Seminarraum ist f\u00fcr kleine Gruppen vorgesehen. Der Raum f\u00fcr [&hellip;]<\/p>\n","protected":false},"author":1,"featured_media":0,"parent":1157,"menu_order":0,"comment_status":"closed","ping_status":"closed","template":"","meta":{"footnotes":""},"class_list":["post-1192","page","type-page","status-publish","hentry"],"yoast_head":"<!-- This site is optimized with the Yoast SEO plugin v27.1.1 - https:\/\/yoast.com\/product\/yoast-seo-wordpress\/ -->\n<title>Kleiner Seminarraum - Akademie f\u00fcr Tiertherapie - Veranstaltungen<\/title>\n<meta name=\"robots\" content=\"index, follow, max-snippet:-1, max-image-preview:large, max-video-preview:-1\" \/>\n<link rel=\"canonical\" href=\"https:\/\/akademie-tiertherapie.de\/veranstaltungen\/ueber-die-akademie\/ausbildungsorte\/kleiner-seminarraum\/\" \/>\n<meta property=\"og:locale\" content=\"de_DE\" \/>\n<meta property=\"og:type\" content=\"article\" \/>\n<meta property=\"og:title\" content=\"Kleiner Seminarraum - Akademie f\u00fcr Tiertherapie - Veranstaltungen\" \/>\n<meta property=\"og:description\" content=\"\u00dcberblick hauseigener Seminarraum mit LED-Bildschirm f\u00fcr den theoretischen Unterricht angrenzende K\u00fcche mit K\u00fchlschrank nahegelegene B\u00e4ckereien, Imbiss oder diverse Restaurants die angrenzenden Wiesen und die Feldrandlage laden zu Spazierg\u00e4ngen ein falls Sie Unterbringung in Babenhausen w\u00fcnschen, lassen wir Ihnen gerne Kontaktdaten zu kommen. Die R\u00e4umlichkeiten Unser hauseigener Seminarraum ist f\u00fcr kleine Gruppen vorgesehen. Der Raum f\u00fcr [&hellip;]\" \/>\n<meta property=\"og:url\" content=\"https:\/\/akademie-tiertherapie.de\/veranstaltungen\/ueber-die-akademie\/ausbildungsorte\/kleiner-seminarraum\/\" \/>\n<meta property=\"og:site_name\" content=\"Akademie f\u00fcr Tiertherapie - Veranstaltungen\" \/>\n<meta property=\"article:publisher\" content=\"https:\/\/www.facebook.com\/AkademieTier\" \/>\n<meta property=\"article:modified_time\" content=\"2021-10-09T16:32:21+00:00\" \/>\n<meta property=\"og:image\" content=\"https:\/\/akademie-tiertherapie.de\/veranstaltungen\/wp-content\/uploads\/2021\/10\/KlSeminarraum1.jpg\" \/>\n<meta name=\"twitter:card\" content=\"summary_large_image\" \/>\n<meta name=\"twitter:label1\" content=\"Gesch\u00e4tzte Lesezeit\" \/>\n\t<meta name=\"twitter:data1\" content=\"1\u00a0Minute\" \/>\n<script type=\"application\/ld+json\" class=\"yoast-schema-graph\">{\"@context\":\"https:\/\/schema.org\",\"@graph\":[{\"@type\":\"WebPage\",\"@id\":\"https:\/\/akademie-tiertherapie.de\/veranstaltungen\/ueber-die-akademie\/ausbildungsorte\/kleiner-seminarraum\/\",\"url\":\"https:\/\/akademie-tiertherapie.de\/veranstaltungen\/ueber-die-akademie\/ausbildungsorte\/kleiner-seminarraum\/\",\"name\":\"Kleiner Seminarraum - Akademie f\u00fcr Tiertherapie - Veranstaltungen\",\"isPartOf\":{\"@id\":\"https:\/\/akademie-tiertherapie.de\/veranstaltungen\/#website\"},\"primaryImageOfPage\":{\"@id\":\"https:\/\/akademie-tiertherapie.de\/veranstaltungen\/ueber-die-akademie\/ausbildungsorte\/kleiner-seminarraum\/#primaryimage\"},\"image\":{\"@id\":\"https:\/\/akademie-tiertherapie.de\/veranstaltungen\/ueber-die-akademie\/ausbildungsorte\/kleiner-seminarraum\/#primaryimage\"},\"thumbnailUrl\":\"https:\/\/akademie-tiertherapie.de\/veranstaltungen\/wp-content\/uploads\/2021\/10\/KlSeminarraum1.jpg\",\"datePublished\":\"2021-08-08T08:18:09+00:00\",\"dateModified\":\"2021-10-09T16:32:21+00:00\",\"breadcrumb\":{\"@id\":\"https:\/\/akademie-tiertherapie.de\/veranstaltungen\/ueber-die-akademie\/ausbildungsorte\/kleiner-seminarraum\/#breadcrumb\"},\"inLanguage\":\"de\",\"potentialAction\":[{\"@type\":\"ReadAction\",\"target\":[\"https:\/\/akademie-tiertherapie.de\/veranstaltungen\/ueber-die-akademie\/ausbildungsorte\/kleiner-seminarraum\/\"]}]},{\"@type\":\"ImageObject\",\"inLanguage\":\"de\",\"@id\":\"https:\/\/akademie-tiertherapie.de\/veranstaltungen\/ueber-die-akademie\/ausbildungsorte\/kleiner-seminarraum\/#primaryimage\",\"url\":\"https:\/\/akademie-tiertherapie.de\/veranstaltungen\/wp-content\/uploads\/2021\/10\/KlSeminarraum1.jpg\",\"contentUrl\":\"https:\/\/akademie-tiertherapie.de\/veranstaltungen\/wp-content\/uploads\/2021\/10\/KlSeminarraum1.jpg\",\"width\":400,\"height\":300},{\"@type\":\"BreadcrumbList\",\"@id\":\"https:\/\/akademie-tiertherapie.de\/veranstaltungen\/ueber-die-akademie\/ausbildungsorte\/kleiner-seminarraum\/#breadcrumb\",\"itemListElement\":[{\"@type\":\"ListItem\",\"position\":1,\"name\":\"Startseite\",\"item\":\"https:\/\/akademie-tiertherapie.de\/veranstaltungen\/\"},{\"@type\":\"ListItem\",\"position\":2,\"name\":\"\u00dcber die Akademie\",\"item\":\"https:\/\/akademie-tiertherapie.de\/veranstaltungen\/ueber-die-akademie\/\"},{\"@type\":\"ListItem\",\"position\":3,\"name\":\"Ausbildungsorte\",\"item\":\"https:\/\/akademie-tiertherapie.de\/veranstaltungen\/ueber-die-akademie\/ausbildungsorte\/\"},{\"@type\":\"ListItem\",\"position\":4,\"name\":\"Kleiner Seminarraum\"}]},{\"@type\":\"WebSite\",\"@id\":\"https:\/\/akademie-tiertherapie.de\/veranstaltungen\/#website\",\"url\":\"https:\/\/akademie-tiertherapie.de\/veranstaltungen\/\",\"name\":\"Akademie f\u00fcr Tiertherapie - Veranstaltungen\",\"description\":\"Akademie f\u00fcr Tiertherapeutische Berufe GmbH\",\"publisher\":{\"@id\":\"https:\/\/akademie-tiertherapie.de\/veranstaltungen\/#organization\"},\"potentialAction\":[{\"@type\":\"SearchAction\",\"target\":{\"@type\":\"EntryPoint\",\"urlTemplate\":\"https:\/\/akademie-tiertherapie.de\/veranstaltungen\/?s={search_term_string}\"},\"query-input\":{\"@type\":\"PropertyValueSpecification\",\"valueRequired\":true,\"valueName\":\"search_term_string\"}}],\"inLanguage\":\"de\"},{\"@type\":\"Organization\",\"@id\":\"https:\/\/akademie-tiertherapie.de\/veranstaltungen\/#organization\",\"name\":\"Akademie Tiertherapie\",\"url\":\"https:\/\/akademie-tiertherapie.de\/veranstaltungen\/\",\"logo\":{\"@type\":\"ImageObject\",\"inLanguage\":\"de\",\"@id\":\"https:\/\/akademie-tiertherapie.de\/veranstaltungen\/#\/schema\/logo\/image\/\",\"url\":\"https:\/\/akademie-tiertherapie.de\/veranstaltungen\/wp-content\/uploads\/2022\/03\/ALogoBrown726KB.png\",\"contentUrl\":\"https:\/\/akademie-tiertherapie.de\/veranstaltungen\/wp-content\/uploads\/2022\/03\/ALogoBrown726KB.png\",\"width\":2233,\"height\":2173,\"caption\":\"Akademie Tiertherapie\"},\"image\":{\"@id\":\"https:\/\/akademie-tiertherapie.de\/veranstaltungen\/#\/schema\/logo\/image\/\"},\"sameAs\":[\"https:\/\/www.facebook.com\/AkademieTier\",\"https:\/\/www.instagram.com\/akademietier\/\"]}]}<\/script>\n<!-- \/ Yoast SEO plugin. -->","yoast_head_json":{"title":"Kleiner Seminarraum - Akademie f\u00fcr Tiertherapie - Veranstaltungen","robots":{"index":"index","follow":"follow","max-snippet":"max-snippet:-1","max-image-preview":"max-image-preview:large","max-video-preview":"max-video-preview:-1"},"canonical":"https:\/\/akademie-tiertherapie.de\/veranstaltungen\/ueber-die-akademie\/ausbildungsorte\/kleiner-seminarraum\/","og_locale":"de_DE","og_type":"article","og_title":"Kleiner Seminarraum - Akademie f\u00fcr Tiertherapie - Veranstaltungen","og_description":"\u00dcberblick hauseigener Seminarraum mit LED-Bildschirm f\u00fcr den theoretischen Unterricht angrenzende K\u00fcche mit K\u00fchlschrank nahegelegene B\u00e4ckereien, Imbiss oder diverse Restaurants die angrenzenden Wiesen und die Feldrandlage laden zu Spazierg\u00e4ngen ein falls Sie Unterbringung in Babenhausen w\u00fcnschen, lassen wir Ihnen gerne Kontaktdaten zu kommen. Die R\u00e4umlichkeiten Unser hauseigener Seminarraum ist f\u00fcr kleine Gruppen vorgesehen. Der Raum f\u00fcr [&hellip;]","og_url":"https:\/\/akademie-tiertherapie.de\/veranstaltungen\/ueber-die-akademie\/ausbildungsorte\/kleiner-seminarraum\/","og_site_name":"Akademie f\u00fcr Tiertherapie - Veranstaltungen","article_publisher":"https:\/\/www.facebook.com\/AkademieTier","article_modified_time":"2021-10-09T16:32:21+00:00","og_image":[{"url":"https:\/\/akademie-tiertherapie.de\/veranstaltungen\/wp-content\/uploads\/2021\/10\/KlSeminarraum1.jpg","type":"","width":"","height":""}],"twitter_card":"summary_large_image","twitter_misc":{"Gesch\u00e4tzte Lesezeit":"1\u00a0Minute"},"schema":{"@context":"https:\/\/schema.org","@graph":[{"@type":"WebPage","@id":"https:\/\/akademie-tiertherapie.de\/veranstaltungen\/ueber-die-akademie\/ausbildungsorte\/kleiner-seminarraum\/","url":"https:\/\/akademie-tiertherapie.de\/veranstaltungen\/ueber-die-akademie\/ausbildungsorte\/kleiner-seminarraum\/","name":"Kleiner Seminarraum - Akademie f\u00fcr Tiertherapie - Veranstaltungen","isPartOf":{"@id":"https:\/\/akademie-tiertherapie.de\/veranstaltungen\/#website"},"primaryImageOfPage":{"@id":"https:\/\/akademie-tiertherapie.de\/veranstaltungen\/ueber-die-akademie\/ausbildungsorte\/kleiner-seminarraum\/#primaryimage"},"image":{"@id":"https:\/\/akademie-tiertherapie.de\/veranstaltungen\/ueber-die-akademie\/ausbildungsorte\/kleiner-seminarraum\/#primaryimage"},"thumbnailUrl":"https:\/\/akademie-tiertherapie.de\/veranstaltungen\/wp-content\/uploads\/2021\/10\/KlSeminarraum1.jpg","datePublished":"2021-08-08T08:18:09+00:00","dateModified":"2021-10-09T16:32:21+00:00","breadcrumb":{"@id":"https:\/\/akademie-tiertherapie.de\/veranstaltungen\/ueber-die-akademie\/ausbildungsorte\/kleiner-seminarraum\/#breadcrumb"},"inLanguage":"de","potentialAction":[{"@type":"ReadAction","target":["https:\/\/akademie-tiertherapie.de\/veranstaltungen\/ueber-die-akademie\/ausbildungsorte\/kleiner-seminarraum\/"]}]},{"@type":"ImageObject","inLanguage":"de","@id":"https:\/\/akademie-tiertherapie.de\/veranstaltungen\/ueber-die-akademie\/ausbildungsorte\/kleiner-seminarraum\/#primaryimage","url":"https:\/\/akademie-tiertherapie.de\/veranstaltungen\/wp-content\/uploads\/2021\/10\/KlSeminarraum1.jpg","contentUrl":"https:\/\/akademie-tiertherapie.de\/veranstaltungen\/wp-content\/uploads\/2021\/10\/KlSeminarraum1.jpg","width":400,"height":300},{"@type":"BreadcrumbList","@id":"https:\/\/akademie-tiertherapie.de\/veranstaltungen\/ueber-die-akademie\/ausbildungsorte\/kleiner-seminarraum\/#breadcrumb","itemListElement":[{"@type":"ListItem","position":1,"name":"Startseite","item":"https:\/\/akademie-tiertherapie.de\/veranstaltungen\/"},{"@type":"ListItem","position":2,"name":"\u00dcber die Akademie","item":"https:\/\/akademie-tiertherapie.de\/veranstaltungen\/ueber-die-akademie\/"},{"@type":"ListItem","position":3,"name":"Ausbildungsorte","item":"https:\/\/akademie-tiertherapie.de\/veranstaltungen\/ueber-die-akademie\/ausbildungsorte\/"},{"@type":"ListItem","position":4,"name":"Kleiner Seminarraum"}]},{"@type":"WebSite","@id":"https:\/\/akademie-tiertherapie.de\/veranstaltungen\/#website","url":"https:\/\/akademie-tiertherapie.de\/veranstaltungen\/","name":"Akademie f\u00fcr Tiertherapie - Veranstaltungen","description":"Akademie f\u00fcr Tiertherapeutische Berufe GmbH","publisher":{"@id":"https:\/\/akademie-tiertherapie.de\/veranstaltungen\/#organization"},"potentialAction":[{"@type":"SearchAction","target":{"@type":"EntryPoint","urlTemplate":"https:\/\/akademie-tiertherapie.de\/veranstaltungen\/?s={search_term_string}"},"query-input":{"@type":"PropertyValueSpecification","valueRequired":true,"valueName":"search_term_string"}}],"inLanguage":"de"},{"@type":"Organization","@id":"https:\/\/akademie-tiertherapie.de\/veranstaltungen\/#organization","name":"Akademie Tiertherapie","url":"https:\/\/akademie-tiertherapie.de\/veranstaltungen\/","logo":{"@type":"ImageObject","inLanguage":"de","@id":"https:\/\/akademie-tiertherapie.de\/veranstaltungen\/#\/schema\/logo\/image\/","url":"https:\/\/akademie-tiertherapie.de\/veranstaltungen\/wp-content\/uploads\/2022\/03\/ALogoBrown726KB.png","contentUrl":"https:\/\/akademie-tiertherapie.de\/veranstaltungen\/wp-content\/uploads\/2022\/03\/ALogoBrown726KB.png","width":2233,"height":2173,"caption":"Akademie Tiertherapie"},"image":{"@id":"https:\/\/akademie-tiertherapie.de\/veranstaltungen\/#\/schema\/logo\/image\/"},"sameAs":["https:\/\/www.facebook.com\/AkademieTier","https:\/\/www.instagram.com\/akademietier\/"]}]}},"_links":{"self":[{"href":"https:\/\/akademie-tiertherapie.de\/veranstaltungen\/wp-json\/wp\/v2\/pages\/1192","targetHints":{"allow":["GET"]}}],"collection":[{"href":"https:\/\/akademie-tiertherapie.de\/veranstaltungen\/wp-json\/wp\/v2\/pages"}],"about":[{"href":"https:\/\/akademie-tiertherapie.de\/veranstaltungen\/wp-json\/wp\/v2\/types\/page"}],"author":[{"embeddable":true,"href":"https:\/\/akademie-tiertherapie.de\/veranstaltungen\/wp-json\/wp\/v2\/users\/1"}],"replies":[{"embeddable":true,"href":"https:\/\/akademie-tiertherapie.de\/veranstaltungen\/wp-json\/wp\/v2\/comments?post=1192"}],"version-history":[{"count":16,"href":"https:\/\/akademie-tiertherapie.de\/veranstaltungen\/wp-json\/wp\/v2\/pages\/1192\/revisions"}],"predecessor-version":[{"id":2003,"href":"https:\/\/akademie-tiertherapie.de\/veranstaltungen\/wp-json\/wp\/v2\/pages\/1192\/revisions\/2003"}],"up":[{"embeddable":true,"href":"https:\/\/akademie-tiertherapie.de\/veranstaltungen\/wp-json\/wp\/v2\/pages\/1157"}],"wp:attachment":[{"href":"https:\/\/akademie-tiertherapie.de\/veranstaltungen\/wp-json\/wp\/v2\/media?parent=1192"}],"curies":[{"name":"wp","href":"https:\/\/api.w.org\/{rel}","templated":true}]}}