{"id":1200,"date":"2021-08-08T10:23:59","date_gmt":"2021-08-08T08:23:59","guid":{"rendered":"https:\/\/www.akademie-tiertherapie.de\/veranstaltungen\/?page_id=1200"},"modified":"2021-08-08T10:26:27","modified_gmt":"2021-08-08T08:26:27","slug":"wintermuehle-friedrichdorf","status":"publish","type":"page","link":"https:\/\/akademie-tiertherapie.de\/veranstaltungen\/ueber-die-akademie\/ausbildungsorte\/wintermuehle-friedrichdorf\/","title":{"rendered":"Winterm\u00fchle Friedrichdorf"},"content":{"rendered":"\t\t<div data-elementor-type=\"wp-page\" data-elementor-id=\"1200\" class=\"elementor elementor-1200\" data-elementor-post-type=\"page\">\n\t\t\t\t\t\t<section class=\"elementor-section elementor-top-section elementor-element elementor-element-cb823d0 elementor-section-boxed elementor-section-height-default elementor-section-height-default\" data-id=\"cb823d0\" data-element_type=\"section\" data-e-type=\"section\">\n\t\t\t\t\t\t<div class=\"elementor-container elementor-column-gap-default\">\n\t\t\t\t\t<div class=\"elementor-column elementor-col-50 elementor-top-column elementor-element elementor-element-979d9ee\" data-id=\"979d9ee\" data-element_type=\"column\" data-e-type=\"column\">\n\t\t\t<div class=\"elementor-widget-wrap elementor-element-populated\">\n\t\t\t\t\t\t<div class=\"elementor-element elementor-element-bba8f06 elementor-widget elementor-widget-image\" data-id=\"bba8f06\" data-element_type=\"widget\" data-e-type=\"widget\" data-widget_type=\"image.default\">\n\t\t\t\t<div class=\"elementor-widget-container\">\n\t\t\t\t\t\t\t\t\t\t\t\t\t\t\t<img fetchpriority=\"high\" decoding=\"async\" width=\"280\" height=\"210\" src=\"https:\/\/akademie-tiertherapie.de\/veranstaltungen\/wp-content\/uploads\/2021\/08\/friedrichsdorf280x210.jpg\" class=\"attachment-large size-large wp-image-1162\" alt=\"\" \/>\t\t\t\t\t\t\t\t\t\t\t\t\t\t\t<\/div>\n\t\t\t\t<\/div>\n\t\t\t\t\t<\/div>\n\t\t<\/div>\n\t\t\t\t<div class=\"elementor-column elementor-col-50 elementor-top-column elementor-element elementor-element-a138f9f\" data-id=\"a138f9f\" data-element_type=\"column\" data-e-type=\"column\">\n\t\t\t<div class=\"elementor-widget-wrap elementor-element-populated\">\n\t\t\t\t\t\t<div class=\"elementor-element elementor-element-d9e8ae9 elementor-widget elementor-widget-text-editor\" data-id=\"d9e8ae9\" data-element_type=\"widget\" data-e-type=\"widget\" data-widget_type=\"text-editor.default\">\n\t\t\t\t<div class=\"elementor-widget-container\">\n\t\t\t\t\t\t\t\t\t<p>Pferdesport Winterm\u00fchle GmbH<br \/>Stahlnhainer M\u00fchlen 10<br \/>61267 Neu-Anspach<\/p><p><strong>\u00dcberblick<\/strong><\/p><ul><li class=\"firstItem\">Seminarraum f\u00fcr die theoretischen Unterrichtseinheiten.<\/li><li>Die Verpflegung im Restaurant \u201eZur Winterm\u00fchle\u201c +49 (0)6081\/445962 m\u00f6glich (auch Privatversorgung m\u00f6glich).<\/li><li class=\"lastItem\">falls Sie eine Unterbringung w\u00fcnschen, lassen wir Ihnen gerne Kontaktdaten zu kommen.<\/li><\/ul>\t\t\t\t\t\t\t\t<\/div>\n\t\t\t\t<\/div>\n\t\t\t\t\t<\/div>\n\t\t<\/div>\n\t\t\t\t\t<\/div>\n\t\t<\/section>\n\t\t\t\t<section class=\"elementor-section elementor-top-section elementor-element elementor-element-6ee7da20 elementor-section-boxed elementor-section-height-default elementor-section-height-default\" data-id=\"6ee7da20\" data-element_type=\"section\" data-e-type=\"section\">\n\t\t\t\t\t\t<div class=\"elementor-container elementor-column-gap-default\">\n\t\t\t\t\t<div class=\"elementor-column elementor-col-100 elementor-top-column elementor-element elementor-element-60087db\" data-id=\"60087db\" data-element_type=\"column\" data-e-type=\"column\">\n\t\t\t<div class=\"elementor-widget-wrap elementor-element-populated\">\n\t\t\t\t\t\t<div class=\"elementor-element elementor-element-9c3f2e7 elementor-widget elementor-widget-text-editor\" data-id=\"9c3f2e7\" data-element_type=\"widget\" data-e-type=\"widget\" data-widget_type=\"text-editor.default\">\n\t\t\t\t<div class=\"elementor-widget-container\">\n\t\t\t\t\t\t\t\t\t<p>Die Anlage mit Ihren Seminarr\u00e4umen liegt idyllisch im sch\u00f6nen Taunus und trotzdem besticht sie durch ihre gute Erreichbarkeit und die N\u00e4he zu den gr\u00f6\u00dferen St\u00e4dten der Region.<\/p><p><strong>Die R\u00e4umlichkeiten<\/strong><\/p><p>Die R\u00e4umlichkeiten bieten allen gew\u00fcnschten Komfort und sind bestens ausgestattet. Sie befinden sich zentral auf dem Hofgel\u00e4nde. Es gibt jedoch nicht nur einen gro\u00dfen, gem\u00fctlichen Seminarraum f\u00fcr die theoretischen Unterrichtseinheiten, sondern auch ausreichend Platz f\u00fcr die so wichtige Praxis. Die Reitanlage selbst und das umliegende weitl\u00e4ufige Gel\u00e4nde mit Wald und Wiesen bieten alle M\u00f6glichkeiten f\u00fcr praktische \u00dcbungen.<\/p><p>Des Weiteren findet man ausreichende Parkm\u00f6glichkeiten, gute Gastronomie und auch umliegende \u00dcbernachtungsm\u00f6glichkeiten in allen Kategorien.<\/p><p>F\u00fcr eine \u00a0angenehme Lern-Atmosph\u00e4re ist also gesorgt.<\/p><p><strong>Das Restaurant<\/strong><\/p><p>Landhaus-Idyllemit Blick in die Reithalle.<br \/>T\u00e4glich wird ein leckeres Tagesgericht sowie eine kleine Auswahl an Speisen geboten. Dabei orientiert sich die K\u00fcche an deutschen Klassikern, welche mit frischen internationalen Akzenten versehen werden.<br \/>Das Restaurant zur Winterm\u00fchle freut sich auf ihren Besuch.<\/p>\t\t\t\t\t\t\t\t<\/div>\n\t\t\t\t<\/div>\n\t\t\t\t\t<\/div>\n\t\t<\/div>\n\t\t\t\t\t<\/div>\n\t\t<\/section>\n\t\t\t\t<\/div>\n\t\t","protected":false},"excerpt":{"rendered":"<p>Pferdesport Winterm\u00fchle GmbHStahlnhainer M\u00fchlen 1061267 Neu-Anspach \u00dcberblick Seminarraum f\u00fcr die theoretischen Unterrichtseinheiten. Die Verpflegung im Restaurant \u201eZur Winterm\u00fchle\u201c +49 (0)6081\/445962 m\u00f6glich (auch Privatversorgung m\u00f6glich). falls Sie eine Unterbringung w\u00fcnschen, lassen wir Ihnen gerne Kontaktdaten zu kommen. Die Anlage mit Ihren Seminarr\u00e4umen liegt idyllisch im sch\u00f6nen Taunus und trotzdem besticht sie durch ihre gute Erreichbarkeit und [&hellip;]<\/p>\n","protected":false},"author":1,"featured_media":0,"parent":1157,"menu_order":0,"comment_status":"closed","ping_status":"closed","template":"","meta":{"footnotes":""},"class_list":["post-1200","page","type-page","status-publish","hentry"],"yoast_head":"<!-- This site is optimized with the Yoast SEO plugin v27.1.1 - https:\/\/yoast.com\/product\/yoast-seo-wordpress\/ -->\n<title>Winterm\u00fchle Friedrichdorf - Akademie f\u00fcr Tiertherapie - Veranstaltungen<\/title>\n<meta name=\"robots\" content=\"index, follow, max-snippet:-1, max-image-preview:large, max-video-preview:-1\" \/>\n<link rel=\"canonical\" href=\"https:\/\/akademie-tiertherapie.de\/veranstaltungen\/ueber-die-akademie\/ausbildungsorte\/wintermuehle-friedrichdorf\/\" \/>\n<meta property=\"og:locale\" content=\"de_DE\" \/>\n<meta property=\"og:type\" content=\"article\" \/>\n<meta property=\"og:title\" content=\"Winterm\u00fchle Friedrichdorf - Akademie f\u00fcr Tiertherapie - Veranstaltungen\" \/>\n<meta property=\"og:description\" content=\"Pferdesport Winterm\u00fchle GmbHStahlnhainer M\u00fchlen 1061267 Neu-Anspach \u00dcberblick Seminarraum f\u00fcr die theoretischen Unterrichtseinheiten. Die Verpflegung im Restaurant \u201eZur Winterm\u00fchle\u201c +49 (0)6081\/445962 m\u00f6glich (auch Privatversorgung m\u00f6glich). falls Sie eine Unterbringung w\u00fcnschen, lassen wir Ihnen gerne Kontaktdaten zu kommen. Die Anlage mit Ihren Seminarr\u00e4umen liegt idyllisch im sch\u00f6nen Taunus und trotzdem besticht sie durch ihre gute Erreichbarkeit und [&hellip;]\" \/>\n<meta property=\"og:url\" content=\"https:\/\/akademie-tiertherapie.de\/veranstaltungen\/ueber-die-akademie\/ausbildungsorte\/wintermuehle-friedrichdorf\/\" \/>\n<meta property=\"og:site_name\" content=\"Akademie f\u00fcr Tiertherapie - Veranstaltungen\" \/>\n<meta property=\"article:publisher\" content=\"https:\/\/www.facebook.com\/AkademieTier\" \/>\n<meta property=\"article:modified_time\" content=\"2021-08-08T08:26:27+00:00\" \/>\n<meta property=\"og:image\" content=\"https:\/\/akademie-tiertherapie.de\/veranstaltungen\/wp-content\/uploads\/2021\/08\/friedrichsdorf280x210.jpg\" \/>\n<meta name=\"twitter:card\" content=\"summary_large_image\" \/>\n<meta name=\"twitter:label1\" content=\"Gesch\u00e4tzte Lesezeit\" \/>\n\t<meta name=\"twitter:data1\" content=\"1\u00a0Minute\" \/>\n<script type=\"application\/ld+json\" class=\"yoast-schema-graph\">{\"@context\":\"https:\/\/schema.org\",\"@graph\":[{\"@type\":\"WebPage\",\"@id\":\"https:\/\/akademie-tiertherapie.de\/veranstaltungen\/ueber-die-akademie\/ausbildungsorte\/wintermuehle-friedrichdorf\/\",\"url\":\"https:\/\/akademie-tiertherapie.de\/veranstaltungen\/ueber-die-akademie\/ausbildungsorte\/wintermuehle-friedrichdorf\/\",\"name\":\"Winterm\u00fchle Friedrichdorf - Akademie f\u00fcr Tiertherapie - Veranstaltungen\",\"isPartOf\":{\"@id\":\"https:\/\/akademie-tiertherapie.de\/veranstaltungen\/#website\"},\"primaryImageOfPage\":{\"@id\":\"https:\/\/akademie-tiertherapie.de\/veranstaltungen\/ueber-die-akademie\/ausbildungsorte\/wintermuehle-friedrichdorf\/#primaryimage\"},\"image\":{\"@id\":\"https:\/\/akademie-tiertherapie.de\/veranstaltungen\/ueber-die-akademie\/ausbildungsorte\/wintermuehle-friedrichdorf\/#primaryimage\"},\"thumbnailUrl\":\"https:\/\/akademie-tiertherapie.de\/veranstaltungen\/wp-content\/uploads\/2021\/08\/friedrichsdorf280x210.jpg\",\"datePublished\":\"2021-08-08T08:23:59+00:00\",\"dateModified\":\"2021-08-08T08:26:27+00:00\",\"breadcrumb\":{\"@id\":\"https:\/\/akademie-tiertherapie.de\/veranstaltungen\/ueber-die-akademie\/ausbildungsorte\/wintermuehle-friedrichdorf\/#breadcrumb\"},\"inLanguage\":\"de\",\"potentialAction\":[{\"@type\":\"ReadAction\",\"target\":[\"https:\/\/akademie-tiertherapie.de\/veranstaltungen\/ueber-die-akademie\/ausbildungsorte\/wintermuehle-friedrichdorf\/\"]}]},{\"@type\":\"ImageObject\",\"inLanguage\":\"de\",\"@id\":\"https:\/\/akademie-tiertherapie.de\/veranstaltungen\/ueber-die-akademie\/ausbildungsorte\/wintermuehle-friedrichdorf\/#primaryimage\",\"url\":\"https:\/\/akademie-tiertherapie.de\/veranstaltungen\/wp-content\/uploads\/2021\/08\/friedrichsdorf280x210.jpg\",\"contentUrl\":\"https:\/\/akademie-tiertherapie.de\/veranstaltungen\/wp-content\/uploads\/2021\/08\/friedrichsdorf280x210.jpg\",\"width\":280,\"height\":210},{\"@type\":\"BreadcrumbList\",\"@id\":\"https:\/\/akademie-tiertherapie.de\/veranstaltungen\/ueber-die-akademie\/ausbildungsorte\/wintermuehle-friedrichdorf\/#breadcrumb\",\"itemListElement\":[{\"@type\":\"ListItem\",\"position\":1,\"name\":\"Startseite\",\"item\":\"https:\/\/akademie-tiertherapie.de\/veranstaltungen\/\"},{\"@type\":\"ListItem\",\"position\":2,\"name\":\"\u00dcber die Akademie\",\"item\":\"https:\/\/akademie-tiertherapie.de\/veranstaltungen\/ueber-die-akademie\/\"},{\"@type\":\"ListItem\",\"position\":3,\"name\":\"Ausbildungsorte\",\"item\":\"https:\/\/akademie-tiertherapie.de\/veranstaltungen\/ueber-die-akademie\/ausbildungsorte\/\"},{\"@type\":\"ListItem\",\"position\":4,\"name\":\"Winterm\u00fchle Friedrichdorf\"}]},{\"@type\":\"WebSite\",\"@id\":\"https:\/\/akademie-tiertherapie.de\/veranstaltungen\/#website\",\"url\":\"https:\/\/akademie-tiertherapie.de\/veranstaltungen\/\",\"name\":\"Akademie f\u00fcr Tiertherapie - Veranstaltungen\",\"description\":\"Akademie f\u00fcr Tiertherapeutische Berufe GmbH\",\"publisher\":{\"@id\":\"https:\/\/akademie-tiertherapie.de\/veranstaltungen\/#organization\"},\"potentialAction\":[{\"@type\":\"SearchAction\",\"target\":{\"@type\":\"EntryPoint\",\"urlTemplate\":\"https:\/\/akademie-tiertherapie.de\/veranstaltungen\/?s={search_term_string}\"},\"query-input\":{\"@type\":\"PropertyValueSpecification\",\"valueRequired\":true,\"valueName\":\"search_term_string\"}}],\"inLanguage\":\"de\"},{\"@type\":\"Organization\",\"@id\":\"https:\/\/akademie-tiertherapie.de\/veranstaltungen\/#organization\",\"name\":\"Akademie Tiertherapie\",\"url\":\"https:\/\/akademie-tiertherapie.de\/veranstaltungen\/\",\"logo\":{\"@type\":\"ImageObject\",\"inLanguage\":\"de\",\"@id\":\"https:\/\/akademie-tiertherapie.de\/veranstaltungen\/#\/schema\/logo\/image\/\",\"url\":\"https:\/\/akademie-tiertherapie.de\/veranstaltungen\/wp-content\/uploads\/2022\/03\/ALogoBrown726KB.png\",\"contentUrl\":\"https:\/\/akademie-tiertherapie.de\/veranstaltungen\/wp-content\/uploads\/2022\/03\/ALogoBrown726KB.png\",\"width\":2233,\"height\":2173,\"caption\":\"Akademie Tiertherapie\"},\"image\":{\"@id\":\"https:\/\/akademie-tiertherapie.de\/veranstaltungen\/#\/schema\/logo\/image\/\"},\"sameAs\":[\"https:\/\/www.facebook.com\/AkademieTier\",\"https:\/\/www.instagram.com\/akademietier\/\"]}]}<\/script>\n<!-- \/ Yoast SEO plugin. -->","yoast_head_json":{"title":"Winterm\u00fchle Friedrichdorf - Akademie f\u00fcr Tiertherapie - Veranstaltungen","robots":{"index":"index","follow":"follow","max-snippet":"max-snippet:-1","max-image-preview":"max-image-preview:large","max-video-preview":"max-video-preview:-1"},"canonical":"https:\/\/akademie-tiertherapie.de\/veranstaltungen\/ueber-die-akademie\/ausbildungsorte\/wintermuehle-friedrichdorf\/","og_locale":"de_DE","og_type":"article","og_title":"Winterm\u00fchle Friedrichdorf - Akademie f\u00fcr Tiertherapie - Veranstaltungen","og_description":"Pferdesport Winterm\u00fchle GmbHStahlnhainer M\u00fchlen 1061267 Neu-Anspach \u00dcberblick Seminarraum f\u00fcr die theoretischen Unterrichtseinheiten. Die Verpflegung im Restaurant \u201eZur Winterm\u00fchle\u201c +49 (0)6081\/445962 m\u00f6glich (auch Privatversorgung m\u00f6glich). falls Sie eine Unterbringung w\u00fcnschen, lassen wir Ihnen gerne Kontaktdaten zu kommen. Die Anlage mit Ihren Seminarr\u00e4umen liegt idyllisch im sch\u00f6nen Taunus und trotzdem besticht sie durch ihre gute Erreichbarkeit und [&hellip;]","og_url":"https:\/\/akademie-tiertherapie.de\/veranstaltungen\/ueber-die-akademie\/ausbildungsorte\/wintermuehle-friedrichdorf\/","og_site_name":"Akademie f\u00fcr Tiertherapie - Veranstaltungen","article_publisher":"https:\/\/www.facebook.com\/AkademieTier","article_modified_time":"2021-08-08T08:26:27+00:00","og_image":[{"url":"https:\/\/akademie-tiertherapie.de\/veranstaltungen\/wp-content\/uploads\/2021\/08\/friedrichsdorf280x210.jpg","type":"","width":"","height":""}],"twitter_card":"summary_large_image","twitter_misc":{"Gesch\u00e4tzte Lesezeit":"1\u00a0Minute"},"schema":{"@context":"https:\/\/schema.org","@graph":[{"@type":"WebPage","@id":"https:\/\/akademie-tiertherapie.de\/veranstaltungen\/ueber-die-akademie\/ausbildungsorte\/wintermuehle-friedrichdorf\/","url":"https:\/\/akademie-tiertherapie.de\/veranstaltungen\/ueber-die-akademie\/ausbildungsorte\/wintermuehle-friedrichdorf\/","name":"Winterm\u00fchle Friedrichdorf - Akademie f\u00fcr Tiertherapie - Veranstaltungen","isPartOf":{"@id":"https:\/\/akademie-tiertherapie.de\/veranstaltungen\/#website"},"primaryImageOfPage":{"@id":"https:\/\/akademie-tiertherapie.de\/veranstaltungen\/ueber-die-akademie\/ausbildungsorte\/wintermuehle-friedrichdorf\/#primaryimage"},"image":{"@id":"https:\/\/akademie-tiertherapie.de\/veranstaltungen\/ueber-die-akademie\/ausbildungsorte\/wintermuehle-friedrichdorf\/#primaryimage"},"thumbnailUrl":"https:\/\/akademie-tiertherapie.de\/veranstaltungen\/wp-content\/uploads\/2021\/08\/friedrichsdorf280x210.jpg","datePublished":"2021-08-08T08:23:59+00:00","dateModified":"2021-08-08T08:26:27+00:00","breadcrumb":{"@id":"https:\/\/akademie-tiertherapie.de\/veranstaltungen\/ueber-die-akademie\/ausbildungsorte\/wintermuehle-friedrichdorf\/#breadcrumb"},"inLanguage":"de","potentialAction":[{"@type":"ReadAction","target":["https:\/\/akademie-tiertherapie.de\/veranstaltungen\/ueber-die-akademie\/ausbildungsorte\/wintermuehle-friedrichdorf\/"]}]},{"@type":"ImageObject","inLanguage":"de","@id":"https:\/\/akademie-tiertherapie.de\/veranstaltungen\/ueber-die-akademie\/ausbildungsorte\/wintermuehle-friedrichdorf\/#primaryimage","url":"https:\/\/akademie-tiertherapie.de\/veranstaltungen\/wp-content\/uploads\/2021\/08\/friedrichsdorf280x210.jpg","contentUrl":"https:\/\/akademie-tiertherapie.de\/veranstaltungen\/wp-content\/uploads\/2021\/08\/friedrichsdorf280x210.jpg","width":280,"height":210},{"@type":"BreadcrumbList","@id":"https:\/\/akademie-tiertherapie.de\/veranstaltungen\/ueber-die-akademie\/ausbildungsorte\/wintermuehle-friedrichdorf\/#breadcrumb","itemListElement":[{"@type":"ListItem","position":1,"name":"Startseite","item":"https:\/\/akademie-tiertherapie.de\/veranstaltungen\/"},{"@type":"ListItem","position":2,"name":"\u00dcber die Akademie","item":"https:\/\/akademie-tiertherapie.de\/veranstaltungen\/ueber-die-akademie\/"},{"@type":"ListItem","position":3,"name":"Ausbildungsorte","item":"https:\/\/akademie-tiertherapie.de\/veranstaltungen\/ueber-die-akademie\/ausbildungsorte\/"},{"@type":"ListItem","position":4,"name":"Winterm\u00fchle Friedrichdorf"}]},{"@type":"WebSite","@id":"https:\/\/akademie-tiertherapie.de\/veranstaltungen\/#website","url":"https:\/\/akademie-tiertherapie.de\/veranstaltungen\/","name":"Akademie f\u00fcr Tiertherapie - Veranstaltungen","description":"Akademie f\u00fcr Tiertherapeutische Berufe GmbH","publisher":{"@id":"https:\/\/akademie-tiertherapie.de\/veranstaltungen\/#organization"},"potentialAction":[{"@type":"SearchAction","target":{"@type":"EntryPoint","urlTemplate":"https:\/\/akademie-tiertherapie.de\/veranstaltungen\/?s={search_term_string}"},"query-input":{"@type":"PropertyValueSpecification","valueRequired":true,"valueName":"search_term_string"}}],"inLanguage":"de"},{"@type":"Organization","@id":"https:\/\/akademie-tiertherapie.de\/veranstaltungen\/#organization","name":"Akademie Tiertherapie","url":"https:\/\/akademie-tiertherapie.de\/veranstaltungen\/","logo":{"@type":"ImageObject","inLanguage":"de","@id":"https:\/\/akademie-tiertherapie.de\/veranstaltungen\/#\/schema\/logo\/image\/","url":"https:\/\/akademie-tiertherapie.de\/veranstaltungen\/wp-content\/uploads\/2022\/03\/ALogoBrown726KB.png","contentUrl":"https:\/\/akademie-tiertherapie.de\/veranstaltungen\/wp-content\/uploads\/2022\/03\/ALogoBrown726KB.png","width":2233,"height":2173,"caption":"Akademie Tiertherapie"},"image":{"@id":"https:\/\/akademie-tiertherapie.de\/veranstaltungen\/#\/schema\/logo\/image\/"},"sameAs":["https:\/\/www.facebook.com\/AkademieTier","https:\/\/www.instagram.com\/akademietier\/"]}]}},"_links":{"self":[{"href":"https:\/\/akademie-tiertherapie.de\/veranstaltungen\/wp-json\/wp\/v2\/pages\/1200","targetHints":{"allow":["GET"]}}],"collection":[{"href":"https:\/\/akademie-tiertherapie.de\/veranstaltungen\/wp-json\/wp\/v2\/pages"}],"about":[{"href":"https:\/\/akademie-tiertherapie.de\/veranstaltungen\/wp-json\/wp\/v2\/types\/page"}],"author":[{"embeddable":true,"href":"https:\/\/akademie-tiertherapie.de\/veranstaltungen\/wp-json\/wp\/v2\/users\/1"}],"replies":[{"embeddable":true,"href":"https:\/\/akademie-tiertherapie.de\/veranstaltungen\/wp-json\/wp\/v2\/comments?post=1200"}],"version-history":[{"count":4,"href":"https:\/\/akademie-tiertherapie.de\/veranstaltungen\/wp-json\/wp\/v2\/pages\/1200\/revisions"}],"predecessor-version":[{"id":1204,"href":"https:\/\/akademie-tiertherapie.de\/veranstaltungen\/wp-json\/wp\/v2\/pages\/1200\/revisions\/1204"}],"up":[{"embeddable":true,"href":"https:\/\/akademie-tiertherapie.de\/veranstaltungen\/wp-json\/wp\/v2\/pages\/1157"}],"wp:attachment":[{"href":"https:\/\/akademie-tiertherapie.de\/veranstaltungen\/wp-json\/wp\/v2\/media?parent=1200"}],"curies":[{"name":"wp","href":"https:\/\/api.w.org\/{rel}","templated":true}]}}