{"id":1502,"date":"2021-08-11T12:43:28","date_gmt":"2021-08-11T10:43:28","guid":{"rendered":"https:\/\/www.akademie-tiertherapie.de\/veranstaltungen\/?page_id=1502"},"modified":"2025-05-07T12:02:20","modified_gmt":"2025-05-07T10:02:20","slug":"impressum","status":"publish","type":"page","link":"https:\/\/akademie-tiertherapie.de\/veranstaltungen\/impressum\/","title":{"rendered":"Impressum"},"content":{"rendered":"\t\t<div data-elementor-type=\"wp-page\" data-elementor-id=\"1502\" class=\"elementor elementor-1502\" data-elementor-post-type=\"page\">\n\t\t\t\t\t\t<section class=\"elementor-section elementor-top-section elementor-element elementor-element-81e5fc2 elementor-section-boxed elementor-section-height-default elementor-section-height-default\" data-id=\"81e5fc2\" data-element_type=\"section\" data-e-type=\"section\">\n\t\t\t\t\t\t<div class=\"elementor-container elementor-column-gap-default\">\n\t\t\t\t\t<div class=\"elementor-column elementor-col-100 elementor-top-column elementor-element elementor-element-2a53f54\" data-id=\"2a53f54\" data-element_type=\"column\" data-e-type=\"column\">\n\t\t\t<div class=\"elementor-widget-wrap elementor-element-populated\">\n\t\t\t\t\t\t<div class=\"elementor-element elementor-element-0c24494 elementor-widget elementor-widget-text-editor\" data-id=\"0c24494\" data-element_type=\"widget\" data-e-type=\"widget\" data-widget_type=\"text-editor.default\">\n\t\t\t\t<div class=\"elementor-widget-container\">\n\t\t\t\t\t\t\t\t\t<p><strong>Akademie f\u00fcr Tiertherapeutische Berufe GmbH<\/strong><\/p><p>Gesch\u00e4ftsf\u00fchrer<br \/>Nicole Dr\u00fcschler + Kerstin Mohrhardt<br \/>Ostheimer Allee 16a<br \/>64832 Babenhausen<br \/>Tel.: +49 6073\/7248205<br \/>E-Mail:\u00a0<span id=\"cloak9a7aa48e64c8b2e27a10f8c44589f005\"><a href=\"mailto:info@akademie-tiertherapie.de\">info@akademie-tiertherapie.de<\/a><\/span><\/p><p>Umsatzsteuer-Identifikationsnummer gem. \u00a7 27a UStG: DE366958770<\/p><p>Inhaltlich verantwortlich gem. \u00a7 55 II RStV: Akademie f\u00fcr Tiertherapeutische Berufe GmbH (Adresse s.o.)<\/p><p><strong>Haftungsausschluss<\/strong>:<br \/>Trotz sorgf\u00e4ltiger inhaltlicher Kontrollen \u00fcbernehmen wir keine Haftung f\u00fcr die Richtigkeit, Vollst\u00e4ndigkeit und Aktualit\u00e4t unserer Internetseiten sowie f\u00fcr die Inhalte externer Links. Von den Inhalten der verlinkten Seiten, auf deren Gestaltung wir keinen Einfluss haben, distanzieren wir uns ausdr\u00fccklich. Diese Erkl\u00e4rung gilt f\u00fcr alle auf den Internetseiten angebrachten Links und f\u00fcr alle Inhalte der Seiten, zu denen Links oder Banner f\u00fchren. Die Benutzung erfolgt ausdr\u00fccklich auf eigenes Risiko.<\/p><p><strong>Copyright<\/strong>:<br \/>Das Layout der Homepage, Texte, Bilder, Grafiken, Ton- und Videodokumente, Filme und andere multimediale Dateien auf den Internetseiten der Akademie f\u00fcr Tiertherapeutische Berufe GmbH sind urheberrechtlich gesch\u00fctzt. Die Vervielf\u00e4ltigung, Bearbeitung, Einspeicherung, Verarbeitung und Wiedergabe dieser Dateien und Inhalte in Datenbanken jeglicher elektronischer Medien und Systeme, die ganz oder teilweise Verwendung in kommerziellen Medien finden, bedarf der ausdr\u00fccklichen Zustimmung der Akademie f\u00fcr Tiertherapeutische Berufe GmbH.<br \/>Die Zustimmung ist schriftlich zu beantragen und wird in Schriftform erteilt. Das Setzen von Links ist nach vorheriger Zustimmung durch die Akademie f\u00fcr Tiertherapeutische Berufe GmbH m\u00f6glich.<\/p>\t\t\t\t\t\t\t\t<\/div>\n\t\t\t\t<\/div>\n\t\t\t\t\t<\/div>\n\t\t<\/div>\n\t\t\t\t\t<\/div>\n\t\t<\/section>\n\t\t\t\t<\/div>\n\t\t","protected":false},"excerpt":{"rendered":"<p>Akademie f\u00fcr Tiertherapeutische Berufe GmbH Gesch\u00e4ftsf\u00fchrerNicole Dr\u00fcschler + Kerstin MohrhardtOstheimer Allee 16a64832 BabenhausenTel.: +49 6073\/7248205E-Mail:\u00a0info@akademie-tiertherapie.de Umsatzsteuer-Identifikationsnummer gem. \u00a7 27a UStG: DE366958770 Inhaltlich verantwortlich gem. \u00a7 55 II RStV: Akademie f\u00fcr Tiertherapeutische Berufe GmbH (Adresse s.o.) Haftungsausschluss:Trotz sorgf\u00e4ltiger inhaltlicher Kontrollen \u00fcbernehmen wir keine Haftung f\u00fcr die Richtigkeit, Vollst\u00e4ndigkeit und Aktualit\u00e4t unserer Internetseiten sowie f\u00fcr die Inhalte [&hellip;]<\/p>\n","protected":false},"author":1,"featured_media":0,"parent":0,"menu_order":0,"comment_status":"closed","ping_status":"closed","template":"","meta":{"footnotes":""},"class_list":["post-1502","page","type-page","status-publish","hentry"],"yoast_head":"<!-- This site is optimized with the Yoast SEO plugin v27.1.1 - https:\/\/yoast.com\/product\/yoast-seo-wordpress\/ -->\n<title>Impressum - Akademie f\u00fcr Tiertherapie - Veranstaltungen<\/title>\n<meta name=\"robots\" content=\"index, follow, max-snippet:-1, max-image-preview:large, max-video-preview:-1\" \/>\n<link rel=\"canonical\" href=\"https:\/\/akademie-tiertherapie.de\/veranstaltungen\/impressum\/\" \/>\n<meta property=\"og:locale\" content=\"de_DE\" \/>\n<meta property=\"og:type\" content=\"article\" \/>\n<meta property=\"og:title\" content=\"Impressum - Akademie f\u00fcr Tiertherapie - Veranstaltungen\" \/>\n<meta property=\"og:description\" content=\"Akademie f\u00fcr Tiertherapeutische Berufe GmbH Gesch\u00e4ftsf\u00fchrerNicole Dr\u00fcschler + Kerstin MohrhardtOstheimer Allee 16a64832 BabenhausenTel.: +49 6073\/7248205E-Mail:\u00a0info@akademie-tiertherapie.de Umsatzsteuer-Identifikationsnummer gem. \u00a7 27a UStG: DE366958770 Inhaltlich verantwortlich gem. \u00a7 55 II RStV: Akademie f\u00fcr Tiertherapeutische Berufe GmbH (Adresse s.o.) Haftungsausschluss:Trotz sorgf\u00e4ltiger inhaltlicher Kontrollen \u00fcbernehmen wir keine Haftung f\u00fcr die Richtigkeit, Vollst\u00e4ndigkeit und Aktualit\u00e4t unserer Internetseiten sowie f\u00fcr die Inhalte [&hellip;]\" \/>\n<meta property=\"og:url\" content=\"https:\/\/akademie-tiertherapie.de\/veranstaltungen\/impressum\/\" \/>\n<meta property=\"og:site_name\" content=\"Akademie f\u00fcr Tiertherapie - Veranstaltungen\" \/>\n<meta property=\"article:publisher\" content=\"https:\/\/www.facebook.com\/AkademieTier\" \/>\n<meta property=\"article:modified_time\" content=\"2025-05-07T10:02:20+00:00\" \/>\n<meta name=\"twitter:card\" content=\"summary_large_image\" \/>\n<meta name=\"twitter:label1\" content=\"Gesch\u00e4tzte Lesezeit\" \/>\n\t<meta name=\"twitter:data1\" content=\"1\u00a0Minute\" \/>\n<script type=\"application\/ld+json\" class=\"yoast-schema-graph\">{\"@context\":\"https:\/\/schema.org\",\"@graph\":[{\"@type\":\"WebPage\",\"@id\":\"https:\/\/akademie-tiertherapie.de\/veranstaltungen\/impressum\/\",\"url\":\"https:\/\/akademie-tiertherapie.de\/veranstaltungen\/impressum\/\",\"name\":\"Impressum - Akademie f\u00fcr Tiertherapie - Veranstaltungen\",\"isPartOf\":{\"@id\":\"https:\/\/akademie-tiertherapie.de\/veranstaltungen\/#website\"},\"datePublished\":\"2021-08-11T10:43:28+00:00\",\"dateModified\":\"2025-05-07T10:02:20+00:00\",\"breadcrumb\":{\"@id\":\"https:\/\/akademie-tiertherapie.de\/veranstaltungen\/impressum\/#breadcrumb\"},\"inLanguage\":\"de\",\"potentialAction\":[{\"@type\":\"ReadAction\",\"target\":[\"https:\/\/akademie-tiertherapie.de\/veranstaltungen\/impressum\/\"]}]},{\"@type\":\"BreadcrumbList\",\"@id\":\"https:\/\/akademie-tiertherapie.de\/veranstaltungen\/impressum\/#breadcrumb\",\"itemListElement\":[{\"@type\":\"ListItem\",\"position\":1,\"name\":\"Startseite\",\"item\":\"https:\/\/akademie-tiertherapie.de\/veranstaltungen\/\"},{\"@type\":\"ListItem\",\"position\":2,\"name\":\"Impressum\"}]},{\"@type\":\"WebSite\",\"@id\":\"https:\/\/akademie-tiertherapie.de\/veranstaltungen\/#website\",\"url\":\"https:\/\/akademie-tiertherapie.de\/veranstaltungen\/\",\"name\":\"Akademie f\u00fcr Tiertherapie - Veranstaltungen\",\"description\":\"Akademie f\u00fcr Tiertherapeutische Berufe GmbH\",\"publisher\":{\"@id\":\"https:\/\/akademie-tiertherapie.de\/veranstaltungen\/#organization\"},\"potentialAction\":[{\"@type\":\"SearchAction\",\"target\":{\"@type\":\"EntryPoint\",\"urlTemplate\":\"https:\/\/akademie-tiertherapie.de\/veranstaltungen\/?s={search_term_string}\"},\"query-input\":{\"@type\":\"PropertyValueSpecification\",\"valueRequired\":true,\"valueName\":\"search_term_string\"}}],\"inLanguage\":\"de\"},{\"@type\":\"Organization\",\"@id\":\"https:\/\/akademie-tiertherapie.de\/veranstaltungen\/#organization\",\"name\":\"Akademie Tiertherapie\",\"url\":\"https:\/\/akademie-tiertherapie.de\/veranstaltungen\/\",\"logo\":{\"@type\":\"ImageObject\",\"inLanguage\":\"de\",\"@id\":\"https:\/\/akademie-tiertherapie.de\/veranstaltungen\/#\/schema\/logo\/image\/\",\"url\":\"https:\/\/akademie-tiertherapie.de\/veranstaltungen\/wp-content\/uploads\/2022\/03\/ALogoBrown726KB.png\",\"contentUrl\":\"https:\/\/akademie-tiertherapie.de\/veranstaltungen\/wp-content\/uploads\/2022\/03\/ALogoBrown726KB.png\",\"width\":2233,\"height\":2173,\"caption\":\"Akademie Tiertherapie\"},\"image\":{\"@id\":\"https:\/\/akademie-tiertherapie.de\/veranstaltungen\/#\/schema\/logo\/image\/\"},\"sameAs\":[\"https:\/\/www.facebook.com\/AkademieTier\",\"https:\/\/www.instagram.com\/akademietier\/\"]}]}<\/script>\n<!-- \/ Yoast SEO plugin. -->","yoast_head_json":{"title":"Impressum - Akademie f\u00fcr Tiertherapie - Veranstaltungen","robots":{"index":"index","follow":"follow","max-snippet":"max-snippet:-1","max-image-preview":"max-image-preview:large","max-video-preview":"max-video-preview:-1"},"canonical":"https:\/\/akademie-tiertherapie.de\/veranstaltungen\/impressum\/","og_locale":"de_DE","og_type":"article","og_title":"Impressum - Akademie f\u00fcr Tiertherapie - Veranstaltungen","og_description":"Akademie f\u00fcr Tiertherapeutische Berufe GmbH Gesch\u00e4ftsf\u00fchrerNicole Dr\u00fcschler + Kerstin MohrhardtOstheimer Allee 16a64832 BabenhausenTel.: +49 6073\/7248205E-Mail:\u00a0info@akademie-tiertherapie.de Umsatzsteuer-Identifikationsnummer gem. \u00a7 27a UStG: DE366958770 Inhaltlich verantwortlich gem. \u00a7 55 II RStV: Akademie f\u00fcr Tiertherapeutische Berufe GmbH (Adresse s.o.) Haftungsausschluss:Trotz sorgf\u00e4ltiger inhaltlicher Kontrollen \u00fcbernehmen wir keine Haftung f\u00fcr die Richtigkeit, Vollst\u00e4ndigkeit und Aktualit\u00e4t unserer Internetseiten sowie f\u00fcr die Inhalte [&hellip;]","og_url":"https:\/\/akademie-tiertherapie.de\/veranstaltungen\/impressum\/","og_site_name":"Akademie f\u00fcr Tiertherapie - Veranstaltungen","article_publisher":"https:\/\/www.facebook.com\/AkademieTier","article_modified_time":"2025-05-07T10:02:20+00:00","twitter_card":"summary_large_image","twitter_misc":{"Gesch\u00e4tzte Lesezeit":"1\u00a0Minute"},"schema":{"@context":"https:\/\/schema.org","@graph":[{"@type":"WebPage","@id":"https:\/\/akademie-tiertherapie.de\/veranstaltungen\/impressum\/","url":"https:\/\/akademie-tiertherapie.de\/veranstaltungen\/impressum\/","name":"Impressum - Akademie f\u00fcr Tiertherapie - Veranstaltungen","isPartOf":{"@id":"https:\/\/akademie-tiertherapie.de\/veranstaltungen\/#website"},"datePublished":"2021-08-11T10:43:28+00:00","dateModified":"2025-05-07T10:02:20+00:00","breadcrumb":{"@id":"https:\/\/akademie-tiertherapie.de\/veranstaltungen\/impressum\/#breadcrumb"},"inLanguage":"de","potentialAction":[{"@type":"ReadAction","target":["https:\/\/akademie-tiertherapie.de\/veranstaltungen\/impressum\/"]}]},{"@type":"BreadcrumbList","@id":"https:\/\/akademie-tiertherapie.de\/veranstaltungen\/impressum\/#breadcrumb","itemListElement":[{"@type":"ListItem","position":1,"name":"Startseite","item":"https:\/\/akademie-tiertherapie.de\/veranstaltungen\/"},{"@type":"ListItem","position":2,"name":"Impressum"}]},{"@type":"WebSite","@id":"https:\/\/akademie-tiertherapie.de\/veranstaltungen\/#website","url":"https:\/\/akademie-tiertherapie.de\/veranstaltungen\/","name":"Akademie f\u00fcr Tiertherapie - Veranstaltungen","description":"Akademie f\u00fcr Tiertherapeutische Berufe GmbH","publisher":{"@id":"https:\/\/akademie-tiertherapie.de\/veranstaltungen\/#organization"},"potentialAction":[{"@type":"SearchAction","target":{"@type":"EntryPoint","urlTemplate":"https:\/\/akademie-tiertherapie.de\/veranstaltungen\/?s={search_term_string}"},"query-input":{"@type":"PropertyValueSpecification","valueRequired":true,"valueName":"search_term_string"}}],"inLanguage":"de"},{"@type":"Organization","@id":"https:\/\/akademie-tiertherapie.de\/veranstaltungen\/#organization","name":"Akademie Tiertherapie","url":"https:\/\/akademie-tiertherapie.de\/veranstaltungen\/","logo":{"@type":"ImageObject","inLanguage":"de","@id":"https:\/\/akademie-tiertherapie.de\/veranstaltungen\/#\/schema\/logo\/image\/","url":"https:\/\/akademie-tiertherapie.de\/veranstaltungen\/wp-content\/uploads\/2022\/03\/ALogoBrown726KB.png","contentUrl":"https:\/\/akademie-tiertherapie.de\/veranstaltungen\/wp-content\/uploads\/2022\/03\/ALogoBrown726KB.png","width":2233,"height":2173,"caption":"Akademie Tiertherapie"},"image":{"@id":"https:\/\/akademie-tiertherapie.de\/veranstaltungen\/#\/schema\/logo\/image\/"},"sameAs":["https:\/\/www.facebook.com\/AkademieTier","https:\/\/www.instagram.com\/akademietier\/"]}]}},"_links":{"self":[{"href":"https:\/\/akademie-tiertherapie.de\/veranstaltungen\/wp-json\/wp\/v2\/pages\/1502","targetHints":{"allow":["GET"]}}],"collection":[{"href":"https:\/\/akademie-tiertherapie.de\/veranstaltungen\/wp-json\/wp\/v2\/pages"}],"about":[{"href":"https:\/\/akademie-tiertherapie.de\/veranstaltungen\/wp-json\/wp\/v2\/types\/page"}],"author":[{"embeddable":true,"href":"https:\/\/akademie-tiertherapie.de\/veranstaltungen\/wp-json\/wp\/v2\/users\/1"}],"replies":[{"embeddable":true,"href":"https:\/\/akademie-tiertherapie.de\/veranstaltungen\/wp-json\/wp\/v2\/comments?post=1502"}],"version-history":[{"count":13,"href":"https:\/\/akademie-tiertherapie.de\/veranstaltungen\/wp-json\/wp\/v2\/pages\/1502\/revisions"}],"predecessor-version":[{"id":4805,"href":"https:\/\/akademie-tiertherapie.de\/veranstaltungen\/wp-json\/wp\/v2\/pages\/1502\/revisions\/4805"}],"wp:attachment":[{"href":"https:\/\/akademie-tiertherapie.de\/veranstaltungen\/wp-json\/wp\/v2\/media?parent=1502"}],"curies":[{"name":"wp","href":"https:\/\/api.w.org\/{rel}","templated":true}]}}